{"id":1100,"date":"2023-11-28T21:23:01","date_gmt":"2023-11-28T20:23:01","guid":{"rendered":"https:\/\/www.turismocampdeturia.es\/turis\/?page_id=1100"},"modified":"2024-10-01T18:38:21","modified_gmt":"2024-10-01T16:38:21","slug":"iglesia-neogotica","status":"publish","type":"page","link":"https:\/\/www.turismocampdeturia.es\/turis\/benissno\/benissano-camp-de-essencies\/iglesia-neogotica\/","title":{"rendered":"Iglesia neog\u00f3tica de los Santos Reyes"},"content":{"rendered":"\n<figure class=\"wp-block-image alignfull size-full\"><img decoding=\"async\" width=\"1920\" height=\"817\" data-src=\"https:\/\/www.turismocampdeturia.es\/turis\/wp-content\/uploads\/2023\/11\/Benissano03Iglesia1.jpg\" alt=\"\" class=\"wp-image-962 lazyload\" data-srcset=\"https:\/\/www.turismocampdeturia.es\/turis\/wp-content\/uploads\/2023\/11\/Benissano03Iglesia1.jpg 1920w, https:\/\/www.turismocampdeturia.es\/turis\/wp-content\/uploads\/2023\/11\/Benissano03Iglesia1-300x128.jpg 300w, https:\/\/www.turismocampdeturia.es\/turis\/wp-content\/uploads\/2023\/11\/Benissano03Iglesia1-768x327.jpg 768w, https:\/\/www.turismocampdeturia.es\/turis\/wp-content\/uploads\/2023\/11\/Benissano03Iglesia1-1536x654.jpg 1536w, https:\/\/www.turismocampdeturia.es\/turis\/wp-content\/uploads\/2023\/11\/Benissano03Iglesia1-24x10.jpg 24w, https:\/\/www.turismocampdeturia.es\/turis\/wp-content\/uploads\/2023\/11\/Benissano03Iglesia1-48x20.jpg 48w, https:\/\/www.turismocampdeturia.es\/turis\/wp-content\/uploads\/2023\/11\/Benissano03Iglesia1-60x26.jpg 60w\" data-sizes=\"(max-width: 1920px) 100vw, 1920px\" src=\"data:image\/svg+xml;base64,PHN2ZyB3aWR0aD0iMSIgaGVpZ2h0PSIxIiB4bWxucz0iaHR0cDovL3d3dy53My5vcmcvMjAwMC9zdmciPjwvc3ZnPg==\" style=\"--smush-placeholder-width: 1920px; --smush-placeholder-aspect-ratio: 1920\/817;\" \/><\/figure>\n\n\n\n<div style=\"height:16px\" aria-hidden=\"true\" class=\"wp-block-spacer\"><\/div>\n\n\n\n<h1 class=\"wp-block-heading\" style=\"font-size:55px\"><strong><strong>Iglesia neog\u00f3tica de los Santos Reyes<\/strong><\/strong><\/h1>\n\n\n\n<p style=\"font-size:30px\"><\/p>\n\n\n\n<div class=\"wp-block-media-text is-stacked-on-mobile is-vertically-aligned-top has-black-color has-text-color has-link-color wp-elements-9d07d2646e1524c479d9f671eb6d2c87\" style=\"grid-template-columns:45% auto\"><figure class=\"wp-block-media-text__media\"><img decoding=\"async\" width=\"786\" height=\"1024\" data-src=\"https:\/\/www.turismocampdeturia.es\/turis\/wp-content\/uploads\/2023\/11\/Benissano03Iglesia2-786x1024.jpg\" alt=\"\" class=\"wp-image-963 size-full lazyload\" data-srcset=\"https:\/\/www.turismocampdeturia.es\/turis\/wp-content\/uploads\/2023\/11\/Benissano03Iglesia2-786x1024.jpg 786w, https:\/\/www.turismocampdeturia.es\/turis\/wp-content\/uploads\/2023\/11\/Benissano03Iglesia2-230x300.jpg 230w, https:\/\/www.turismocampdeturia.es\/turis\/wp-content\/uploads\/2023\/11\/Benissano03Iglesia2-768x1000.jpg 768w, https:\/\/www.turismocampdeturia.es\/turis\/wp-content\/uploads\/2023\/11\/Benissano03Iglesia2-18x24.jpg 18w, https:\/\/www.turismocampdeturia.es\/turis\/wp-content\/uploads\/2023\/11\/Benissano03Iglesia2-37x48.jpg 37w, https:\/\/www.turismocampdeturia.es\/turis\/wp-content\/uploads\/2023\/11\/Benissano03Iglesia2-46x60.jpg 46w, https:\/\/www.turismocampdeturia.es\/turis\/wp-content\/uploads\/2023\/11\/Benissano03Iglesia2.jpg 869w\" data-sizes=\"(max-width: 786px) 100vw, 786px\" src=\"data:image\/svg+xml;base64,PHN2ZyB3aWR0aD0iMSIgaGVpZ2h0PSIxIiB4bWxucz0iaHR0cDovL3d3dy53My5vcmcvMjAwMC9zdmciPjwvc3ZnPg==\" style=\"--smush-placeholder-width: 786px; --smush-placeholder-aspect-ratio: 786\/1024;\" \/><\/figure><div class=\"wp-block-media-text__content\">\n<h4>Existi\u00f3 una primitiva iglesia g\u00f3tica, y anteriormente una mezquita, pero la actual es del 1924, en la que se venera a la Virgen del Fundamento. Perduran tres cuadros de gran importancia de la antigua iglesia: el retablo de la Adoraci\u00f3n de los Santos Reyes del a\u00f1o 1500 atribuido a Pablo de San Leocadio; el Nazareno, valioso lienzo de Juan de Juanes de finales del s. XVI; y la Representaci\u00f3n de la Virgen de los Desamparados, bella pintura an\u00f3nima del s. XVII. Cuenta con la declaraci\u00f3n de BRL.<\/h4>\n<h4>\u00a0<\/h4>\n<\/div><\/div>\n\n\n\n<div style=\"height:15px\" aria-hidden=\"true\" class=\"wp-block-spacer\"><\/div>\n\n\n\n<div class=\"wp-block-cover alignwide\" style=\"min-height:182px;aspect-ratio:unset;\"><span aria-hidden=\"true\" class=\"wp-block-cover__background has-background-dim-100 has-background-dim\" style=\"background-color:#014441\"><\/span><div class=\"wp-block-cover__inner-container is-layout-constrained wp-block-cover-is-layout-constrained\">\n<div class=\"wp-block-columns is-layout-flex wp-container-core-columns-is-layout-9d6595d7 wp-block-columns-is-layout-flex\">\n<div class=\"wp-block-column is-layout-flow wp-block-column-is-layout-flow\">\n<figure class=\"wp-block-image size-full is-resized\"><img decoding=\"async\" width=\"566\" height=\"264\" data-src=\"https:\/\/www.turismocampdeturia.es\/turis\/wp-content\/uploads\/2023\/11\/botgaleria.png\" alt=\"\" class=\"wp-image-184 lazyload\" style=\"--smush-placeholder-width: 566px; --smush-placeholder-aspect-ratio: 566\/264;width:auto;height:80px\" data-srcset=\"https:\/\/www.turismocampdeturia.es\/turis\/wp-content\/uploads\/2023\/11\/botgaleria.png 566w, https:\/\/www.turismocampdeturia.es\/turis\/wp-content\/uploads\/2023\/11\/botgaleria-300x140.png 300w, https:\/\/www.turismocampdeturia.es\/turis\/wp-content\/uploads\/2023\/11\/botgaleria-24x11.png 24w, https:\/\/www.turismocampdeturia.es\/turis\/wp-content\/uploads\/2023\/11\/botgaleria-48x22.png 48w, https:\/\/www.turismocampdeturia.es\/turis\/wp-content\/uploads\/2023\/11\/botgaleria-60x28.png 60w\" data-sizes=\"(max-width: 566px) 100vw, 566px\" src=\"data:image\/svg+xml;base64,PHN2ZyB3aWR0aD0iMSIgaGVpZ2h0PSIxIiB4bWxucz0iaHR0cDovL3d3dy53My5vcmcvMjAwMC9zdmciPjwvc3ZnPg==\" \/><\/figure>\n<\/div>\n\n\n\n<div class=\"wp-block-column is-layout-flow wp-block-column-is-layout-flow\">\n<figure class=\"wp-block-image size-full is-resized\"><a href=\"#360\"><img decoding=\"async\" width=\"484\" height=\"264\" data-src=\"https:\/\/www.turismocampdeturia.es\/turis\/wp-content\/uploads\/2023\/11\/bothorario.png\" alt=\"\" class=\"wp-image-185 lazyload\" style=\"--smush-placeholder-width: 484px; --smush-placeholder-aspect-ratio: 484\/264;width:auto;height:80px\" data-srcset=\"https:\/\/www.turismocampdeturia.es\/turis\/wp-content\/uploads\/2023\/11\/bothorario.png 484w, https:\/\/www.turismocampdeturia.es\/turis\/wp-content\/uploads\/2023\/11\/bothorario-300x164.png 300w, https:\/\/www.turismocampdeturia.es\/turis\/wp-content\/uploads\/2023\/11\/bothorario-24x13.png 24w, https:\/\/www.turismocampdeturia.es\/turis\/wp-content\/uploads\/2023\/11\/bothorario-48x26.png 48w, https:\/\/www.turismocampdeturia.es\/turis\/wp-content\/uploads\/2023\/11\/bothorario-60x33.png 60w\" data-sizes=\"(max-width: 484px) 100vw, 484px\" src=\"data:image\/svg+xml;base64,PHN2ZyB3aWR0aD0iMSIgaGVpZ2h0PSIxIiB4bWxucz0iaHR0cDovL3d3dy53My5vcmcvMjAwMC9zdmciPjwvc3ZnPg==\" \/><\/a><\/figure>\n<\/div>\n\n\n\n<div class=\"wp-block-column is-layout-flow wp-block-column-is-layout-flow\">\n<figure class=\"wp-block-image size-full is-resized\"><a href=\"#horario\"><img decoding=\"async\" width=\"600\" height=\"264\" data-src=\"https:\/\/www.turismocampdeturia.es\/turis\/wp-content\/uploads\/2023\/11\/bothorario-1.png\" alt=\"\" class=\"wp-image-190 lazyload\" style=\"--smush-placeholder-width: 600px; --smush-placeholder-aspect-ratio: 600\/264;width:auto;height:80px\" data-srcset=\"https:\/\/www.turismocampdeturia.es\/turis\/wp-content\/uploads\/2023\/11\/bothorario-1.png 600w, https:\/\/www.turismocampdeturia.es\/turis\/wp-content\/uploads\/2023\/11\/bothorario-1-300x132.png 300w, https:\/\/www.turismocampdeturia.es\/turis\/wp-content\/uploads\/2023\/11\/bothorario-1-24x11.png 24w, https:\/\/www.turismocampdeturia.es\/turis\/wp-content\/uploads\/2023\/11\/bothorario-1-48x21.png 48w, https:\/\/www.turismocampdeturia.es\/turis\/wp-content\/uploads\/2023\/11\/bothorario-1-60x26.png 60w\" data-sizes=\"(max-width: 600px) 100vw, 600px\" src=\"data:image\/svg+xml;base64,PHN2ZyB3aWR0aD0iMSIgaGVpZ2h0PSIxIiB4bWxucz0iaHR0cDovL3d3dy53My5vcmcvMjAwMC9zdmciPjwvc3ZnPg==\" \/><\/a><\/figure>\n<\/div>\n\n\n\n<div class=\"wp-block-column is-layout-flow wp-block-column-is-layout-flow\">\n<figure class=\"wp-block-image size-full is-resized\"><a href=\"#mapa\"><img decoding=\"async\" width=\"788\" height=\"284\" data-src=\"https:\/\/www.turismocampdeturia.es\/turis\/wp-content\/uploads\/2023\/11\/botcomollegar.png\" alt=\"\" class=\"wp-image-186 lazyload\" style=\"--smush-placeholder-width: 788px; --smush-placeholder-aspect-ratio: 788\/284;width:auto;height:80px\" data-srcset=\"https:\/\/www.turismocampdeturia.es\/turis\/wp-content\/uploads\/2023\/11\/botcomollegar.png 788w, https:\/\/www.turismocampdeturia.es\/turis\/wp-content\/uploads\/2023\/11\/botcomollegar-300x108.png 300w, https:\/\/www.turismocampdeturia.es\/turis\/wp-content\/uploads\/2023\/11\/botcomollegar-768x277.png 768w, https:\/\/www.turismocampdeturia.es\/turis\/wp-content\/uploads\/2023\/11\/botcomollegar-24x9.png 24w, https:\/\/www.turismocampdeturia.es\/turis\/wp-content\/uploads\/2023\/11\/botcomollegar-48x17.png 48w, https:\/\/www.turismocampdeturia.es\/turis\/wp-content\/uploads\/2023\/11\/botcomollegar-60x22.png 60w\" data-sizes=\"(max-width: 788px) 100vw, 788px\" src=\"data:image\/svg+xml;base64,PHN2ZyB3aWR0aD0iMSIgaGVpZ2h0PSIxIiB4bWxucz0iaHR0cDovL3d3dy53My5vcmcvMjAwMC9zdmciPjwvc3ZnPg==\" \/><\/a><\/figure>\n<\/div>\n<\/div>\n<\/div><\/div>\n\n\n\n<div style=\"height:36px\" aria-hidden=\"true\" class=\"wp-block-spacer\"><\/div>\n\n\n\n<figure class=\"wp-block-gallery has-nested-images columns-4 is-cropped wp-block-gallery-1 is-layout-flex wp-block-gallery-is-layout-flex\">\n<figure class=\"wp-block-image size-large\"><a href=\"https:\/\/www.turismocampdeturia.es\/turis\/wp-content\/uploads\/2023\/11\/Benissano03Iglesia-G01.jpg\"><img decoding=\"async\" width=\"782\" height=\"1024\" data-id=\"1058\" data-src=\"https:\/\/www.turismocampdeturia.es\/turis\/wp-content\/uploads\/2023\/11\/Benissano03Iglesia-G01-782x1024.jpg\" alt=\"\" class=\"wp-image-1058 lazyload\" data-srcset=\"https:\/\/www.turismocampdeturia.es\/turis\/wp-content\/uploads\/2023\/11\/Benissano03Iglesia-G01-782x1024.jpg 782w, https:\/\/www.turismocampdeturia.es\/turis\/wp-content\/uploads\/2023\/11\/Benissano03Iglesia-G01-229x300.jpg 229w, https:\/\/www.turismocampdeturia.es\/turis\/wp-content\/uploads\/2023\/11\/Benissano03Iglesia-G01-768x1006.jpg 768w, https:\/\/www.turismocampdeturia.es\/turis\/wp-content\/uploads\/2023\/11\/Benissano03Iglesia-G01-1173x1536.jpg 1173w, https:\/\/www.turismocampdeturia.es\/turis\/wp-content\/uploads\/2023\/11\/Benissano03Iglesia-G01-18x24.jpg 18w, https:\/\/www.turismocampdeturia.es\/turis\/wp-content\/uploads\/2023\/11\/Benissano03Iglesia-G01-37x48.jpg 37w, https:\/\/www.turismocampdeturia.es\/turis\/wp-content\/uploads\/2023\/11\/Benissano03Iglesia-G01-46x60.jpg 46w, https:\/\/www.turismocampdeturia.es\/turis\/wp-content\/uploads\/2023\/11\/Benissano03Iglesia-G01.jpg 1466w\" data-sizes=\"(max-width: 782px) 100vw, 782px\" src=\"data:image\/svg+xml;base64,PHN2ZyB3aWR0aD0iMSIgaGVpZ2h0PSIxIiB4bWxucz0iaHR0cDovL3d3dy53My5vcmcvMjAwMC9zdmciPjwvc3ZnPg==\" style=\"--smush-placeholder-width: 782px; --smush-placeholder-aspect-ratio: 782\/1024;\" \/><\/a><\/figure>\n\n\n\n<figure class=\"wp-block-image size-large\"><a href=\"https:\/\/www.turismocampdeturia.es\/turis\/wp-content\/uploads\/2023\/11\/Benissano03Iglesia-G02.jpg\"><img decoding=\"async\" width=\"859\" height=\"1024\" data-id=\"1059\" data-src=\"https:\/\/www.turismocampdeturia.es\/turis\/wp-content\/uploads\/2023\/11\/Benissano03Iglesia-G02-859x1024.jpg\" alt=\"\" class=\"wp-image-1059 lazyload\" data-srcset=\"https:\/\/www.turismocampdeturia.es\/turis\/wp-content\/uploads\/2023\/11\/Benissano03Iglesia-G02-859x1024.jpg 859w, https:\/\/www.turismocampdeturia.es\/turis\/wp-content\/uploads\/2023\/11\/Benissano03Iglesia-G02-252x300.jpg 252w, https:\/\/www.turismocampdeturia.es\/turis\/wp-content\/uploads\/2023\/11\/Benissano03Iglesia-G02-768x915.jpg 768w, https:\/\/www.turismocampdeturia.es\/turis\/wp-content\/uploads\/2023\/11\/Benissano03Iglesia-G02-1289x1536.jpg 1289w, https:\/\/www.turismocampdeturia.es\/turis\/wp-content\/uploads\/2023\/11\/Benissano03Iglesia-G02-20x24.jpg 20w, https:\/\/www.turismocampdeturia.es\/turis\/wp-content\/uploads\/2023\/11\/Benissano03Iglesia-G02-40x48.jpg 40w, https:\/\/www.turismocampdeturia.es\/turis\/wp-content\/uploads\/2023\/11\/Benissano03Iglesia-G02-50x60.jpg 50w, https:\/\/www.turismocampdeturia.es\/turis\/wp-content\/uploads\/2023\/11\/Benissano03Iglesia-G02.jpg 1611w\" data-sizes=\"(max-width: 859px) 100vw, 859px\" src=\"data:image\/svg+xml;base64,PHN2ZyB3aWR0aD0iMSIgaGVpZ2h0PSIxIiB4bWxucz0iaHR0cDovL3d3dy53My5vcmcvMjAwMC9zdmciPjwvc3ZnPg==\" style=\"--smush-placeholder-width: 859px; --smush-placeholder-aspect-ratio: 859\/1024;\" \/><\/a><\/figure>\n\n\n\n<figure class=\"wp-block-image size-large\"><a href=\"https:\/\/www.turismocampdeturia.es\/turis\/wp-content\/uploads\/2023\/11\/Benissano03Iglesia-G03.jpg\"><img decoding=\"async\" width=\"995\" height=\"1024\" data-id=\"1060\" data-src=\"https:\/\/www.turismocampdeturia.es\/turis\/wp-content\/uploads\/2023\/11\/Benissano03Iglesia-G03-995x1024.jpg\" alt=\"\" class=\"wp-image-1060 lazyload\" data-srcset=\"https:\/\/www.turismocampdeturia.es\/turis\/wp-content\/uploads\/2023\/11\/Benissano03Iglesia-G03-995x1024.jpg 995w, https:\/\/www.turismocampdeturia.es\/turis\/wp-content\/uploads\/2023\/11\/Benissano03Iglesia-G03-292x300.jpg 292w, https:\/\/www.turismocampdeturia.es\/turis\/wp-content\/uploads\/2023\/11\/Benissano03Iglesia-G03-768x790.jpg 768w, https:\/\/www.turismocampdeturia.es\/turis\/wp-content\/uploads\/2023\/11\/Benissano03Iglesia-G03-1493x1536.jpg 1493w, https:\/\/www.turismocampdeturia.es\/turis\/wp-content\/uploads\/2023\/11\/Benissano03Iglesia-G03-24x24.jpg 24w, https:\/\/www.turismocampdeturia.es\/turis\/wp-content\/uploads\/2023\/11\/Benissano03Iglesia-G03-48x48.jpg 48w, https:\/\/www.turismocampdeturia.es\/turis\/wp-content\/uploads\/2023\/11\/Benissano03Iglesia-G03-58x60.jpg 58w, https:\/\/www.turismocampdeturia.es\/turis\/wp-content\/uploads\/2023\/11\/Benissano03Iglesia-G03.jpg 1866w\" data-sizes=\"(max-width: 995px) 100vw, 995px\" src=\"data:image\/svg+xml;base64,PHN2ZyB3aWR0aD0iMSIgaGVpZ2h0PSIxIiB4bWxucz0iaHR0cDovL3d3dy53My5vcmcvMjAwMC9zdmciPjwvc3ZnPg==\" style=\"--smush-placeholder-width: 995px; --smush-placeholder-aspect-ratio: 995\/1024;\" \/><\/a><\/figure>\n\n\n\n<figure class=\"wp-block-image size-large\"><a href=\"https:\/\/www.turismocampdeturia.es\/turis\/wp-content\/uploads\/2023\/11\/Benissano03Iglesia-G04.jpg\"><img decoding=\"async\" width=\"745\" height=\"1024\" data-id=\"1061\" data-src=\"https:\/\/www.turismocampdeturia.es\/turis\/wp-content\/uploads\/2023\/11\/Benissano03Iglesia-G04-745x1024.jpg\" alt=\"\" class=\"wp-image-1061 lazyload\" data-srcset=\"https:\/\/www.turismocampdeturia.es\/turis\/wp-content\/uploads\/2023\/11\/Benissano03Iglesia-G04-745x1024.jpg 745w, https:\/\/www.turismocampdeturia.es\/turis\/wp-content\/uploads\/2023\/11\/Benissano03Iglesia-G04-218x300.jpg 218w, https:\/\/www.turismocampdeturia.es\/turis\/wp-content\/uploads\/2023\/11\/Benissano03Iglesia-G04-768x1056.jpg 768w, https:\/\/www.turismocampdeturia.es\/turis\/wp-content\/uploads\/2023\/11\/Benissano03Iglesia-G04-1118x1536.jpg 1118w, https:\/\/www.turismocampdeturia.es\/turis\/wp-content\/uploads\/2023\/11\/Benissano03Iglesia-G04-17x24.jpg 17w, https:\/\/www.turismocampdeturia.es\/turis\/wp-content\/uploads\/2023\/11\/Benissano03Iglesia-G04-35x48.jpg 35w, https:\/\/www.turismocampdeturia.es\/turis\/wp-content\/uploads\/2023\/11\/Benissano03Iglesia-G04-44x60.jpg 44w, https:\/\/www.turismocampdeturia.es\/turis\/wp-content\/uploads\/2023\/11\/Benissano03Iglesia-G04.jpg 1397w\" data-sizes=\"(max-width: 745px) 100vw, 745px\" src=\"data:image\/svg+xml;base64,PHN2ZyB3aWR0aD0iMSIgaGVpZ2h0PSIxIiB4bWxucz0iaHR0cDovL3d3dy53My5vcmcvMjAwMC9zdmciPjwvc3ZnPg==\" style=\"--smush-placeholder-width: 745px; --smush-placeholder-aspect-ratio: 745\/1024;\" \/><\/a><\/figure>\n\n\n\n<figure class=\"wp-block-image size-large\"><a href=\"https:\/\/www.turismocampdeturia.es\/turis\/wp-content\/uploads\/2023\/11\/Benissano03Iglesia-G05.jpg\"><img decoding=\"async\" width=\"698\" height=\"1024\" data-id=\"1062\" data-src=\"https:\/\/www.turismocampdeturia.es\/turis\/wp-content\/uploads\/2023\/11\/Benissano03Iglesia-G05-698x1024.jpg\" alt=\"\" class=\"wp-image-1062 lazyload\" data-srcset=\"https:\/\/www.turismocampdeturia.es\/turis\/wp-content\/uploads\/2023\/11\/Benissano03Iglesia-G05-698x1024.jpg 698w, https:\/\/www.turismocampdeturia.es\/turis\/wp-content\/uploads\/2023\/11\/Benissano03Iglesia-G05-204x300.jpg 204w, https:\/\/www.turismocampdeturia.es\/turis\/wp-content\/uploads\/2023\/11\/Benissano03Iglesia-G05-768x1127.jpg 768w, https:\/\/www.turismocampdeturia.es\/turis\/wp-content\/uploads\/2023\/11\/Benissano03Iglesia-G05-1046x1536.jpg 1046w, https:\/\/www.turismocampdeturia.es\/turis\/wp-content\/uploads\/2023\/11\/Benissano03Iglesia-G05-16x24.jpg 16w, https:\/\/www.turismocampdeturia.es\/turis\/wp-content\/uploads\/2023\/11\/Benissano03Iglesia-G05-33x48.jpg 33w, https:\/\/www.turismocampdeturia.es\/turis\/wp-content\/uploads\/2023\/11\/Benissano03Iglesia-G05-41x60.jpg 41w, https:\/\/www.turismocampdeturia.es\/turis\/wp-content\/uploads\/2023\/11\/Benissano03Iglesia-G05.jpg 1308w\" data-sizes=\"(max-width: 698px) 100vw, 698px\" src=\"data:image\/svg+xml;base64,PHN2ZyB3aWR0aD0iMSIgaGVpZ2h0PSIxIiB4bWxucz0iaHR0cDovL3d3dy53My5vcmcvMjAwMC9zdmciPjwvc3ZnPg==\" style=\"--smush-placeholder-width: 698px; --smush-placeholder-aspect-ratio: 698\/1024;\" \/><\/a><\/figure>\n\n\n\n<figure class=\"wp-block-image size-large\"><a href=\"https:\/\/www.turismocampdeturia.es\/turis\/wp-content\/uploads\/2023\/11\/Benissano03Iglesia-G06.jpg\"><img decoding=\"async\" width=\"805\" height=\"1024\" data-id=\"1057\" data-src=\"https:\/\/www.turismocampdeturia.es\/turis\/wp-content\/uploads\/2023\/11\/Benissano03Iglesia-G06-805x1024.jpg\" alt=\"\" class=\"wp-image-1057 lazyload\" data-srcset=\"https:\/\/www.turismocampdeturia.es\/turis\/wp-content\/uploads\/2023\/11\/Benissano03Iglesia-G06-805x1024.jpg 805w, https:\/\/www.turismocampdeturia.es\/turis\/wp-content\/uploads\/2023\/11\/Benissano03Iglesia-G06-236x300.jpg 236w, https:\/\/www.turismocampdeturia.es\/turis\/wp-content\/uploads\/2023\/11\/Benissano03Iglesia-G06-768x977.jpg 768w, https:\/\/www.turismocampdeturia.es\/turis\/wp-content\/uploads\/2023\/11\/Benissano03Iglesia-G06-1207x1536.jpg 1207w, https:\/\/www.turismocampdeturia.es\/turis\/wp-content\/uploads\/2023\/11\/Benissano03Iglesia-G06-19x24.jpg 19w, https:\/\/www.turismocampdeturia.es\/turis\/wp-content\/uploads\/2023\/11\/Benissano03Iglesia-G06-38x48.jpg 38w, https:\/\/www.turismocampdeturia.es\/turis\/wp-content\/uploads\/2023\/11\/Benissano03Iglesia-G06-47x60.jpg 47w, https:\/\/www.turismocampdeturia.es\/turis\/wp-content\/uploads\/2023\/11\/Benissano03Iglesia-G06.jpg 1509w\" data-sizes=\"(max-width: 805px) 100vw, 805px\" src=\"data:image\/svg+xml;base64,PHN2ZyB3aWR0aD0iMSIgaGVpZ2h0PSIxIiB4bWxucz0iaHR0cDovL3d3dy53My5vcmcvMjAwMC9zdmciPjwvc3ZnPg==\" style=\"--smush-placeholder-width: 805px; --smush-placeholder-aspect-ratio: 805\/1024;\" \/><\/a><\/figure>\n<\/figure>\n\n\n\n<div style=\"height:57px\" aria-hidden=\"true\" class=\"wp-block-spacer\"><\/div>\n\n\n<p id=\"360\"><iframe style=\"border: 0;\" data-src=\"https:\/\/www.turismocampdeturia.es\/360\/benisano\/IglesiaBenisano\/\" width=\"100%\" height=\"450\" allowfullscreen=\"allowfullscreen\" src=\"data:image\/svg+xml;base64,PHN2ZyB3aWR0aD0iMSIgaGVpZ2h0PSIxIiB4bWxucz0iaHR0cDovL3d3dy53My5vcmcvMjAwMC9zdmciPjwvc3ZnPg==\" class=\"lazyload\" data-load-mode=\"1\"><\/iframe><\/p>\n\n\n<div class=\"wp-block-cover\" style=\"min-height:272px;aspect-ratio:unset;\"><span aria-hidden=\"true\" class=\"wp-block-cover__background has-background-dim-100 has-background-dim\" style=\"background-color:#014441\"><\/span><div class=\"wp-block-cover__inner-container is-layout-constrained wp-block-cover-is-layout-constrained\">\n<div class=\"wp-block-columns is-layout-flex wp-container-core-columns-is-layout-9d6595d7 wp-block-columns-is-layout-flex\">\n<div class=\"wp-block-column is-layout-flow wp-block-column-is-layout-flow\">\n<h2 class=\"wp-block-heading has-text-align-left\" id=\"horario\">Horario<\/h2>\n\n\n\n<p>Visita en Horario de Misas<\/p>\n\n\n\n<p><\/p>\n<\/div>\n<\/div>\n<\/div><\/div>\n\n\n\n<div style=\"height:53px\" aria-hidden=\"true\" class=\"wp-block-spacer\"><\/div>\n\n\n<p id=\"mapa\"><iframe style=\"border: 0;\" data-src=\"https:\/\/www.google.com\/maps\/embed?pb=!1m17!1m12!1m3!1d3073.6052980514155!2d-0.5801649233301128!3d39.61357297158002!2m3!1f0!2f0!3f0!3m2!1i1024!2i768!4f13.1!3m2!1m1!2zMznCsDM2JzQ4LjkiTiAwwrAzNCczOS4zIlc!5e0!3m2!1ses!2ses!4v1701205189148!5m2!1ses!2ses\" width=\"100%\" height=\"450\" allowfullscreen=\"allowfullscreen\" src=\"data:image\/svg+xml;base64,PHN2ZyB3aWR0aD0iMSIgaGVpZ2h0PSIxIiB4bWxucz0iaHR0cDovL3d3dy53My5vcmcvMjAwMC9zdmciPjwvc3ZnPg==\" class=\"lazyload\" data-load-mode=\"1\"><\/iframe><\/p>\n\n\n<div style=\"height:35px\" aria-hidden=\"true\" class=\"wp-block-spacer\"><\/div>\n\n\n\n<div class=\"wp-block-columns is-layout-flex wp-container-core-columns-is-layout-9d6595d7 wp-block-columns-is-layout-flex\">\n<div class=\"wp-block-column is-layout-flow wp-block-column-is-layout-flow\">\n<figure class=\"wp-block-image size-full is-resized\"><img decoding=\"async\" width=\"800\" height=\"600\" data-src=\"https:\/\/www.turismocampdeturia.es\/turis\/wp-content\/uploads\/2023\/11\/logomini.png\" alt=\"\" class=\"wp-image-27 lazyload\" style=\"--smush-placeholder-width: 800px; --smush-placeholder-aspect-ratio: 800\/600;width:220px\" data-srcset=\"https:\/\/www.turismocampdeturia.es\/turis\/wp-content\/uploads\/2023\/11\/logomini.png 800w, https:\/\/www.turismocampdeturia.es\/turis\/wp-content\/uploads\/2023\/11\/logomini-300x225.png 300w, https:\/\/www.turismocampdeturia.es\/turis\/wp-content\/uploads\/2023\/11\/logomini-768x576.png 768w, https:\/\/www.turismocampdeturia.es\/turis\/wp-content\/uploads\/2023\/11\/logomini-24x18.png 24w, https:\/\/www.turismocampdeturia.es\/turis\/wp-content\/uploads\/2023\/11\/logomini-48x36.png 48w, https:\/\/www.turismocampdeturia.es\/turis\/wp-content\/uploads\/2023\/11\/logomini-60x45.png 60w\" data-sizes=\"(max-width: 800px) 100vw, 800px\" src=\"data:image\/svg+xml;base64,PHN2ZyB3aWR0aD0iMSIgaGVpZ2h0PSIxIiB4bWxucz0iaHR0cDovL3d3dy53My5vcmcvMjAwMC9zdmciPjwvc3ZnPg==\" \/><\/figure>\n<\/div>\n\n\n\n<div class=\"wp-block-column is-layout-flow wp-block-column-is-layout-flow\"><\/div>\n\n\n\n<div class=\"wp-block-column is-layout-flow wp-block-column-is-layout-flow\"><\/div>\n<\/div>\n","protected":false},"excerpt":{"rendered":"<p>Iglesia neog\u00f3tica de los Santos Reyes Existi\u00f3 una primitiva iglesia g\u00f3tica, y anteriormente una mezquita, pero la actual es del 1924, en la que se venera a la Virgen del Fundamento. Perduran<a class=\"moretag\" href=\"https:\/\/www.turismocampdeturia.es\/turis\/benissno\/benissano-camp-de-essencies\/iglesia-neogotica\/\">Leer m\u00e1s&#8230;<\/a><\/p>\n","protected":false},"author":1,"featured_media":0,"parent":953,"menu_order":2,"comment_status":"closed","ping_status":"closed","template":"","meta":{"footnotes":""},"class_list":["post-1100","page","type-page","status-publish","hentry"],"_links":{"self":[{"href":"https:\/\/www.turismocampdeturia.es\/turis\/wp-json\/wp\/v2\/pages\/1100","targetHints":{"allow":["GET"]}}],"collection":[{"href":"https:\/\/www.turismocampdeturia.es\/turis\/wp-json\/wp\/v2\/pages"}],"about":[{"href":"https:\/\/www.turismocampdeturia.es\/turis\/wp-json\/wp\/v2\/types\/page"}],"author":[{"embeddable":true,"href":"https:\/\/www.turismocampdeturia.es\/turis\/wp-json\/wp\/v2\/users\/1"}],"replies":[{"embeddable":true,"href":"https:\/\/www.turismocampdeturia.es\/turis\/wp-json\/wp\/v2\/comments?post=1100"}],"version-history":[{"count":9,"href":"https:\/\/www.turismocampdeturia.es\/turis\/wp-json\/wp\/v2\/pages\/1100\/revisions"}],"predecessor-version":[{"id":7325,"href":"https:\/\/www.turismocampdeturia.es\/turis\/wp-json\/wp\/v2\/pages\/1100\/revisions\/7325"}],"up":[{"embeddable":true,"href":"https:\/\/www.turismocampdeturia.es\/turis\/wp-json\/wp\/v2\/pages\/953"}],"wp:attachment":[{"href":"https:\/\/www.turismocampdeturia.es\/turis\/wp-json\/wp\/v2\/media?parent=1100"}],"curies":[{"name":"wp","href":"https:\/\/api.w.org\/{rel}","templated":true}]}}