{"id":1347,"date":"2023-11-29T12:18:17","date_gmt":"2023-11-29T11:18:17","guid":{"rendered":"https:\/\/www.turismocampdeturia.es\/turis\/?page_id=1347"},"modified":"2024-07-04T00:57:15","modified_gmt":"2024-07-03T22:57:15","slug":"betera-betera","status":"publish","type":"page","link":"https:\/\/www.turismocampdeturia.es\/turis\/betera\/betera-betera\/","title":{"rendered":"B\u00e9tera B\u00e9tera"},"content":{"rendered":"\n<figure class=\"wp-block-image alignfull size-full\"><img decoding=\"async\" width=\"1920\" height=\"817\" data-src=\"https:\/\/www.turismocampdeturia.es\/turis\/wp-content\/uploads\/2023\/11\/Betera0a.jpg\" alt=\"\" class=\"wp-image-1182 lazyload\" data-srcset=\"https:\/\/www.turismocampdeturia.es\/turis\/wp-content\/uploads\/2023\/11\/Betera0a.jpg 1920w, https:\/\/www.turismocampdeturia.es\/turis\/wp-content\/uploads\/2023\/11\/Betera0a-300x128.jpg 300w, https:\/\/www.turismocampdeturia.es\/turis\/wp-content\/uploads\/2023\/11\/Betera0a-768x327.jpg 768w, https:\/\/www.turismocampdeturia.es\/turis\/wp-content\/uploads\/2023\/11\/Betera0a-1536x654.jpg 1536w, https:\/\/www.turismocampdeturia.es\/turis\/wp-content\/uploads\/2023\/11\/Betera0a-24x10.jpg 24w, https:\/\/www.turismocampdeturia.es\/turis\/wp-content\/uploads\/2023\/11\/Betera0a-48x20.jpg 48w, https:\/\/www.turismocampdeturia.es\/turis\/wp-content\/uploads\/2023\/11\/Betera0a-60x26.jpg 60w\" data-sizes=\"(max-width: 1920px) 100vw, 1920px\" src=\"data:image\/svg+xml;base64,PHN2ZyB3aWR0aD0iMSIgaGVpZ2h0PSIxIiB4bWxucz0iaHR0cDovL3d3dy53My5vcmcvMjAwMC9zdmciPjwvc3ZnPg==\" style=\"--smush-placeholder-width: 1920px; --smush-placeholder-aspect-ratio: 1920\/817;\" \/><\/figure>\n\n\n\n<div style=\"height:16px\" aria-hidden=\"true\" class=\"wp-block-spacer\"><\/div>\n\n\n\n<h1 class=\"wp-block-heading\" style=\"font-size:55px\"><strong>B\u00e9tera<\/strong><\/h1>\n\n\n\n<p style=\"font-size:30px\"><\/p>\n\n\n\n<div class=\"wp-block-media-text is-stacked-on-mobile is-vertically-aligned-top has-black-color has-text-color has-link-color wp-elements-bf921cf68d3305dd8bc7aadef3e50bc8\" style=\"grid-template-columns:45% auto\"><figure class=\"wp-block-media-text__media\"><img decoding=\"async\" width=\"810\" height=\"1024\" data-src=\"https:\/\/www.turismocampdeturia.es\/turis\/wp-content\/uploads\/2023\/11\/Betera00Pueblo-G10-810x1024.jpg\" alt=\"\" class=\"wp-image-1349 size-full lazyload\" data-srcset=\"https:\/\/www.turismocampdeturia.es\/turis\/wp-content\/uploads\/2023\/11\/Betera00Pueblo-G10-810x1024.jpg 810w, https:\/\/www.turismocampdeturia.es\/turis\/wp-content\/uploads\/2023\/11\/Betera00Pueblo-G10-237x300.jpg 237w, https:\/\/www.turismocampdeturia.es\/turis\/wp-content\/uploads\/2023\/11\/Betera00Pueblo-G10-768x971.jpg 768w, https:\/\/www.turismocampdeturia.es\/turis\/wp-content\/uploads\/2023\/11\/Betera00Pueblo-G10-1214x1536.jpg 1214w, https:\/\/www.turismocampdeturia.es\/turis\/wp-content\/uploads\/2023\/11\/Betera00Pueblo-G10-19x24.jpg 19w, https:\/\/www.turismocampdeturia.es\/turis\/wp-content\/uploads\/2023\/11\/Betera00Pueblo-G10-38x48.jpg 38w, https:\/\/www.turismocampdeturia.es\/turis\/wp-content\/uploads\/2023\/11\/Betera00Pueblo-G10-47x60.jpg 47w, https:\/\/www.turismocampdeturia.es\/turis\/wp-content\/uploads\/2023\/11\/Betera00Pueblo-G10.jpg 1518w\" data-sizes=\"(max-width: 810px) 100vw, 810px\" src=\"data:image\/svg+xml;base64,PHN2ZyB3aWR0aD0iMSIgaGVpZ2h0PSIxIiB4bWxucz0iaHR0cDovL3d3dy53My5vcmcvMjAwMC9zdmciPjwvc3ZnPg==\" style=\"--smush-placeholder-width: 810px; --smush-placeholder-aspect-ratio: 810\/1024;\" \/><\/figure><div class=\"wp-block-media-text__content\">\n<h4>B\u00e9tera situada a los pies del Parque Natural de la Sierra Calderona, huele a plantas arom\u00e1ticas y tradiciones. Este excepcional entorno natural, y su cercan\u00eda a Valencia, lo convierten en un magn\u00edfico destino para el turismo residencial. Su tranquilidad y numerosos atractivos la convierten tambi\u00e9n en destino de Turismo de Congresos por su situaci\u00f3n privilegiada cerca del Palacio de Congresos y la Feria de Muestras.<\/h4>\n<h4>\u00a0<\/h4>\n<\/div><\/div>\n\n\n\n<div style=\"height:15px\" aria-hidden=\"true\" class=\"wp-block-spacer\"><\/div>\n\n\n\n<div class=\"wp-block-cover alignwide\" style=\"min-height:182px;aspect-ratio:unset;\"><span aria-hidden=\"true\" class=\"wp-block-cover__background has-background-dim-100 has-background-dim\" style=\"background-color:#014441\"><\/span><div class=\"wp-block-cover__inner-container is-layout-constrained wp-block-cover-is-layout-constrained\">\n<div class=\"wp-block-columns is-layout-flex wp-container-core-columns-is-layout-9d6595d7 wp-block-columns-is-layout-flex\">\n<div class=\"wp-block-column is-layout-flow wp-block-column-is-layout-flow\">\n<figure class=\"wp-block-image size-full is-resized\"><img decoding=\"async\" width=\"566\" height=\"264\" data-src=\"https:\/\/www.turismocampdeturia.es\/turis\/wp-content\/uploads\/2023\/11\/botgaleria.png\" alt=\"\" class=\"wp-image-184 lazyload\" style=\"--smush-placeholder-width: 566px; --smush-placeholder-aspect-ratio: 566\/264;width:auto;height:80px\" data-srcset=\"https:\/\/www.turismocampdeturia.es\/turis\/wp-content\/uploads\/2023\/11\/botgaleria.png 566w, https:\/\/www.turismocampdeturia.es\/turis\/wp-content\/uploads\/2023\/11\/botgaleria-300x140.png 300w, https:\/\/www.turismocampdeturia.es\/turis\/wp-content\/uploads\/2023\/11\/botgaleria-24x11.png 24w, https:\/\/www.turismocampdeturia.es\/turis\/wp-content\/uploads\/2023\/11\/botgaleria-48x22.png 48w, https:\/\/www.turismocampdeturia.es\/turis\/wp-content\/uploads\/2023\/11\/botgaleria-60x28.png 60w\" data-sizes=\"(max-width: 566px) 100vw, 566px\" src=\"data:image\/svg+xml;base64,PHN2ZyB3aWR0aD0iMSIgaGVpZ2h0PSIxIiB4bWxucz0iaHR0cDovL3d3dy53My5vcmcvMjAwMC9zdmciPjwvc3ZnPg==\" \/><\/figure>\n<\/div>\n\n\n\n<div class=\"wp-block-column is-layout-flow wp-block-column-is-layout-flow\">\n<figure class=\"wp-block-image size-full is-resized\"><img decoding=\"async\" width=\"484\" height=\"264\" data-src=\"https:\/\/www.turismocampdeturia.es\/turis\/wp-content\/uploads\/2023\/11\/bothorario.png\" alt=\"\" class=\"wp-image-185 lazyload\" style=\"--smush-placeholder-width: 484px; --smush-placeholder-aspect-ratio: 484\/264;width:auto;height:80px\" data-srcset=\"https:\/\/www.turismocampdeturia.es\/turis\/wp-content\/uploads\/2023\/11\/bothorario.png 484w, https:\/\/www.turismocampdeturia.es\/turis\/wp-content\/uploads\/2023\/11\/bothorario-300x164.png 300w, https:\/\/www.turismocampdeturia.es\/turis\/wp-content\/uploads\/2023\/11\/bothorario-24x13.png 24w, https:\/\/www.turismocampdeturia.es\/turis\/wp-content\/uploads\/2023\/11\/bothorario-48x26.png 48w, https:\/\/www.turismocampdeturia.es\/turis\/wp-content\/uploads\/2023\/11\/bothorario-60x33.png 60w\" data-sizes=\"(max-width: 484px) 100vw, 484px\" src=\"data:image\/svg+xml;base64,PHN2ZyB3aWR0aD0iMSIgaGVpZ2h0PSIxIiB4bWxucz0iaHR0cDovL3d3dy53My5vcmcvMjAwMC9zdmciPjwvc3ZnPg==\" \/><\/figure>\n<\/div>\n\n\n\n<div class=\"wp-block-column is-layout-flow wp-block-column-is-layout-flow\">\n<figure class=\"wp-block-image size-full is-resized wp-duotone-rgb515151-ccc-1\"><a href=\"#horario\"><img decoding=\"async\" width=\"600\" height=\"264\" data-src=\"https:\/\/www.turismocampdeturia.es\/turis\/wp-content\/uploads\/2023\/11\/bothorario-1.png\" alt=\"\" class=\"wp-image-190 lazyload\" style=\"--smush-placeholder-width: 600px; --smush-placeholder-aspect-ratio: 600\/264;width:auto;height:80px\" data-srcset=\"https:\/\/www.turismocampdeturia.es\/turis\/wp-content\/uploads\/2023\/11\/bothorario-1.png 600w, https:\/\/www.turismocampdeturia.es\/turis\/wp-content\/uploads\/2023\/11\/bothorario-1-300x132.png 300w, https:\/\/www.turismocampdeturia.es\/turis\/wp-content\/uploads\/2023\/11\/bothorario-1-24x11.png 24w, https:\/\/www.turismocampdeturia.es\/turis\/wp-content\/uploads\/2023\/11\/bothorario-1-48x21.png 48w, https:\/\/www.turismocampdeturia.es\/turis\/wp-content\/uploads\/2023\/11\/bothorario-1-60x26.png 60w\" data-sizes=\"(max-width: 600px) 100vw, 600px\" src=\"data:image\/svg+xml;base64,PHN2ZyB3aWR0aD0iMSIgaGVpZ2h0PSIxIiB4bWxucz0iaHR0cDovL3d3dy53My5vcmcvMjAwMC9zdmciPjwvc3ZnPg==\" \/><\/a><\/figure>\n<\/div>\n\n\n\n<div class=\"wp-block-column is-layout-flow wp-block-column-is-layout-flow\">\n<figure class=\"wp-block-image size-full is-resized\"><a href=\"#mapa\"><img decoding=\"async\" width=\"788\" height=\"284\" data-src=\"https:\/\/www.turismocampdeturia.es\/turis\/wp-content\/uploads\/2023\/11\/botcomollegar.png\" alt=\"\" class=\"wp-image-186 lazyload\" style=\"--smush-placeholder-width: 788px; --smush-placeholder-aspect-ratio: 788\/284;width:auto;height:80px\" data-srcset=\"https:\/\/www.turismocampdeturia.es\/turis\/wp-content\/uploads\/2023\/11\/botcomollegar.png 788w, https:\/\/www.turismocampdeturia.es\/turis\/wp-content\/uploads\/2023\/11\/botcomollegar-300x108.png 300w, https:\/\/www.turismocampdeturia.es\/turis\/wp-content\/uploads\/2023\/11\/botcomollegar-768x277.png 768w, https:\/\/www.turismocampdeturia.es\/turis\/wp-content\/uploads\/2023\/11\/botcomollegar-24x9.png 24w, https:\/\/www.turismocampdeturia.es\/turis\/wp-content\/uploads\/2023\/11\/botcomollegar-48x17.png 48w, https:\/\/www.turismocampdeturia.es\/turis\/wp-content\/uploads\/2023\/11\/botcomollegar-60x22.png 60w\" data-sizes=\"(max-width: 788px) 100vw, 788px\" src=\"data:image\/svg+xml;base64,PHN2ZyB3aWR0aD0iMSIgaGVpZ2h0PSIxIiB4bWxucz0iaHR0cDovL3d3dy53My5vcmcvMjAwMC9zdmciPjwvc3ZnPg==\" \/><\/a><\/figure>\n<\/div>\n<\/div>\n<\/div><\/div>\n\n\n\n<div style=\"height:36px\" aria-hidden=\"true\" class=\"wp-block-spacer\"><\/div>\n\n\n\n<figure class=\"wp-block-gallery has-nested-images columns-default is-cropped wp-block-gallery-2 is-layout-flex wp-block-gallery-is-layout-flex\">\n<figure class=\"wp-block-image size-large\"><a href=\"https:\/\/www.turismocampdeturia.es\/turis\/?attachment_id=1349\"><img decoding=\"async\" width=\"810\" height=\"1024\" data-id=\"1349\" data-src=\"https:\/\/www.turismocampdeturia.es\/turis\/wp-content\/uploads\/2023\/11\/Betera00Pueblo-G10-810x1024.jpg\" alt=\"\" class=\"wp-image-1349 lazyload\" data-srcset=\"https:\/\/www.turismocampdeturia.es\/turis\/wp-content\/uploads\/2023\/11\/Betera00Pueblo-G10-810x1024.jpg 810w, https:\/\/www.turismocampdeturia.es\/turis\/wp-content\/uploads\/2023\/11\/Betera00Pueblo-G10-237x300.jpg 237w, https:\/\/www.turismocampdeturia.es\/turis\/wp-content\/uploads\/2023\/11\/Betera00Pueblo-G10-768x971.jpg 768w, https:\/\/www.turismocampdeturia.es\/turis\/wp-content\/uploads\/2023\/11\/Betera00Pueblo-G10-1214x1536.jpg 1214w, https:\/\/www.turismocampdeturia.es\/turis\/wp-content\/uploads\/2023\/11\/Betera00Pueblo-G10-19x24.jpg 19w, https:\/\/www.turismocampdeturia.es\/turis\/wp-content\/uploads\/2023\/11\/Betera00Pueblo-G10-38x48.jpg 38w, https:\/\/www.turismocampdeturia.es\/turis\/wp-content\/uploads\/2023\/11\/Betera00Pueblo-G10-47x60.jpg 47w, https:\/\/www.turismocampdeturia.es\/turis\/wp-content\/uploads\/2023\/11\/Betera00Pueblo-G10.jpg 1518w\" data-sizes=\"(max-width: 810px) 100vw, 810px\" src=\"data:image\/svg+xml;base64,PHN2ZyB3aWR0aD0iMSIgaGVpZ2h0PSIxIiB4bWxucz0iaHR0cDovL3d3dy53My5vcmcvMjAwMC9zdmciPjwvc3ZnPg==\" style=\"--smush-placeholder-width: 810px; --smush-placeholder-aspect-ratio: 810\/1024;\" \/><\/a><\/figure>\n\n\n\n<figure class=\"wp-block-image size-large\"><a href=\"https:\/\/www.turismocampdeturia.es\/turis\/?attachment_id=1350\"><img decoding=\"async\" width=\"744\" height=\"1024\" data-id=\"1350\" data-src=\"https:\/\/www.turismocampdeturia.es\/turis\/wp-content\/uploads\/2023\/11\/Betera00Pueblo-G01-744x1024.jpg\" alt=\"\" class=\"wp-image-1350 lazyload\" data-srcset=\"https:\/\/www.turismocampdeturia.es\/turis\/wp-content\/uploads\/2023\/11\/Betera00Pueblo-G01-744x1024.jpg 744w, https:\/\/www.turismocampdeturia.es\/turis\/wp-content\/uploads\/2023\/11\/Betera00Pueblo-G01-218x300.jpg 218w, https:\/\/www.turismocampdeturia.es\/turis\/wp-content\/uploads\/2023\/11\/Betera00Pueblo-G01-768x1057.jpg 768w, https:\/\/www.turismocampdeturia.es\/turis\/wp-content\/uploads\/2023\/11\/Betera00Pueblo-G01-1116x1536.jpg 1116w, https:\/\/www.turismocampdeturia.es\/turis\/wp-content\/uploads\/2023\/11\/Betera00Pueblo-G01-17x24.jpg 17w, https:\/\/www.turismocampdeturia.es\/turis\/wp-content\/uploads\/2023\/11\/Betera00Pueblo-G01-35x48.jpg 35w, https:\/\/www.turismocampdeturia.es\/turis\/wp-content\/uploads\/2023\/11\/Betera00Pueblo-G01-44x60.jpg 44w, https:\/\/www.turismocampdeturia.es\/turis\/wp-content\/uploads\/2023\/11\/Betera00Pueblo-G01.jpg 1395w\" data-sizes=\"(max-width: 744px) 100vw, 744px\" src=\"data:image\/svg+xml;base64,PHN2ZyB3aWR0aD0iMSIgaGVpZ2h0PSIxIiB4bWxucz0iaHR0cDovL3d3dy53My5vcmcvMjAwMC9zdmciPjwvc3ZnPg==\" style=\"--smush-placeholder-width: 744px; --smush-placeholder-aspect-ratio: 744\/1024;\" \/><\/a><\/figure>\n\n\n\n<figure class=\"wp-block-image size-large\"><a href=\"https:\/\/www.turismocampdeturia.es\/turis\/?attachment_id=1351\"><img decoding=\"async\" width=\"779\" height=\"1024\" data-id=\"1351\" data-src=\"https:\/\/www.turismocampdeturia.es\/turis\/wp-content\/uploads\/2023\/11\/Betera00Pueblo-G02-779x1024.jpg\" alt=\"\" class=\"wp-image-1351 lazyload\" data-srcset=\"https:\/\/www.turismocampdeturia.es\/turis\/wp-content\/uploads\/2023\/11\/Betera00Pueblo-G02-779x1024.jpg 779w, https:\/\/www.turismocampdeturia.es\/turis\/wp-content\/uploads\/2023\/11\/Betera00Pueblo-G02-228x300.jpg 228w, https:\/\/www.turismocampdeturia.es\/turis\/wp-content\/uploads\/2023\/11\/Betera00Pueblo-G02-768x1009.jpg 768w, https:\/\/www.turismocampdeturia.es\/turis\/wp-content\/uploads\/2023\/11\/Betera00Pueblo-G02-1169x1536.jpg 1169w, https:\/\/www.turismocampdeturia.es\/turis\/wp-content\/uploads\/2023\/11\/Betera00Pueblo-G02-18x24.jpg 18w, https:\/\/www.turismocampdeturia.es\/turis\/wp-content\/uploads\/2023\/11\/Betera00Pueblo-G02-37x48.jpg 37w, https:\/\/www.turismocampdeturia.es\/turis\/wp-content\/uploads\/2023\/11\/Betera00Pueblo-G02-46x60.jpg 46w, https:\/\/www.turismocampdeturia.es\/turis\/wp-content\/uploads\/2023\/11\/Betera00Pueblo-G02.jpg 1461w\" data-sizes=\"(max-width: 779px) 100vw, 779px\" src=\"data:image\/svg+xml;base64,PHN2ZyB3aWR0aD0iMSIgaGVpZ2h0PSIxIiB4bWxucz0iaHR0cDovL3d3dy53My5vcmcvMjAwMC9zdmciPjwvc3ZnPg==\" style=\"--smush-placeholder-width: 779px; --smush-placeholder-aspect-ratio: 779\/1024;\" \/><\/a><\/figure>\n\n\n\n<figure class=\"wp-block-image size-large\"><a href=\"https:\/\/www.turismocampdeturia.es\/turis\/?attachment_id=1352\"><img decoding=\"async\" width=\"1012\" height=\"1024\" data-id=\"1352\" data-src=\"https:\/\/www.turismocampdeturia.es\/turis\/wp-content\/uploads\/2023\/11\/Betera00Pueblo-G03-1012x1024.jpg\" alt=\"\" class=\"wp-image-1352 lazyload\" data-srcset=\"https:\/\/www.turismocampdeturia.es\/turis\/wp-content\/uploads\/2023\/11\/Betera00Pueblo-G03-1012x1024.jpg 1012w, https:\/\/www.turismocampdeturia.es\/turis\/wp-content\/uploads\/2023\/11\/Betera00Pueblo-G03-296x300.jpg 296w, https:\/\/www.turismocampdeturia.es\/turis\/wp-content\/uploads\/2023\/11\/Betera00Pueblo-G03-768x777.jpg 768w, https:\/\/www.turismocampdeturia.es\/turis\/wp-content\/uploads\/2023\/11\/Betera00Pueblo-G03-1518x1536.jpg 1518w, https:\/\/www.turismocampdeturia.es\/turis\/wp-content\/uploads\/2023\/11\/Betera00Pueblo-G03-24x24.jpg 24w, https:\/\/www.turismocampdeturia.es\/turis\/wp-content\/uploads\/2023\/11\/Betera00Pueblo-G03-48x48.jpg 48w, https:\/\/www.turismocampdeturia.es\/turis\/wp-content\/uploads\/2023\/11\/Betera00Pueblo-G03-60x60.jpg 60w, https:\/\/www.turismocampdeturia.es\/turis\/wp-content\/uploads\/2023\/11\/Betera00Pueblo-G03.jpg 1897w\" data-sizes=\"(max-width: 1012px) 100vw, 1012px\" src=\"data:image\/svg+xml;base64,PHN2ZyB3aWR0aD0iMSIgaGVpZ2h0PSIxIiB4bWxucz0iaHR0cDovL3d3dy53My5vcmcvMjAwMC9zdmciPjwvc3ZnPg==\" style=\"--smush-placeholder-width: 1012px; --smush-placeholder-aspect-ratio: 1012\/1024;\" \/><\/a><\/figure>\n\n\n\n<figure class=\"wp-block-image size-large\"><a href=\"https:\/\/www.turismocampdeturia.es\/turis\/?attachment_id=1353\"><img decoding=\"async\" width=\"683\" height=\"1024\" data-id=\"1353\" data-src=\"https:\/\/www.turismocampdeturia.es\/turis\/wp-content\/uploads\/2023\/11\/Betera00Pueblo-G04-683x1024.jpg\" alt=\"\" class=\"wp-image-1353 lazyload\" data-srcset=\"https:\/\/www.turismocampdeturia.es\/turis\/wp-content\/uploads\/2023\/11\/Betera00Pueblo-G04-683x1024.jpg 683w, https:\/\/www.turismocampdeturia.es\/turis\/wp-content\/uploads\/2023\/11\/Betera00Pueblo-G04-200x300.jpg 200w, https:\/\/www.turismocampdeturia.es\/turis\/wp-content\/uploads\/2023\/11\/Betera00Pueblo-G04-768x1152.jpg 768w, https:\/\/www.turismocampdeturia.es\/turis\/wp-content\/uploads\/2023\/11\/Betera00Pueblo-G04-1024x1536.jpg 1024w, https:\/\/www.turismocampdeturia.es\/turis\/wp-content\/uploads\/2023\/11\/Betera00Pueblo-G04-16x24.jpg 16w, https:\/\/www.turismocampdeturia.es\/turis\/wp-content\/uploads\/2023\/11\/Betera00Pueblo-G04-32x48.jpg 32w, https:\/\/www.turismocampdeturia.es\/turis\/wp-content\/uploads\/2023\/11\/Betera00Pueblo-G04-40x60.jpg 40w, https:\/\/www.turismocampdeturia.es\/turis\/wp-content\/uploads\/2023\/11\/Betera00Pueblo-G04.jpg 1280w\" data-sizes=\"(max-width: 683px) 100vw, 683px\" src=\"data:image\/svg+xml;base64,PHN2ZyB3aWR0aD0iMSIgaGVpZ2h0PSIxIiB4bWxucz0iaHR0cDovL3d3dy53My5vcmcvMjAwMC9zdmciPjwvc3ZnPg==\" style=\"--smush-placeholder-width: 683px; --smush-placeholder-aspect-ratio: 683\/1024;\" \/><\/a><\/figure>\n\n\n\n<figure class=\"wp-block-image size-large\"><a href=\"https:\/\/www.turismocampdeturia.es\/turis\/?attachment_id=1354\"><img decoding=\"async\" width=\"1184\" height=\"1024\" data-id=\"1354\" data-src=\"https:\/\/www.turismocampdeturia.es\/turis\/wp-content\/uploads\/2023\/11\/Betera00Pueblo-G05-1184x1024.jpg\" alt=\"\" class=\"wp-image-1354 lazyload\" data-srcset=\"https:\/\/www.turismocampdeturia.es\/turis\/wp-content\/uploads\/2023\/11\/Betera00Pueblo-G05-1184x1024.jpg 1184w, https:\/\/www.turismocampdeturia.es\/turis\/wp-content\/uploads\/2023\/11\/Betera00Pueblo-G05-300x259.jpg 300w, https:\/\/www.turismocampdeturia.es\/turis\/wp-content\/uploads\/2023\/11\/Betera00Pueblo-G05-768x664.jpg 768w, https:\/\/www.turismocampdeturia.es\/turis\/wp-content\/uploads\/2023\/11\/Betera00Pueblo-G05-1536x1328.jpg 1536w, https:\/\/www.turismocampdeturia.es\/turis\/wp-content\/uploads\/2023\/11\/Betera00Pueblo-G05-24x21.jpg 24w, https:\/\/www.turismocampdeturia.es\/turis\/wp-content\/uploads\/2023\/11\/Betera00Pueblo-G05-48x42.jpg 48w, https:\/\/www.turismocampdeturia.es\/turis\/wp-content\/uploads\/2023\/11\/Betera00Pueblo-G05-60x52.jpg 60w, https:\/\/www.turismocampdeturia.es\/turis\/wp-content\/uploads\/2023\/11\/Betera00Pueblo-G05.jpg 1920w\" data-sizes=\"(max-width: 1184px) 100vw, 1184px\" src=\"data:image\/svg+xml;base64,PHN2ZyB3aWR0aD0iMSIgaGVpZ2h0PSIxIiB4bWxucz0iaHR0cDovL3d3dy53My5vcmcvMjAwMC9zdmciPjwvc3ZnPg==\" style=\"--smush-placeholder-width: 1184px; --smush-placeholder-aspect-ratio: 1184\/1024;\" \/><\/a><\/figure>\n\n\n\n<figure class=\"wp-block-image size-large\"><a href=\"https:\/\/www.turismocampdeturia.es\/turis\/?attachment_id=1355\"><img decoding=\"async\" width=\"693\" height=\"1024\" data-id=\"1355\" data-src=\"https:\/\/www.turismocampdeturia.es\/turis\/wp-content\/uploads\/2023\/11\/Betera00Pueblo-G06-693x1024.jpg\" alt=\"\" class=\"wp-image-1355 lazyload\" data-srcset=\"https:\/\/www.turismocampdeturia.es\/turis\/wp-content\/uploads\/2023\/11\/Betera00Pueblo-G06-693x1024.jpg 693w, https:\/\/www.turismocampdeturia.es\/turis\/wp-content\/uploads\/2023\/11\/Betera00Pueblo-G06-203x300.jpg 203w, https:\/\/www.turismocampdeturia.es\/turis\/wp-content\/uploads\/2023\/11\/Betera00Pueblo-G06-768x1134.jpg 768w, https:\/\/www.turismocampdeturia.es\/turis\/wp-content\/uploads\/2023\/11\/Betera00Pueblo-G06-1040x1536.jpg 1040w, https:\/\/www.turismocampdeturia.es\/turis\/wp-content\/uploads\/2023\/11\/Betera00Pueblo-G06-16x24.jpg 16w, https:\/\/www.turismocampdeturia.es\/turis\/wp-content\/uploads\/2023\/11\/Betera00Pueblo-G06-33x48.jpg 33w, https:\/\/www.turismocampdeturia.es\/turis\/wp-content\/uploads\/2023\/11\/Betera00Pueblo-G06-41x60.jpg 41w, https:\/\/www.turismocampdeturia.es\/turis\/wp-content\/uploads\/2023\/11\/Betera00Pueblo-G06.jpg 1300w\" data-sizes=\"(max-width: 693px) 100vw, 693px\" src=\"data:image\/svg+xml;base64,PHN2ZyB3aWR0aD0iMSIgaGVpZ2h0PSIxIiB4bWxucz0iaHR0cDovL3d3dy53My5vcmcvMjAwMC9zdmciPjwvc3ZnPg==\" style=\"--smush-placeholder-width: 693px; --smush-placeholder-aspect-ratio: 693\/1024;\" \/><\/a><\/figure>\n\n\n\n<figure class=\"wp-block-image size-large\"><a href=\"https:\/\/www.turismocampdeturia.es\/turis\/?attachment_id=1356\"><img decoding=\"async\" width=\"1820\" height=\"1024\" data-id=\"1356\" data-src=\"https:\/\/www.turismocampdeturia.es\/turis\/wp-content\/uploads\/2023\/11\/Betera00Pueblo-G07-1820x1024.jpg\" alt=\"\" class=\"wp-image-1356 lazyload\" data-srcset=\"https:\/\/www.turismocampdeturia.es\/turis\/wp-content\/uploads\/2023\/11\/Betera00Pueblo-G07-1820x1024.jpg 1820w, https:\/\/www.turismocampdeturia.es\/turis\/wp-content\/uploads\/2023\/11\/Betera00Pueblo-G07-300x169.jpg 300w, https:\/\/www.turismocampdeturia.es\/turis\/wp-content\/uploads\/2023\/11\/Betera00Pueblo-G07-768x432.jpg 768w, https:\/\/www.turismocampdeturia.es\/turis\/wp-content\/uploads\/2023\/11\/Betera00Pueblo-G07-1536x864.jpg 1536w, https:\/\/www.turismocampdeturia.es\/turis\/wp-content\/uploads\/2023\/11\/Betera00Pueblo-G07-24x14.jpg 24w, https:\/\/www.turismocampdeturia.es\/turis\/wp-content\/uploads\/2023\/11\/Betera00Pueblo-G07-48x27.jpg 48w, https:\/\/www.turismocampdeturia.es\/turis\/wp-content\/uploads\/2023\/11\/Betera00Pueblo-G07-60x34.jpg 60w, https:\/\/www.turismocampdeturia.es\/turis\/wp-content\/uploads\/2023\/11\/Betera00Pueblo-G07.jpg 1920w\" data-sizes=\"(max-width: 1820px) 100vw, 1820px\" src=\"data:image\/svg+xml;base64,PHN2ZyB3aWR0aD0iMSIgaGVpZ2h0PSIxIiB4bWxucz0iaHR0cDovL3d3dy53My5vcmcvMjAwMC9zdmciPjwvc3ZnPg==\" style=\"--smush-placeholder-width: 1820px; --smush-placeholder-aspect-ratio: 1820\/1024;\" \/><\/a><\/figure>\n<\/figure>\n\n\n\n<div style=\"height:57px\" aria-hidden=\"true\" class=\"wp-block-spacer\"><\/div>\n\n\n\n<p>Situado en el cerro del T\u00f2s Pelat entre los t\u00e9rminos de B\u00e9tera y Moncada.<\/p>\n\n\n<p id=\"mapa\"><iframe style=\"border: 0;\" data-src=\"https:\/\/www.google.com\/maps\/embed?pb=!1m17!1m12!1m3!1d3074.5350512064124!2d-0.4645099244817139!3d39.59262797158396!2m3!1f0!2f0!3f0!3m2!1i1024!2i768!4f13.1!3m2!1m1!2zMznCsDM1JzMzLjUiTiAwwrAyNyc0My4wIlc!5e0!3m2!1ses!2ses!4v1701286174156!5m2!1ses!2ses\" width=\"100%\" height=\"450\" allowfullscreen=\"allowfullscreen\" src=\"data:image\/svg+xml;base64,PHN2ZyB3aWR0aD0iMSIgaGVpZ2h0PSIxIiB4bWxucz0iaHR0cDovL3d3dy53My5vcmcvMjAwMC9zdmciPjwvc3ZnPg==\" class=\"lazyload\" data-load-mode=\"1\"><\/iframe><\/p>\n\n\n<div style=\"height:35px\" aria-hidden=\"true\" class=\"wp-block-spacer\"><\/div>\n\n\n\n<div class=\"wp-block-columns is-layout-flex wp-container-core-columns-is-layout-9d6595d7 wp-block-columns-is-layout-flex\">\n<div class=\"wp-block-column is-layout-flow wp-block-column-is-layout-flow\">\n<figure class=\"wp-block-image size-full is-resized\"><img decoding=\"async\" width=\"800\" height=\"600\" data-src=\"https:\/\/www.turismocampdeturia.es\/turis\/wp-content\/uploads\/2023\/11\/logomini.png\" alt=\"\" class=\"wp-image-27 lazyload\" style=\"--smush-placeholder-width: 800px; --smush-placeholder-aspect-ratio: 800\/600;width:220px\" data-srcset=\"https:\/\/www.turismocampdeturia.es\/turis\/wp-content\/uploads\/2023\/11\/logomini.png 800w, https:\/\/www.turismocampdeturia.es\/turis\/wp-content\/uploads\/2023\/11\/logomini-300x225.png 300w, https:\/\/www.turismocampdeturia.es\/turis\/wp-content\/uploads\/2023\/11\/logomini-768x576.png 768w, https:\/\/www.turismocampdeturia.es\/turis\/wp-content\/uploads\/2023\/11\/logomini-24x18.png 24w, https:\/\/www.turismocampdeturia.es\/turis\/wp-content\/uploads\/2023\/11\/logomini-48x36.png 48w, https:\/\/www.turismocampdeturia.es\/turis\/wp-content\/uploads\/2023\/11\/logomini-60x45.png 60w\" data-sizes=\"(max-width: 800px) 100vw, 800px\" src=\"data:image\/svg+xml;base64,PHN2ZyB3aWR0aD0iMSIgaGVpZ2h0PSIxIiB4bWxucz0iaHR0cDovL3d3dy53My5vcmcvMjAwMC9zdmciPjwvc3ZnPg==\" \/><\/figure>\n<\/div>\n\n\n\n<div class=\"wp-block-column is-layout-flow wp-block-column-is-layout-flow\"><\/div>\n\n\n\n<div class=\"wp-block-column is-layout-flow wp-block-column-is-layout-flow\"><\/div>\n<\/div>\n","protected":false},"excerpt":{"rendered":"<p>B\u00e9tera B\u00e9tera situada a los pies del Parque Natural de la Sierra Calderona, huele a plantas arom\u00e1ticas y tradiciones. Este excepcional entorno natural, y su cercan\u00eda a Valencia, lo convierten en un<a class=\"moretag\" href=\"https:\/\/www.turismocampdeturia.es\/turis\/betera\/betera-betera\/\">Leer m\u00e1s&#8230;<\/a><\/p>\n","protected":false},"author":1,"featured_media":0,"parent":1326,"menu_order":3,"comment_status":"closed","ping_status":"closed","template":"","meta":{"footnotes":""},"class_list":["post-1347","page","type-page","status-publish","hentry"],"_links":{"self":[{"href":"https:\/\/www.turismocampdeturia.es\/turis\/wp-json\/wp\/v2\/pages\/1347","targetHints":{"allow":["GET"]}}],"collection":[{"href":"https:\/\/www.turismocampdeturia.es\/turis\/wp-json\/wp\/v2\/pages"}],"about":[{"href":"https:\/\/www.turismocampdeturia.es\/turis\/wp-json\/wp\/v2\/types\/page"}],"author":[{"embeddable":true,"href":"https:\/\/www.turismocampdeturia.es\/turis\/wp-json\/wp\/v2\/users\/1"}],"replies":[{"embeddable":true,"href":"https:\/\/www.turismocampdeturia.es\/turis\/wp-json\/wp\/v2\/comments?post=1347"}],"version-history":[{"count":7,"href":"https:\/\/www.turismocampdeturia.es\/turis\/wp-json\/wp\/v2\/pages\/1347\/revisions"}],"predecessor-version":[{"id":6737,"href":"https:\/\/www.turismocampdeturia.es\/turis\/wp-json\/wp\/v2\/pages\/1347\/revisions\/6737"}],"up":[{"embeddable":true,"href":"https:\/\/www.turismocampdeturia.es\/turis\/wp-json\/wp\/v2\/pages\/1326"}],"wp:attachment":[{"href":"https:\/\/www.turismocampdeturia.es\/turis\/wp-json\/wp\/v2\/media?parent=1347"}],"curies":[{"name":"wp","href":"https:\/\/api.w.org\/{rel}","templated":true}]}}