{"id":2699,"date":"2023-12-07T17:52:30","date_gmt":"2023-12-07T16:52:30","guid":{"rendered":"https:\/\/www.turismocampdeturia.es\/turis\/?page_id=2699"},"modified":"2024-07-04T02:52:31","modified_gmt":"2024-07-04T00:52:31","slug":"iglesia-san-juan-bautista","status":"publish","type":"page","link":"https:\/\/www.turismocampdeturia.es\/turis\/principal-plantilla-2\/loriguillaviejo-camp-essencies\/iglesia-san-juan-bautista\/","title":{"rendered":"Iglesia de San Juan Bautista"},"content":{"rendered":"\n<figure class=\"wp-block-image alignfull size-full\"><img decoding=\"async\" width=\"1920\" height=\"817\" data-src=\"https:\/\/www.turismocampdeturia.es\/turis\/wp-content\/uploads\/2023\/12\/LoriguillaViejo01IglesiaSJBautista1.jpg\" alt=\"\" class=\"wp-image-2631 lazyload\" data-srcset=\"https:\/\/www.turismocampdeturia.es\/turis\/wp-content\/uploads\/2023\/12\/LoriguillaViejo01IglesiaSJBautista1.jpg 1920w, https:\/\/www.turismocampdeturia.es\/turis\/wp-content\/uploads\/2023\/12\/LoriguillaViejo01IglesiaSJBautista1-300x128.jpg 300w, https:\/\/www.turismocampdeturia.es\/turis\/wp-content\/uploads\/2023\/12\/LoriguillaViejo01IglesiaSJBautista1-768x327.jpg 768w, https:\/\/www.turismocampdeturia.es\/turis\/wp-content\/uploads\/2023\/12\/LoriguillaViejo01IglesiaSJBautista1-1536x654.jpg 1536w, https:\/\/www.turismocampdeturia.es\/turis\/wp-content\/uploads\/2023\/12\/LoriguillaViejo01IglesiaSJBautista1-24x10.jpg 24w, https:\/\/www.turismocampdeturia.es\/turis\/wp-content\/uploads\/2023\/12\/LoriguillaViejo01IglesiaSJBautista1-48x20.jpg 48w, https:\/\/www.turismocampdeturia.es\/turis\/wp-content\/uploads\/2023\/12\/LoriguillaViejo01IglesiaSJBautista1-60x26.jpg 60w\" data-sizes=\"(max-width: 1920px) 100vw, 1920px\" src=\"data:image\/svg+xml;base64,PHN2ZyB3aWR0aD0iMSIgaGVpZ2h0PSIxIiB4bWxucz0iaHR0cDovL3d3dy53My5vcmcvMjAwMC9zdmciPjwvc3ZnPg==\" style=\"--smush-placeholder-width: 1920px; --smush-placeholder-aspect-ratio: 1920\/817;\" \/><\/figure>\n\n\n\n<div style=\"height:16px\" aria-hidden=\"true\" class=\"wp-block-spacer\"><\/div>\n\n\n\n<h1 class=\"wp-block-heading\" style=\"font-size:55px\"><strong><strong>Iglesia de San Juan Bautista<\/strong><\/strong><\/h1>\n\n\n\n<p style=\"font-size:30px\">s. XVIII<\/p>\n\n\n\n<div class=\"wp-block-media-text is-stacked-on-mobile is-vertically-aligned-top has-black-color has-text-color has-link-color wp-elements-50b7e95411ae35b228ad62dfa09d1d13\" style=\"grid-template-columns:45% auto\"><figure class=\"wp-block-media-text__media\"><img decoding=\"async\" width=\"786\" height=\"1024\" data-src=\"https:\/\/www.turismocampdeturia.es\/turis\/wp-content\/uploads\/2023\/12\/LoriguillaViejo01IglesiaSJBautista2-786x1024.jpg\" alt=\"\" class=\"wp-image-2632 size-full lazyload\" data-srcset=\"https:\/\/www.turismocampdeturia.es\/turis\/wp-content\/uploads\/2023\/12\/LoriguillaViejo01IglesiaSJBautista2-786x1024.jpg 786w, https:\/\/www.turismocampdeturia.es\/turis\/wp-content\/uploads\/2023\/12\/LoriguillaViejo01IglesiaSJBautista2-230x300.jpg 230w, https:\/\/www.turismocampdeturia.es\/turis\/wp-content\/uploads\/2023\/12\/LoriguillaViejo01IglesiaSJBautista2-768x1000.jpg 768w, https:\/\/www.turismocampdeturia.es\/turis\/wp-content\/uploads\/2023\/12\/LoriguillaViejo01IglesiaSJBautista2-18x24.jpg 18w, https:\/\/www.turismocampdeturia.es\/turis\/wp-content\/uploads\/2023\/12\/LoriguillaViejo01IglesiaSJBautista2-37x48.jpg 37w, https:\/\/www.turismocampdeturia.es\/turis\/wp-content\/uploads\/2023\/12\/LoriguillaViejo01IglesiaSJBautista2-46x60.jpg 46w, https:\/\/www.turismocampdeturia.es\/turis\/wp-content\/uploads\/2023\/12\/LoriguillaViejo01IglesiaSJBautista2.jpg 869w\" data-sizes=\"(max-width: 786px) 100vw, 786px\" src=\"data:image\/svg+xml;base64,PHN2ZyB3aWR0aD0iMSIgaGVpZ2h0PSIxIiB4bWxucz0iaHR0cDovL3d3dy53My5vcmcvMjAwMC9zdmciPjwvc3ZnPg==\" style=\"--smush-placeholder-width: 786px; --smush-placeholder-aspect-ratio: 786\/1024;\" \/><\/figure><div class=\"wp-block-media-text__content\">\n<h4>En el a\u00f1o 1967, la construcci\u00f3n del pantano de Loriguilla en el cauce del r\u00edo T\u00faria, oblig\u00f3 a derruir la localidad. Tan solo quedaron en pie algunos edificios como la iglesia de San Juan Bautista, la mejor conservada de los que quedan en pie. De estilo barroco tard\u00edo con transici\u00f3n al neocl\u00e1sico.<\/h4>\n<h4>\u00a0<\/h4>\n<\/div><\/div>\n\n\n\n<div style=\"height:15px\" aria-hidden=\"true\" class=\"wp-block-spacer\"><\/div>\n\n\n\n<div class=\"wp-block-cover alignwide\" style=\"min-height:182px;aspect-ratio:unset;\"><span aria-hidden=\"true\" class=\"wp-block-cover__background has-background-dim-100 has-background-dim\" style=\"background-color:#014441\"><\/span><div class=\"wp-block-cover__inner-container is-layout-constrained wp-block-cover-is-layout-constrained\">\n<div class=\"wp-block-columns is-layout-flex wp-container-core-columns-is-layout-9d6595d7 wp-block-columns-is-layout-flex\">\n<div class=\"wp-block-column is-layout-flow wp-block-column-is-layout-flow\">\n<figure class=\"wp-block-image size-full is-resized\"><img decoding=\"async\" width=\"566\" height=\"264\" data-src=\"https:\/\/www.turismocampdeturia.es\/turis\/wp-content\/uploads\/2023\/11\/botgaleria.png\" alt=\"\" class=\"wp-image-184 lazyload\" style=\"--smush-placeholder-width: 566px; --smush-placeholder-aspect-ratio: 566\/264;width:auto;height:80px\" data-srcset=\"https:\/\/www.turismocampdeturia.es\/turis\/wp-content\/uploads\/2023\/11\/botgaleria.png 566w, https:\/\/www.turismocampdeturia.es\/turis\/wp-content\/uploads\/2023\/11\/botgaleria-300x140.png 300w, https:\/\/www.turismocampdeturia.es\/turis\/wp-content\/uploads\/2023\/11\/botgaleria-24x11.png 24w, https:\/\/www.turismocampdeturia.es\/turis\/wp-content\/uploads\/2023\/11\/botgaleria-48x22.png 48w, https:\/\/www.turismocampdeturia.es\/turis\/wp-content\/uploads\/2023\/11\/botgaleria-60x28.png 60w\" data-sizes=\"(max-width: 566px) 100vw, 566px\" src=\"data:image\/svg+xml;base64,PHN2ZyB3aWR0aD0iMSIgaGVpZ2h0PSIxIiB4bWxucz0iaHR0cDovL3d3dy53My5vcmcvMjAwMC9zdmciPjwvc3ZnPg==\" \/><\/figure>\n<\/div>\n\n\n\n<div class=\"wp-block-column is-layout-flow wp-block-column-is-layout-flow\">\n<figure class=\"wp-block-image size-full is-resized\"><img decoding=\"async\" width=\"484\" height=\"264\" data-src=\"https:\/\/www.turismocampdeturia.es\/turis\/wp-content\/uploads\/2023\/11\/bothorario.png\" alt=\"\" class=\"wp-image-185 lazyload\" style=\"--smush-placeholder-width: 484px; --smush-placeholder-aspect-ratio: 484\/264;width:auto;height:80px\" data-srcset=\"https:\/\/www.turismocampdeturia.es\/turis\/wp-content\/uploads\/2023\/11\/bothorario.png 484w, https:\/\/www.turismocampdeturia.es\/turis\/wp-content\/uploads\/2023\/11\/bothorario-300x164.png 300w, https:\/\/www.turismocampdeturia.es\/turis\/wp-content\/uploads\/2023\/11\/bothorario-24x13.png 24w, https:\/\/www.turismocampdeturia.es\/turis\/wp-content\/uploads\/2023\/11\/bothorario-48x26.png 48w, https:\/\/www.turismocampdeturia.es\/turis\/wp-content\/uploads\/2023\/11\/bothorario-60x33.png 60w\" data-sizes=\"(max-width: 484px) 100vw, 484px\" src=\"data:image\/svg+xml;base64,PHN2ZyB3aWR0aD0iMSIgaGVpZ2h0PSIxIiB4bWxucz0iaHR0cDovL3d3dy53My5vcmcvMjAwMC9zdmciPjwvc3ZnPg==\" \/><\/figure>\n<\/div>\n\n\n\n<div class=\"wp-block-column is-layout-flow wp-block-column-is-layout-flow\">\n<figure class=\"wp-block-image size-full is-resized\"><a href=\"#horario\"><img decoding=\"async\" width=\"600\" height=\"264\" data-src=\"https:\/\/www.turismocampdeturia.es\/turis\/wp-content\/uploads\/2023\/11\/bothorario-1.png\" alt=\"\" class=\"wp-image-190 lazyload\" style=\"--smush-placeholder-width: 600px; --smush-placeholder-aspect-ratio: 600\/264;width:auto;height:80px\" data-srcset=\"https:\/\/www.turismocampdeturia.es\/turis\/wp-content\/uploads\/2023\/11\/bothorario-1.png 600w, https:\/\/www.turismocampdeturia.es\/turis\/wp-content\/uploads\/2023\/11\/bothorario-1-300x132.png 300w, https:\/\/www.turismocampdeturia.es\/turis\/wp-content\/uploads\/2023\/11\/bothorario-1-24x11.png 24w, https:\/\/www.turismocampdeturia.es\/turis\/wp-content\/uploads\/2023\/11\/bothorario-1-48x21.png 48w, https:\/\/www.turismocampdeturia.es\/turis\/wp-content\/uploads\/2023\/11\/bothorario-1-60x26.png 60w\" data-sizes=\"(max-width: 600px) 100vw, 600px\" src=\"data:image\/svg+xml;base64,PHN2ZyB3aWR0aD0iMSIgaGVpZ2h0PSIxIiB4bWxucz0iaHR0cDovL3d3dy53My5vcmcvMjAwMC9zdmciPjwvc3ZnPg==\" \/><\/a><\/figure>\n<\/div>\n\n\n\n<div class=\"wp-block-column is-layout-flow wp-block-column-is-layout-flow\">\n<figure class=\"wp-block-image size-full is-resized\"><a href=\"#mapa\"><img decoding=\"async\" width=\"788\" height=\"284\" data-src=\"https:\/\/www.turismocampdeturia.es\/turis\/wp-content\/uploads\/2023\/11\/botcomollegar.png\" alt=\"\" class=\"wp-image-186 lazyload\" style=\"--smush-placeholder-width: 788px; --smush-placeholder-aspect-ratio: 788\/284;width:auto;height:80px\" data-srcset=\"https:\/\/www.turismocampdeturia.es\/turis\/wp-content\/uploads\/2023\/11\/botcomollegar.png 788w, https:\/\/www.turismocampdeturia.es\/turis\/wp-content\/uploads\/2023\/11\/botcomollegar-300x108.png 300w, https:\/\/www.turismocampdeturia.es\/turis\/wp-content\/uploads\/2023\/11\/botcomollegar-768x277.png 768w, https:\/\/www.turismocampdeturia.es\/turis\/wp-content\/uploads\/2023\/11\/botcomollegar-24x9.png 24w, https:\/\/www.turismocampdeturia.es\/turis\/wp-content\/uploads\/2023\/11\/botcomollegar-48x17.png 48w, https:\/\/www.turismocampdeturia.es\/turis\/wp-content\/uploads\/2023\/11\/botcomollegar-60x22.png 60w\" data-sizes=\"(max-width: 788px) 100vw, 788px\" src=\"data:image\/svg+xml;base64,PHN2ZyB3aWR0aD0iMSIgaGVpZ2h0PSIxIiB4bWxucz0iaHR0cDovL3d3dy53My5vcmcvMjAwMC9zdmciPjwvc3ZnPg==\" \/><\/a><\/figure>\n<\/div>\n<\/div>\n<\/div><\/div>\n\n\n\n<div style=\"height:36px\" aria-hidden=\"true\" class=\"wp-block-spacer\"><\/div>\n\n\n\n<figure class=\"wp-block-gallery has-nested-images columns-4 is-cropped wp-block-gallery-1 is-layout-flex wp-block-gallery-is-layout-flex\">\n<figure class=\"wp-block-image size-large\"><a href=\"https:\/\/www.turismocampdeturia.es\/turis\/?attachment_id=2654\"><img decoding=\"async\" width=\"1493\" height=\"1024\" data-id=\"2654\" data-src=\"https:\/\/www.turismocampdeturia.es\/turis\/wp-content\/uploads\/2023\/12\/LoriguillaViejo01IglesiaSJBautistaG01-1493x1024.jpg\" alt=\"\" class=\"wp-image-2654 lazyload\" data-srcset=\"https:\/\/www.turismocampdeturia.es\/turis\/wp-content\/uploads\/2023\/12\/LoriguillaViejo01IglesiaSJBautistaG01-1493x1024.jpg 1493w, https:\/\/www.turismocampdeturia.es\/turis\/wp-content\/uploads\/2023\/12\/LoriguillaViejo01IglesiaSJBautistaG01-300x206.jpg 300w, https:\/\/www.turismocampdeturia.es\/turis\/wp-content\/uploads\/2023\/12\/LoriguillaViejo01IglesiaSJBautistaG01-768x527.jpg 768w, https:\/\/www.turismocampdeturia.es\/turis\/wp-content\/uploads\/2023\/12\/LoriguillaViejo01IglesiaSJBautistaG01-1536x1054.jpg 1536w, https:\/\/www.turismocampdeturia.es\/turis\/wp-content\/uploads\/2023\/12\/LoriguillaViejo01IglesiaSJBautistaG01-24x16.jpg 24w, https:\/\/www.turismocampdeturia.es\/turis\/wp-content\/uploads\/2023\/12\/LoriguillaViejo01IglesiaSJBautistaG01-48x33.jpg 48w, https:\/\/www.turismocampdeturia.es\/turis\/wp-content\/uploads\/2023\/12\/LoriguillaViejo01IglesiaSJBautistaG01-60x41.jpg 60w, https:\/\/www.turismocampdeturia.es\/turis\/wp-content\/uploads\/2023\/12\/LoriguillaViejo01IglesiaSJBautistaG01.jpg 1920w\" data-sizes=\"(max-width: 1493px) 100vw, 1493px\" src=\"data:image\/svg+xml;base64,PHN2ZyB3aWR0aD0iMSIgaGVpZ2h0PSIxIiB4bWxucz0iaHR0cDovL3d3dy53My5vcmcvMjAwMC9zdmciPjwvc3ZnPg==\" style=\"--smush-placeholder-width: 1493px; --smush-placeholder-aspect-ratio: 1493\/1024;\" \/><\/a><\/figure>\n\n\n\n<figure class=\"wp-block-image size-large\"><a href=\"https:\/\/www.turismocampdeturia.es\/turis\/?attachment_id=2655\"><img decoding=\"async\" width=\"683\" height=\"1024\" data-id=\"2655\" data-src=\"https:\/\/www.turismocampdeturia.es\/turis\/wp-content\/uploads\/2023\/12\/LoriguillaViejo01IglesiaSJBautistaG02-683x1024.jpg\" alt=\"\" class=\"wp-image-2655 lazyload\" data-srcset=\"https:\/\/www.turismocampdeturia.es\/turis\/wp-content\/uploads\/2023\/12\/LoriguillaViejo01IglesiaSJBautistaG02-683x1024.jpg 683w, https:\/\/www.turismocampdeturia.es\/turis\/wp-content\/uploads\/2023\/12\/LoriguillaViejo01IglesiaSJBautistaG02-200x300.jpg 200w, https:\/\/www.turismocampdeturia.es\/turis\/wp-content\/uploads\/2023\/12\/LoriguillaViejo01IglesiaSJBautistaG02-768x1152.jpg 768w, https:\/\/www.turismocampdeturia.es\/turis\/wp-content\/uploads\/2023\/12\/LoriguillaViejo01IglesiaSJBautistaG02-1024x1536.jpg 1024w, https:\/\/www.turismocampdeturia.es\/turis\/wp-content\/uploads\/2023\/12\/LoriguillaViejo01IglesiaSJBautistaG02-16x24.jpg 16w, https:\/\/www.turismocampdeturia.es\/turis\/wp-content\/uploads\/2023\/12\/LoriguillaViejo01IglesiaSJBautistaG02-32x48.jpg 32w, https:\/\/www.turismocampdeturia.es\/turis\/wp-content\/uploads\/2023\/12\/LoriguillaViejo01IglesiaSJBautistaG02-40x60.jpg 40w, https:\/\/www.turismocampdeturia.es\/turis\/wp-content\/uploads\/2023\/12\/LoriguillaViejo01IglesiaSJBautistaG02.jpg 1280w\" data-sizes=\"(max-width: 683px) 100vw, 683px\" src=\"data:image\/svg+xml;base64,PHN2ZyB3aWR0aD0iMSIgaGVpZ2h0PSIxIiB4bWxucz0iaHR0cDovL3d3dy53My5vcmcvMjAwMC9zdmciPjwvc3ZnPg==\" style=\"--smush-placeholder-width: 683px; --smush-placeholder-aspect-ratio: 683\/1024;\" \/><\/a><\/figure>\n\n\n\n<figure class=\"wp-block-image size-large\"><a href=\"https:\/\/www.turismocampdeturia.es\/turis\/?attachment_id=2656\"><img decoding=\"async\" width=\"933\" height=\"1024\" data-id=\"2656\" data-src=\"https:\/\/www.turismocampdeturia.es\/turis\/wp-content\/uploads\/2023\/12\/LoriguillaViejo01IglesiaSJBautistaG03-933x1024.jpg\" alt=\"\" class=\"wp-image-2656 lazyload\" data-srcset=\"https:\/\/www.turismocampdeturia.es\/turis\/wp-content\/uploads\/2023\/12\/LoriguillaViejo01IglesiaSJBautistaG03-933x1024.jpg 933w, https:\/\/www.turismocampdeturia.es\/turis\/wp-content\/uploads\/2023\/12\/LoriguillaViejo01IglesiaSJBautistaG03-273x300.jpg 273w, https:\/\/www.turismocampdeturia.es\/turis\/wp-content\/uploads\/2023\/12\/LoriguillaViejo01IglesiaSJBautistaG03-768x843.jpg 768w, https:\/\/www.turismocampdeturia.es\/turis\/wp-content\/uploads\/2023\/12\/LoriguillaViejo01IglesiaSJBautistaG03-1400x1536.jpg 1400w, https:\/\/www.turismocampdeturia.es\/turis\/wp-content\/uploads\/2023\/12\/LoriguillaViejo01IglesiaSJBautistaG03-22x24.jpg 22w, https:\/\/www.turismocampdeturia.es\/turis\/wp-content\/uploads\/2023\/12\/LoriguillaViejo01IglesiaSJBautistaG03-44x48.jpg 44w, https:\/\/www.turismocampdeturia.es\/turis\/wp-content\/uploads\/2023\/12\/LoriguillaViejo01IglesiaSJBautistaG03-55x60.jpg 55w, https:\/\/www.turismocampdeturia.es\/turis\/wp-content\/uploads\/2023\/12\/LoriguillaViejo01IglesiaSJBautistaG03.jpg 1750w\" data-sizes=\"(max-width: 933px) 100vw, 933px\" src=\"data:image\/svg+xml;base64,PHN2ZyB3aWR0aD0iMSIgaGVpZ2h0PSIxIiB4bWxucz0iaHR0cDovL3d3dy53My5vcmcvMjAwMC9zdmciPjwvc3ZnPg==\" style=\"--smush-placeholder-width: 933px; --smush-placeholder-aspect-ratio: 933\/1024;\" \/><\/a><\/figure>\n\n\n\n<figure class=\"wp-block-image size-large\"><a href=\"https:\/\/www.turismocampdeturia.es\/turis\/?attachment_id=2657\"><img decoding=\"async\" width=\"898\" height=\"1024\" data-id=\"2657\" data-src=\"https:\/\/www.turismocampdeturia.es\/turis\/wp-content\/uploads\/2023\/12\/LoriguillaViejo01IglesiaSJBautistaG04-898x1024.jpg\" alt=\"\" class=\"wp-image-2657 lazyload\" data-srcset=\"https:\/\/www.turismocampdeturia.es\/turis\/wp-content\/uploads\/2023\/12\/LoriguillaViejo01IglesiaSJBautistaG04-898x1024.jpg 898w, https:\/\/www.turismocampdeturia.es\/turis\/wp-content\/uploads\/2023\/12\/LoriguillaViejo01IglesiaSJBautistaG04-263x300.jpg 263w, https:\/\/www.turismocampdeturia.es\/turis\/wp-content\/uploads\/2023\/12\/LoriguillaViejo01IglesiaSJBautistaG04-768x876.jpg 768w, https:\/\/www.turismocampdeturia.es\/turis\/wp-content\/uploads\/2023\/12\/LoriguillaViejo01IglesiaSJBautistaG04-1346x1536.jpg 1346w, https:\/\/www.turismocampdeturia.es\/turis\/wp-content\/uploads\/2023\/12\/LoriguillaViejo01IglesiaSJBautistaG04-21x24.jpg 21w, https:\/\/www.turismocampdeturia.es\/turis\/wp-content\/uploads\/2023\/12\/LoriguillaViejo01IglesiaSJBautistaG04-42x48.jpg 42w, https:\/\/www.turismocampdeturia.es\/turis\/wp-content\/uploads\/2023\/12\/LoriguillaViejo01IglesiaSJBautistaG04-53x60.jpg 53w, https:\/\/www.turismocampdeturia.es\/turis\/wp-content\/uploads\/2023\/12\/LoriguillaViejo01IglesiaSJBautistaG04.jpg 1683w\" data-sizes=\"(max-width: 898px) 100vw, 898px\" src=\"data:image\/svg+xml;base64,PHN2ZyB3aWR0aD0iMSIgaGVpZ2h0PSIxIiB4bWxucz0iaHR0cDovL3d3dy53My5vcmcvMjAwMC9zdmciPjwvc3ZnPg==\" style=\"--smush-placeholder-width: 898px; --smush-placeholder-aspect-ratio: 898\/1024;\" \/><\/a><\/figure>\n\n\n\n<figure class=\"wp-block-image size-large\"><a href=\"https:\/\/www.turismocampdeturia.es\/turis\/?attachment_id=2658\"><img decoding=\"async\" width=\"1299\" height=\"1024\" data-id=\"2658\" data-src=\"https:\/\/www.turismocampdeturia.es\/turis\/wp-content\/uploads\/2023\/12\/LoriguillaViejo01IglesiaSJBautistaG05-1299x1024.jpg\" alt=\"\" class=\"wp-image-2658 lazyload\" data-srcset=\"https:\/\/www.turismocampdeturia.es\/turis\/wp-content\/uploads\/2023\/12\/LoriguillaViejo01IglesiaSJBautistaG05-1299x1024.jpg 1299w, https:\/\/www.turismocampdeturia.es\/turis\/wp-content\/uploads\/2023\/12\/LoriguillaViejo01IglesiaSJBautistaG05-300x237.jpg 300w, https:\/\/www.turismocampdeturia.es\/turis\/wp-content\/uploads\/2023\/12\/LoriguillaViejo01IglesiaSJBautistaG05-768x606.jpg 768w, https:\/\/www.turismocampdeturia.es\/turis\/wp-content\/uploads\/2023\/12\/LoriguillaViejo01IglesiaSJBautistaG05-1536x1211.jpg 1536w, https:\/\/www.turismocampdeturia.es\/turis\/wp-content\/uploads\/2023\/12\/LoriguillaViejo01IglesiaSJBautistaG05-24x19.jpg 24w, https:\/\/www.turismocampdeturia.es\/turis\/wp-content\/uploads\/2023\/12\/LoriguillaViejo01IglesiaSJBautistaG05-48x38.jpg 48w, https:\/\/www.turismocampdeturia.es\/turis\/wp-content\/uploads\/2023\/12\/LoriguillaViejo01IglesiaSJBautistaG05-60x47.jpg 60w, https:\/\/www.turismocampdeturia.es\/turis\/wp-content\/uploads\/2023\/12\/LoriguillaViejo01IglesiaSJBautistaG05.jpg 1920w\" data-sizes=\"(max-width: 1299px) 100vw, 1299px\" src=\"data:image\/svg+xml;base64,PHN2ZyB3aWR0aD0iMSIgaGVpZ2h0PSIxIiB4bWxucz0iaHR0cDovL3d3dy53My5vcmcvMjAwMC9zdmciPjwvc3ZnPg==\" style=\"--smush-placeholder-width: 1299px; --smush-placeholder-aspect-ratio: 1299\/1024;\" \/><\/a><\/figure>\n\n\n\n<figure class=\"wp-block-image size-large\"><a href=\"https:\/\/www.turismocampdeturia.es\/turis\/?attachment_id=2659\"><img decoding=\"async\" width=\"703\" height=\"1024\" data-id=\"2659\" data-src=\"https:\/\/www.turismocampdeturia.es\/turis\/wp-content\/uploads\/2023\/12\/LoriguillaViejo01IglesiaSJBautistaG06-703x1024.jpg\" alt=\"\" class=\"wp-image-2659 lazyload\" data-srcset=\"https:\/\/www.turismocampdeturia.es\/turis\/wp-content\/uploads\/2023\/12\/LoriguillaViejo01IglesiaSJBautistaG06-703x1024.jpg 703w, https:\/\/www.turismocampdeturia.es\/turis\/wp-content\/uploads\/2023\/12\/LoriguillaViejo01IglesiaSJBautistaG06-206x300.jpg 206w, https:\/\/www.turismocampdeturia.es\/turis\/wp-content\/uploads\/2023\/12\/LoriguillaViejo01IglesiaSJBautistaG06-768x1119.jpg 768w, https:\/\/www.turismocampdeturia.es\/turis\/wp-content\/uploads\/2023\/12\/LoriguillaViejo01IglesiaSJBautistaG06-1054x1536.jpg 1054w, https:\/\/www.turismocampdeturia.es\/turis\/wp-content\/uploads\/2023\/12\/LoriguillaViejo01IglesiaSJBautistaG06-16x24.jpg 16w, https:\/\/www.turismocampdeturia.es\/turis\/wp-content\/uploads\/2023\/12\/LoriguillaViejo01IglesiaSJBautistaG06-33x48.jpg 33w, https:\/\/www.turismocampdeturia.es\/turis\/wp-content\/uploads\/2023\/12\/LoriguillaViejo01IglesiaSJBautistaG06-41x60.jpg 41w, https:\/\/www.turismocampdeturia.es\/turis\/wp-content\/uploads\/2023\/12\/LoriguillaViejo01IglesiaSJBautistaG06.jpg 1318w\" data-sizes=\"(max-width: 703px) 100vw, 703px\" src=\"data:image\/svg+xml;base64,PHN2ZyB3aWR0aD0iMSIgaGVpZ2h0PSIxIiB4bWxucz0iaHR0cDovL3d3dy53My5vcmcvMjAwMC9zdmciPjwvc3ZnPg==\" style=\"--smush-placeholder-width: 703px; --smush-placeholder-aspect-ratio: 703\/1024;\" \/><\/a><\/figure>\n\n\n\n<figure class=\"wp-block-image size-large\"><a href=\"https:\/\/www.turismocampdeturia.es\/turis\/?attachment_id=2653\"><img decoding=\"async\" width=\"1251\" height=\"1024\" data-id=\"2653\" data-src=\"https:\/\/www.turismocampdeturia.es\/turis\/wp-content\/uploads\/2023\/12\/LoriguillaViejo01IglesiaSJBautistaG07-1251x1024.jpg\" alt=\"\" class=\"wp-image-2653 lazyload\" data-srcset=\"https:\/\/www.turismocampdeturia.es\/turis\/wp-content\/uploads\/2023\/12\/LoriguillaViejo01IglesiaSJBautistaG07-1251x1024.jpg 1251w, https:\/\/www.turismocampdeturia.es\/turis\/wp-content\/uploads\/2023\/12\/LoriguillaViejo01IglesiaSJBautistaG07-300x245.jpg 300w, https:\/\/www.turismocampdeturia.es\/turis\/wp-content\/uploads\/2023\/12\/LoriguillaViejo01IglesiaSJBautistaG07-768x628.jpg 768w, https:\/\/www.turismocampdeturia.es\/turis\/wp-content\/uploads\/2023\/12\/LoriguillaViejo01IglesiaSJBautistaG07-1536x1257.jpg 1536w, https:\/\/www.turismocampdeturia.es\/turis\/wp-content\/uploads\/2023\/12\/LoriguillaViejo01IglesiaSJBautistaG07-24x20.jpg 24w, https:\/\/www.turismocampdeturia.es\/turis\/wp-content\/uploads\/2023\/12\/LoriguillaViejo01IglesiaSJBautistaG07-48x39.jpg 48w, https:\/\/www.turismocampdeturia.es\/turis\/wp-content\/uploads\/2023\/12\/LoriguillaViejo01IglesiaSJBautistaG07-60x49.jpg 60w, https:\/\/www.turismocampdeturia.es\/turis\/wp-content\/uploads\/2023\/12\/LoriguillaViejo01IglesiaSJBautistaG07.jpg 1920w\" data-sizes=\"(max-width: 1251px) 100vw, 1251px\" src=\"data:image\/svg+xml;base64,PHN2ZyB3aWR0aD0iMSIgaGVpZ2h0PSIxIiB4bWxucz0iaHR0cDovL3d3dy53My5vcmcvMjAwMC9zdmciPjwvc3ZnPg==\" style=\"--smush-placeholder-width: 1251px; --smush-placeholder-aspect-ratio: 1251\/1024;\" \/><\/a><\/figure>\n<\/figure>\n\n\n\n<div style=\"height:57px\" aria-hidden=\"true\" class=\"wp-block-spacer\"><\/div>\n\n\n\n<div class=\"wp-block-cover\" style=\"min-height:272px;aspect-ratio:unset;\"><span aria-hidden=\"true\" class=\"wp-block-cover__background has-background-dim-100 has-background-dim\" style=\"background-color:#014441\"><\/span><div class=\"wp-block-cover__inner-container is-layout-constrained wp-block-cover-is-layout-constrained\">\n<div class=\"wp-block-columns is-layout-flex wp-container-core-columns-is-layout-9d6595d7 wp-block-columns-is-layout-flex\">\n<div class=\"wp-block-column is-layout-flow wp-block-column-is-layout-flow\">\n<h2 class=\"wp-block-heading has-text-align-left\" id=\"horario\">Horario<\/h2>\n\n\n\n<p>Acceso libre.<\/p>\n\n\n\n<p><\/p>\n<\/div>\n<\/div>\n<\/div><\/div>\n\n\n\n<div style=\"height:53px\" aria-hidden=\"true\" class=\"wp-block-spacer\"><\/div>\n\n\n<p id=\"mapa\"><iframe style=\"border: 0;\" data-src=\"https:\/\/www.google.com\/maps\/embed?pb=!1m17!1m12!1m3!1d3070.492729684735!2d-0.9340529237754985!3d39.68362409993199!2m3!1f0!2f0!3f0!3m2!1i1024!2i768!4f13.1!3m2!1m1!2zMznCsDQxJzAxLjAiTiAwwrA1NSc1My4zIlc!5e0!3m2!1ses!2ses!4v1701967914663!5m2!1ses!2ses\" width=\"100%\" height=\"450\" allowfullscreen=\"allowfullscreen\" src=\"data:image\/svg+xml;base64,PHN2ZyB3aWR0aD0iMSIgaGVpZ2h0PSIxIiB4bWxucz0iaHR0cDovL3d3dy53My5vcmcvMjAwMC9zdmciPjwvc3ZnPg==\" class=\"lazyload\" data-load-mode=\"1\"><\/iframe><\/p>\n\n\n<div style=\"height:35px\" aria-hidden=\"true\" class=\"wp-block-spacer\"><\/div>\n\n\n\n<div class=\"wp-block-columns is-layout-flex wp-container-core-columns-is-layout-9d6595d7 wp-block-columns-is-layout-flex\">\n<div class=\"wp-block-column is-layout-flow wp-block-column-is-layout-flow\">\n<figure class=\"wp-block-image size-full is-resized\"><img decoding=\"async\" width=\"800\" height=\"600\" data-src=\"https:\/\/www.turismocampdeturia.es\/turis\/wp-content\/uploads\/2023\/11\/logomini.png\" alt=\"\" class=\"wp-image-27 lazyload\" style=\"--smush-placeholder-width: 800px; --smush-placeholder-aspect-ratio: 800\/600;width:220px\" data-srcset=\"https:\/\/www.turismocampdeturia.es\/turis\/wp-content\/uploads\/2023\/11\/logomini.png 800w, https:\/\/www.turismocampdeturia.es\/turis\/wp-content\/uploads\/2023\/11\/logomini-300x225.png 300w, https:\/\/www.turismocampdeturia.es\/turis\/wp-content\/uploads\/2023\/11\/logomini-768x576.png 768w, https:\/\/www.turismocampdeturia.es\/turis\/wp-content\/uploads\/2023\/11\/logomini-24x18.png 24w, https:\/\/www.turismocampdeturia.es\/turis\/wp-content\/uploads\/2023\/11\/logomini-48x36.png 48w, https:\/\/www.turismocampdeturia.es\/turis\/wp-content\/uploads\/2023\/11\/logomini-60x45.png 60w\" data-sizes=\"(max-width: 800px) 100vw, 800px\" src=\"data:image\/svg+xml;base64,PHN2ZyB3aWR0aD0iMSIgaGVpZ2h0PSIxIiB4bWxucz0iaHR0cDovL3d3dy53My5vcmcvMjAwMC9zdmciPjwvc3ZnPg==\" \/><\/figure>\n<\/div>\n\n\n\n<div class=\"wp-block-column is-layout-flow wp-block-column-is-layout-flow\"><\/div>\n\n\n\n<div class=\"wp-block-column is-layout-flow wp-block-column-is-layout-flow\"><\/div>\n<\/div>\n","protected":false},"excerpt":{"rendered":"<p>Iglesia de San Juan Bautista s. XVIII En el a\u00f1o 1967, la construcci\u00f3n del pantano de Loriguilla en el cauce del r\u00edo T\u00faria, oblig\u00f3 a derruir la localidad. Tan solo quedaron en<a class=\"moretag\" href=\"https:\/\/www.turismocampdeturia.es\/turis\/principal-plantilla-2\/loriguillaviejo-camp-essencies\/iglesia-san-juan-bautista\/\">Leer m\u00e1s&#8230;<\/a><\/p>\n","protected":false},"author":1,"featured_media":0,"parent":2689,"menu_order":8,"comment_status":"closed","ping_status":"closed","template":"","meta":{"footnotes":""},"class_list":["post-2699","page","type-page","status-publish","hentry"],"_links":{"self":[{"href":"https:\/\/www.turismocampdeturia.es\/turis\/wp-json\/wp\/v2\/pages\/2699","targetHints":{"allow":["GET"]}}],"collection":[{"href":"https:\/\/www.turismocampdeturia.es\/turis\/wp-json\/wp\/v2\/pages"}],"about":[{"href":"https:\/\/www.turismocampdeturia.es\/turis\/wp-json\/wp\/v2\/types\/page"}],"author":[{"embeddable":true,"href":"https:\/\/www.turismocampdeturia.es\/turis\/wp-json\/wp\/v2\/users\/1"}],"replies":[{"embeddable":true,"href":"https:\/\/www.turismocampdeturia.es\/turis\/wp-json\/wp\/v2\/comments?post=2699"}],"version-history":[{"count":5,"href":"https:\/\/www.turismocampdeturia.es\/turis\/wp-json\/wp\/v2\/pages\/2699\/revisions"}],"predecessor-version":[{"id":6870,"href":"https:\/\/www.turismocampdeturia.es\/turis\/wp-json\/wp\/v2\/pages\/2699\/revisions\/6870"}],"up":[{"embeddable":true,"href":"https:\/\/www.turismocampdeturia.es\/turis\/wp-json\/wp\/v2\/pages\/2689"}],"wp:attachment":[{"href":"https:\/\/www.turismocampdeturia.es\/turis\/wp-json\/wp\/v2\/media?parent=2699"}],"curies":[{"name":"wp","href":"https:\/\/api.w.org\/{rel}","templated":true}]}}