{"id":4354,"date":"2023-12-15T23:13:25","date_gmt":"2023-12-15T22:13:25","guid":{"rendered":"https:\/\/www.turismocampdeturia.es\/turis\/?page_id=4354"},"modified":"2024-07-04T00:07:02","modified_gmt":"2024-07-03T22:07:02","slug":"parque-multiaventura","status":"publish","type":"page","link":"https:\/\/www.turismocampdeturia.es\/turis\/la-pobla\/la-pobla-camp-aventures\/parque-multiaventura\/","title":{"rendered":"Parque multiaventura"},"content":{"rendered":"\n<figure class=\"wp-block-image alignfull size-full\"><img decoding=\"async\" width=\"1920\" height=\"817\" data-src=\"https:\/\/www.turismocampdeturia.es\/turis\/wp-content\/uploads\/2023\/12\/Pobla15MasiaTous1.jpg\" alt=\"\" class=\"wp-image-4201 lazyload\" data-srcset=\"https:\/\/www.turismocampdeturia.es\/turis\/wp-content\/uploads\/2023\/12\/Pobla15MasiaTous1.jpg 1920w, https:\/\/www.turismocampdeturia.es\/turis\/wp-content\/uploads\/2023\/12\/Pobla15MasiaTous1-300x128.jpg 300w, https:\/\/www.turismocampdeturia.es\/turis\/wp-content\/uploads\/2023\/12\/Pobla15MasiaTous1-768x327.jpg 768w, https:\/\/www.turismocampdeturia.es\/turis\/wp-content\/uploads\/2023\/12\/Pobla15MasiaTous1-1536x654.jpg 1536w, https:\/\/www.turismocampdeturia.es\/turis\/wp-content\/uploads\/2023\/12\/Pobla15MasiaTous1-24x10.jpg 24w, https:\/\/www.turismocampdeturia.es\/turis\/wp-content\/uploads\/2023\/12\/Pobla15MasiaTous1-48x20.jpg 48w, https:\/\/www.turismocampdeturia.es\/turis\/wp-content\/uploads\/2023\/12\/Pobla15MasiaTous1-60x26.jpg 60w\" data-sizes=\"(max-width: 1920px) 100vw, 1920px\" src=\"data:image\/svg+xml;base64,PHN2ZyB3aWR0aD0iMSIgaGVpZ2h0PSIxIiB4bWxucz0iaHR0cDovL3d3dy53My5vcmcvMjAwMC9zdmciPjwvc3ZnPg==\" style=\"--smush-placeholder-width: 1920px; --smush-placeholder-aspect-ratio: 1920\/817;\" \/><\/figure>\n\n\n\n<div style=\"height:16px\" aria-hidden=\"true\" class=\"wp-block-spacer\"><\/div>\n\n\n\n<h1 class=\"wp-block-heading\" style=\"font-size:55px\"><strong><strong>Parque multiaventura<\/strong><\/strong><\/h1>\n\n\n\n<p style=\"font-size:30px\"><strong>Mas\u00eda Tous<\/strong><\/p>\n\n\n\n<div class=\"wp-block-media-text is-stacked-on-mobile is-vertically-aligned-top has-black-color has-text-color has-link-color wp-elements-abd194bfc75842e92cb6db5a4b6d7c1a\" style=\"grid-template-columns:45% auto\"><figure class=\"wp-block-media-text__media\"><img decoding=\"async\" width=\"786\" height=\"1024\" data-src=\"https:\/\/www.turismocampdeturia.es\/turis\/wp-content\/uploads\/2023\/12\/Pobla15MasiaTous2-786x1024.jpg\" alt=\"\" class=\"wp-image-4202 size-full lazyload\" data-srcset=\"https:\/\/www.turismocampdeturia.es\/turis\/wp-content\/uploads\/2023\/12\/Pobla15MasiaTous2-786x1024.jpg 786w, https:\/\/www.turismocampdeturia.es\/turis\/wp-content\/uploads\/2023\/12\/Pobla15MasiaTous2-230x300.jpg 230w, https:\/\/www.turismocampdeturia.es\/turis\/wp-content\/uploads\/2023\/12\/Pobla15MasiaTous2-768x1000.jpg 768w, https:\/\/www.turismocampdeturia.es\/turis\/wp-content\/uploads\/2023\/12\/Pobla15MasiaTous2-18x24.jpg 18w, https:\/\/www.turismocampdeturia.es\/turis\/wp-content\/uploads\/2023\/12\/Pobla15MasiaTous2-37x48.jpg 37w, https:\/\/www.turismocampdeturia.es\/turis\/wp-content\/uploads\/2023\/12\/Pobla15MasiaTous2-46x60.jpg 46w, https:\/\/www.turismocampdeturia.es\/turis\/wp-content\/uploads\/2023\/12\/Pobla15MasiaTous2.jpg 869w\" data-sizes=\"(max-width: 786px) 100vw, 786px\" src=\"data:image\/svg+xml;base64,PHN2ZyB3aWR0aD0iMSIgaGVpZ2h0PSIxIiB4bWxucz0iaHR0cDovL3d3dy53My5vcmcvMjAwMC9zdmciPjwvc3ZnPg==\" style=\"--smush-placeholder-width: 786px; --smush-placeholder-aspect-ratio: 786\/1024;\" \/><\/figure><div class=\"wp-block-media-text__content\">\n<h4>En esta aventura al aire libre los ni\u00f1os y ni\u00f1as podr\u00e1n cruzar por puentes colgantes y lanzarse en tirolinas, escalar en el roc\u00f3dromo, atravesar el circuito de obst\u00e1culos de la pista americana o jugar en equipo en el espacio tematizado de Paintball, entre otras tantas cosas. Todas las actividades son supervisadas por monitores encargados de la seguridad de los participantes a los que se proporciona el equipo de protecci\u00f3n adecuado para cada experiencia.<\/h4>\n<h4>\u00bfTe gustan los retos?<\/h4>\n<\/div><\/div>\n\n\n\n<div style=\"height:15px\" aria-hidden=\"true\" class=\"wp-block-spacer\"><\/div>\n\n\n\n<div class=\"wp-block-cover alignwide\" style=\"min-height:182px;aspect-ratio:unset;\"><span aria-hidden=\"true\" class=\"wp-block-cover__background has-background-dim-100 has-background-dim\" style=\"background-color:#014441\"><\/span><div class=\"wp-block-cover__inner-container is-layout-constrained wp-block-cover-is-layout-constrained\">\n<div class=\"wp-block-columns is-layout-flex wp-container-core-columns-is-layout-9d6595d7 wp-block-columns-is-layout-flex\">\n<div class=\"wp-block-column is-layout-flow wp-block-column-is-layout-flow\">\n<figure class=\"wp-block-image size-full is-resized\"><img decoding=\"async\" width=\"566\" height=\"264\" data-src=\"https:\/\/www.turismocampdeturia.es\/turis\/wp-content\/uploads\/2023\/11\/botgaleria.png\" alt=\"\" class=\"wp-image-184 lazyload\" style=\"--smush-placeholder-width: 566px; --smush-placeholder-aspect-ratio: 566\/264;width:auto;height:80px\" data-srcset=\"https:\/\/www.turismocampdeturia.es\/turis\/wp-content\/uploads\/2023\/11\/botgaleria.png 566w, https:\/\/www.turismocampdeturia.es\/turis\/wp-content\/uploads\/2023\/11\/botgaleria-300x140.png 300w, https:\/\/www.turismocampdeturia.es\/turis\/wp-content\/uploads\/2023\/11\/botgaleria-24x11.png 24w, https:\/\/www.turismocampdeturia.es\/turis\/wp-content\/uploads\/2023\/11\/botgaleria-48x22.png 48w, https:\/\/www.turismocampdeturia.es\/turis\/wp-content\/uploads\/2023\/11\/botgaleria-60x28.png 60w\" data-sizes=\"(max-width: 566px) 100vw, 566px\" src=\"data:image\/svg+xml;base64,PHN2ZyB3aWR0aD0iMSIgaGVpZ2h0PSIxIiB4bWxucz0iaHR0cDovL3d3dy53My5vcmcvMjAwMC9zdmciPjwvc3ZnPg==\" \/><\/figure>\n<\/div>\n\n\n\n<div class=\"wp-block-column is-layout-flow wp-block-column-is-layout-flow\">\n<figure class=\"wp-block-image size-full is-resized wp-duotone-333-ccc-1\"><img decoding=\"async\" width=\"484\" height=\"264\" data-src=\"https:\/\/www.turismocampdeturia.es\/turis\/wp-content\/uploads\/2023\/11\/bothorario.png\" alt=\"\" class=\"wp-image-185 lazyload\" style=\"--smush-placeholder-width: 484px; --smush-placeholder-aspect-ratio: 484\/264;width:auto;height:80px\" data-srcset=\"https:\/\/www.turismocampdeturia.es\/turis\/wp-content\/uploads\/2023\/11\/bothorario.png 484w, https:\/\/www.turismocampdeturia.es\/turis\/wp-content\/uploads\/2023\/11\/bothorario-300x164.png 300w, https:\/\/www.turismocampdeturia.es\/turis\/wp-content\/uploads\/2023\/11\/bothorario-24x13.png 24w, https:\/\/www.turismocampdeturia.es\/turis\/wp-content\/uploads\/2023\/11\/bothorario-48x26.png 48w, https:\/\/www.turismocampdeturia.es\/turis\/wp-content\/uploads\/2023\/11\/bothorario-60x33.png 60w\" data-sizes=\"(max-width: 484px) 100vw, 484px\" src=\"data:image\/svg+xml;base64,PHN2ZyB3aWR0aD0iMSIgaGVpZ2h0PSIxIiB4bWxucz0iaHR0cDovL3d3dy53My5vcmcvMjAwMC9zdmciPjwvc3ZnPg==\" \/><\/figure>\n<\/div>\n\n\n\n<div class=\"wp-block-column is-layout-flow wp-block-column-is-layout-flow\">\n<figure class=\"wp-block-image size-full is-resized\"><a href=\"#horario\"><img decoding=\"async\" width=\"600\" height=\"264\" data-src=\"https:\/\/www.turismocampdeturia.es\/turis\/wp-content\/uploads\/2023\/11\/bothorario-1.png\" alt=\"\" class=\"wp-image-190 lazyload\" style=\"--smush-placeholder-width: 600px; --smush-placeholder-aspect-ratio: 600\/264;width:auto;height:80px\" data-srcset=\"https:\/\/www.turismocampdeturia.es\/turis\/wp-content\/uploads\/2023\/11\/bothorario-1.png 600w, https:\/\/www.turismocampdeturia.es\/turis\/wp-content\/uploads\/2023\/11\/bothorario-1-300x132.png 300w, https:\/\/www.turismocampdeturia.es\/turis\/wp-content\/uploads\/2023\/11\/bothorario-1-24x11.png 24w, https:\/\/www.turismocampdeturia.es\/turis\/wp-content\/uploads\/2023\/11\/bothorario-1-48x21.png 48w, https:\/\/www.turismocampdeturia.es\/turis\/wp-content\/uploads\/2023\/11\/bothorario-1-60x26.png 60w\" data-sizes=\"(max-width: 600px) 100vw, 600px\" src=\"data:image\/svg+xml;base64,PHN2ZyB3aWR0aD0iMSIgaGVpZ2h0PSIxIiB4bWxucz0iaHR0cDovL3d3dy53My5vcmcvMjAwMC9zdmciPjwvc3ZnPg==\" \/><\/a><\/figure>\n<\/div>\n\n\n\n<div class=\"wp-block-column is-layout-flow wp-block-column-is-layout-flow\">\n<figure class=\"wp-block-image size-full is-resized\"><a href=\"#mapa\"><img decoding=\"async\" width=\"788\" height=\"284\" data-src=\"https:\/\/www.turismocampdeturia.es\/turis\/wp-content\/uploads\/2023\/11\/botcomollegar.png\" alt=\"\" class=\"wp-image-186 lazyload\" style=\"--smush-placeholder-width: 788px; --smush-placeholder-aspect-ratio: 788\/284;width:auto;height:80px\" data-srcset=\"https:\/\/www.turismocampdeturia.es\/turis\/wp-content\/uploads\/2023\/11\/botcomollegar.png 788w, https:\/\/www.turismocampdeturia.es\/turis\/wp-content\/uploads\/2023\/11\/botcomollegar-300x108.png 300w, https:\/\/www.turismocampdeturia.es\/turis\/wp-content\/uploads\/2023\/11\/botcomollegar-768x277.png 768w, https:\/\/www.turismocampdeturia.es\/turis\/wp-content\/uploads\/2023\/11\/botcomollegar-24x9.png 24w, https:\/\/www.turismocampdeturia.es\/turis\/wp-content\/uploads\/2023\/11\/botcomollegar-48x17.png 48w, https:\/\/www.turismocampdeturia.es\/turis\/wp-content\/uploads\/2023\/11\/botcomollegar-60x22.png 60w\" data-sizes=\"(max-width: 788px) 100vw, 788px\" src=\"data:image\/svg+xml;base64,PHN2ZyB3aWR0aD0iMSIgaGVpZ2h0PSIxIiB4bWxucz0iaHR0cDovL3d3dy53My5vcmcvMjAwMC9zdmciPjwvc3ZnPg==\" \/><\/a><\/figure>\n<\/div>\n<\/div>\n<\/div><\/div>\n\n\n\n<div style=\"height:36px\" aria-hidden=\"true\" class=\"wp-block-spacer\"><\/div>\n\n\n\n<figure class=\"wp-block-gallery has-nested-images columns-4 is-cropped wp-block-gallery-2 is-layout-flex wp-block-gallery-is-layout-flex\">\n<figure class=\"wp-block-image size-large\"><a href=\"https:\/\/www.turismocampdeturia.es\/turis\/?attachment_id=4293\"><img decoding=\"async\" width=\"1365\" height=\"1024\" data-id=\"4293\" data-src=\"https:\/\/www.turismocampdeturia.es\/turis\/wp-content\/uploads\/2023\/12\/Pobla15MasiaTousG01-1365x1024.jpg\" alt=\"\" class=\"wp-image-4293 lazyload\" data-srcset=\"https:\/\/www.turismocampdeturia.es\/turis\/wp-content\/uploads\/2023\/12\/Pobla15MasiaTousG01-1365x1024.jpg 1365w, https:\/\/www.turismocampdeturia.es\/turis\/wp-content\/uploads\/2023\/12\/Pobla15MasiaTousG01-300x225.jpg 300w, https:\/\/www.turismocampdeturia.es\/turis\/wp-content\/uploads\/2023\/12\/Pobla15MasiaTousG01-768x576.jpg 768w, https:\/\/www.turismocampdeturia.es\/turis\/wp-content\/uploads\/2023\/12\/Pobla15MasiaTousG01-1536x1152.jpg 1536w, https:\/\/www.turismocampdeturia.es\/turis\/wp-content\/uploads\/2023\/12\/Pobla15MasiaTousG01-24x18.jpg 24w, https:\/\/www.turismocampdeturia.es\/turis\/wp-content\/uploads\/2023\/12\/Pobla15MasiaTousG01-48x36.jpg 48w, https:\/\/www.turismocampdeturia.es\/turis\/wp-content\/uploads\/2023\/12\/Pobla15MasiaTousG01-60x45.jpg 60w, https:\/\/www.turismocampdeturia.es\/turis\/wp-content\/uploads\/2023\/12\/Pobla15MasiaTousG01.jpg 1920w\" data-sizes=\"(max-width: 1365px) 100vw, 1365px\" src=\"data:image\/svg+xml;base64,PHN2ZyB3aWR0aD0iMSIgaGVpZ2h0PSIxIiB4bWxucz0iaHR0cDovL3d3dy53My5vcmcvMjAwMC9zdmciPjwvc3ZnPg==\" style=\"--smush-placeholder-width: 1365px; --smush-placeholder-aspect-ratio: 1365\/1024;\" \/><\/a><\/figure>\n\n\n\n<figure class=\"wp-block-image size-large\"><a href=\"https:\/\/www.turismocampdeturia.es\/turis\/?attachment_id=4294\"><img decoding=\"async\" width=\"683\" height=\"1024\" data-id=\"4294\" data-src=\"https:\/\/www.turismocampdeturia.es\/turis\/wp-content\/uploads\/2023\/12\/Pobla15MasiaTousG02-683x1024.jpg\" alt=\"\" class=\"wp-image-4294 lazyload\" data-srcset=\"https:\/\/www.turismocampdeturia.es\/turis\/wp-content\/uploads\/2023\/12\/Pobla15MasiaTousG02-683x1024.jpg 683w, https:\/\/www.turismocampdeturia.es\/turis\/wp-content\/uploads\/2023\/12\/Pobla15MasiaTousG02-200x300.jpg 200w, https:\/\/www.turismocampdeturia.es\/turis\/wp-content\/uploads\/2023\/12\/Pobla15MasiaTousG02-768x1152.jpg 768w, https:\/\/www.turismocampdeturia.es\/turis\/wp-content\/uploads\/2023\/12\/Pobla15MasiaTousG02-1024x1536.jpg 1024w, https:\/\/www.turismocampdeturia.es\/turis\/wp-content\/uploads\/2023\/12\/Pobla15MasiaTousG02-16x24.jpg 16w, https:\/\/www.turismocampdeturia.es\/turis\/wp-content\/uploads\/2023\/12\/Pobla15MasiaTousG02-32x48.jpg 32w, https:\/\/www.turismocampdeturia.es\/turis\/wp-content\/uploads\/2023\/12\/Pobla15MasiaTousG02-40x60.jpg 40w, https:\/\/www.turismocampdeturia.es\/turis\/wp-content\/uploads\/2023\/12\/Pobla15MasiaTousG02.jpg 1280w\" data-sizes=\"(max-width: 683px) 100vw, 683px\" src=\"data:image\/svg+xml;base64,PHN2ZyB3aWR0aD0iMSIgaGVpZ2h0PSIxIiB4bWxucz0iaHR0cDovL3d3dy53My5vcmcvMjAwMC9zdmciPjwvc3ZnPg==\" style=\"--smush-placeholder-width: 683px; --smush-placeholder-aspect-ratio: 683\/1024;\" \/><\/a><\/figure>\n\n\n\n<figure class=\"wp-block-image size-large\"><a href=\"https:\/\/www.turismocampdeturia.es\/turis\/?attachment_id=4295\"><img decoding=\"async\" width=\"683\" height=\"1024\" data-id=\"4295\" data-src=\"https:\/\/www.turismocampdeturia.es\/turis\/wp-content\/uploads\/2023\/12\/Pobla15MasiaTousG03-683x1024.jpg\" alt=\"\" class=\"wp-image-4295 lazyload\" data-srcset=\"https:\/\/www.turismocampdeturia.es\/turis\/wp-content\/uploads\/2023\/12\/Pobla15MasiaTousG03-683x1024.jpg 683w, https:\/\/www.turismocampdeturia.es\/turis\/wp-content\/uploads\/2023\/12\/Pobla15MasiaTousG03-200x300.jpg 200w, https:\/\/www.turismocampdeturia.es\/turis\/wp-content\/uploads\/2023\/12\/Pobla15MasiaTousG03-768x1152.jpg 768w, https:\/\/www.turismocampdeturia.es\/turis\/wp-content\/uploads\/2023\/12\/Pobla15MasiaTousG03-1024x1536.jpg 1024w, https:\/\/www.turismocampdeturia.es\/turis\/wp-content\/uploads\/2023\/12\/Pobla15MasiaTousG03-16x24.jpg 16w, https:\/\/www.turismocampdeturia.es\/turis\/wp-content\/uploads\/2023\/12\/Pobla15MasiaTousG03-32x48.jpg 32w, https:\/\/www.turismocampdeturia.es\/turis\/wp-content\/uploads\/2023\/12\/Pobla15MasiaTousG03-40x60.jpg 40w, https:\/\/www.turismocampdeturia.es\/turis\/wp-content\/uploads\/2023\/12\/Pobla15MasiaTousG03.jpg 1280w\" data-sizes=\"(max-width: 683px) 100vw, 683px\" src=\"data:image\/svg+xml;base64,PHN2ZyB3aWR0aD0iMSIgaGVpZ2h0PSIxIiB4bWxucz0iaHR0cDovL3d3dy53My5vcmcvMjAwMC9zdmciPjwvc3ZnPg==\" style=\"--smush-placeholder-width: 683px; --smush-placeholder-aspect-ratio: 683\/1024;\" \/><\/a><\/figure>\n\n\n\n<figure class=\"wp-block-image size-large\"><a href=\"https:\/\/www.turismocampdeturia.es\/turis\/?attachment_id=4292\"><img decoding=\"async\" width=\"683\" height=\"1024\" data-id=\"4292\" data-src=\"https:\/\/www.turismocampdeturia.es\/turis\/wp-content\/uploads\/2023\/12\/Pobla15MasiaTousG04-683x1024.jpg\" alt=\"\" class=\"wp-image-4292 lazyload\" data-srcset=\"https:\/\/www.turismocampdeturia.es\/turis\/wp-content\/uploads\/2023\/12\/Pobla15MasiaTousG04-683x1024.jpg 683w, https:\/\/www.turismocampdeturia.es\/turis\/wp-content\/uploads\/2023\/12\/Pobla15MasiaTousG04-200x300.jpg 200w, https:\/\/www.turismocampdeturia.es\/turis\/wp-content\/uploads\/2023\/12\/Pobla15MasiaTousG04-768x1152.jpg 768w, https:\/\/www.turismocampdeturia.es\/turis\/wp-content\/uploads\/2023\/12\/Pobla15MasiaTousG04-1024x1536.jpg 1024w, https:\/\/www.turismocampdeturia.es\/turis\/wp-content\/uploads\/2023\/12\/Pobla15MasiaTousG04-16x24.jpg 16w, https:\/\/www.turismocampdeturia.es\/turis\/wp-content\/uploads\/2023\/12\/Pobla15MasiaTousG04-32x48.jpg 32w, https:\/\/www.turismocampdeturia.es\/turis\/wp-content\/uploads\/2023\/12\/Pobla15MasiaTousG04-40x60.jpg 40w, https:\/\/www.turismocampdeturia.es\/turis\/wp-content\/uploads\/2023\/12\/Pobla15MasiaTousG04.jpg 1280w\" data-sizes=\"(max-width: 683px) 100vw, 683px\" src=\"data:image\/svg+xml;base64,PHN2ZyB3aWR0aD0iMSIgaGVpZ2h0PSIxIiB4bWxucz0iaHR0cDovL3d3dy53My5vcmcvMjAwMC9zdmciPjwvc3ZnPg==\" style=\"--smush-placeholder-width: 683px; --smush-placeholder-aspect-ratio: 683\/1024;\" \/><\/a><\/figure>\n<\/figure>\n\n\n\n<div style=\"height:57px\" aria-hidden=\"true\" class=\"wp-block-spacer\"><\/div>\n\n\n\n<div class=\"wp-block-cover\" style=\"min-height:272px;aspect-ratio:unset;\"><span aria-hidden=\"true\" class=\"wp-block-cover__background has-background-dim-100 has-background-dim\" style=\"background-color:#014441\"><\/span><div class=\"wp-block-cover__inner-container is-layout-constrained wp-block-cover-is-layout-constrained\">\n<div class=\"wp-block-columns is-layout-flex wp-container-core-columns-is-layout-9d6595d7 wp-block-columns-is-layout-flex\">\n<div class=\"wp-block-column is-layout-flow wp-block-column-is-layout-flow\">\n<h2 class=\"wp-block-heading has-text-align-left\" id=\"horario\">Horario<\/h2>\n\n\n\n<p>Consultar  627 637 962<\/p>\n<\/div>\n<\/div>\n<\/div><\/div>\n\n\n\n<div style=\"height:53px\" aria-hidden=\"true\" class=\"wp-block-spacer\"><\/div>\n\n\n\n<p>Cam\u00ed de la Creu, s\/n<\/p>\n\n\n<p id=\"mapa\"><iframe style=\"border: 0;\" data-src=\"https:\/\/www.google.com\/maps\/embed?pb=!1m17!1m12!1m3!1d3074.779794939595!2d-0.5436439234215973!3d39.58711297158504!2m3!1f0!2f0!3f0!3m2!1i1024!2i768!4f13.1!3m2!1m1!2zMznCsDM1JzEzLjYiTiAwwrAzMicyNy45Ilc!5e0!3m2!1ses!2ses!4v1702678384891!5m2!1ses!2ses\" width=\"100%\" height=\"450\" allowfullscreen=\"allowfullscreen\" src=\"data:image\/svg+xml;base64,PHN2ZyB3aWR0aD0iMSIgaGVpZ2h0PSIxIiB4bWxucz0iaHR0cDovL3d3dy53My5vcmcvMjAwMC9zdmciPjwvc3ZnPg==\" class=\"lazyload\" data-load-mode=\"1\"><\/iframe><\/p>\n\n\n<div style=\"height:35px\" aria-hidden=\"true\" class=\"wp-block-spacer\"><\/div>\n\n\n\n<div class=\"wp-block-columns is-layout-flex wp-container-core-columns-is-layout-9d6595d7 wp-block-columns-is-layout-flex\">\n<div class=\"wp-block-column is-layout-flow wp-block-column-is-layout-flow\">\n<figure class=\"wp-block-image size-full is-resized\"><img decoding=\"async\" width=\"800\" height=\"600\" data-src=\"https:\/\/www.turismocampdeturia.es\/turis\/wp-content\/uploads\/2023\/11\/logomini.png\" alt=\"\" class=\"wp-image-27 lazyload\" style=\"--smush-placeholder-width: 800px; --smush-placeholder-aspect-ratio: 800\/600;width:220px\" data-srcset=\"https:\/\/www.turismocampdeturia.es\/turis\/wp-content\/uploads\/2023\/11\/logomini.png 800w, https:\/\/www.turismocampdeturia.es\/turis\/wp-content\/uploads\/2023\/11\/logomini-300x225.png 300w, https:\/\/www.turismocampdeturia.es\/turis\/wp-content\/uploads\/2023\/11\/logomini-768x576.png 768w, https:\/\/www.turismocampdeturia.es\/turis\/wp-content\/uploads\/2023\/11\/logomini-24x18.png 24w, https:\/\/www.turismocampdeturia.es\/turis\/wp-content\/uploads\/2023\/11\/logomini-48x36.png 48w, https:\/\/www.turismocampdeturia.es\/turis\/wp-content\/uploads\/2023\/11\/logomini-60x45.png 60w\" data-sizes=\"(max-width: 800px) 100vw, 800px\" src=\"data:image\/svg+xml;base64,PHN2ZyB3aWR0aD0iMSIgaGVpZ2h0PSIxIiB4bWxucz0iaHR0cDovL3d3dy53My5vcmcvMjAwMC9zdmciPjwvc3ZnPg==\" \/><\/figure>\n<\/div>\n\n\n\n<div class=\"wp-block-column is-layout-flow wp-block-column-is-layout-flow\"><\/div>\n\n\n\n<div class=\"wp-block-column is-layout-flow wp-block-column-is-layout-flow\"><\/div>\n<\/div>\n","protected":false},"excerpt":{"rendered":"<p>Parque multiaventura Mas\u00eda Tous En esta aventura al aire libre los ni\u00f1os y ni\u00f1as podr\u00e1n cruzar por puentes colgantes y lanzarse en tirolinas, escalar en el roc\u00f3dromo, atravesar el circuito de obst\u00e1culos<a class=\"moretag\" href=\"https:\/\/www.turismocampdeturia.es\/turis\/la-pobla\/la-pobla-camp-aventures\/parque-multiaventura\/\">Leer m\u00e1s&#8230;<\/a><\/p>\n","protected":false},"author":1,"featured_media":0,"parent":4299,"menu_order":15,"comment_status":"closed","ping_status":"closed","template":"","meta":{"footnotes":""},"class_list":["post-4354","page","type-page","status-publish","hentry"],"_links":{"self":[{"href":"https:\/\/www.turismocampdeturia.es\/turis\/wp-json\/wp\/v2\/pages\/4354","targetHints":{"allow":["GET"]}}],"collection":[{"href":"https:\/\/www.turismocampdeturia.es\/turis\/wp-json\/wp\/v2\/pages"}],"about":[{"href":"https:\/\/www.turismocampdeturia.es\/turis\/wp-json\/wp\/v2\/types\/page"}],"author":[{"embeddable":true,"href":"https:\/\/www.turismocampdeturia.es\/turis\/wp-json\/wp\/v2\/users\/1"}],"replies":[{"embeddable":true,"href":"https:\/\/www.turismocampdeturia.es\/turis\/wp-json\/wp\/v2\/comments?post=4354"}],"version-history":[{"count":4,"href":"https:\/\/www.turismocampdeturia.es\/turis\/wp-json\/wp\/v2\/pages\/4354\/revisions"}],"predecessor-version":[{"id":6722,"href":"https:\/\/www.turismocampdeturia.es\/turis\/wp-json\/wp\/v2\/pages\/4354\/revisions\/6722"}],"up":[{"embeddable":true,"href":"https:\/\/www.turismocampdeturia.es\/turis\/wp-json\/wp\/v2\/pages\/4299"}],"wp:attachment":[{"href":"https:\/\/www.turismocampdeturia.es\/turis\/wp-json\/wp\/v2\/media?parent=4354"}],"curies":[{"name":"wp","href":"https:\/\/api.w.org\/{rel}","templated":true}]}}