{"id":7423,"date":"2024-11-23T20:50:46","date_gmt":"2024-11-23T19:50:46","guid":{"rendered":"https:\/\/www.turismocampdeturia.es\/turis\/?page_id=7423"},"modified":"2024-12-05T01:21:46","modified_gmt":"2024-12-05T00:21:46","slug":"sabiasque","status":"publish","type":"page","link":"https:\/\/www.turismocampdeturia.es\/turis\/sabiasque\/","title":{"rendered":"\u00bfSab\u00edas que&#8230;"},"content":{"rendered":"\n<div class=\"wp-block-cover alignwide\"><span aria-hidden=\"true\" class=\"wp-block-cover__background has-background-dim-100 has-background-dim\" style=\"background-color:#014441\"><\/span><div class=\"wp-block-cover__inner-container is-layout-constrained wp-block-cover-is-layout-constrained\">\n<p><\/p>\n\n\n\n<div class=\"wp-block-columns is-layout-flex wp-container-core-columns-is-layout-9d6595d7 wp-block-columns-is-layout-flex\">\n<div class=\"wp-block-column is-layout-flow wp-block-column-is-layout-flow\"><div class=\"wp-block-image\">\n<figure class=\"aligncenter size-large is-resized\"><img decoding=\"async\" width=\"1920\" height=\"681\" data-src=\"https:\/\/www.turismocampdeturia.es\/turis\/wp-content\/uploads\/2024\/11\/Sabias-Rot-1920x681.png\" alt=\"\" class=\"wp-image-7425 lazyload\" style=\"--smush-placeholder-width: 1920px; --smush-placeholder-aspect-ratio: 1920\/681;width:700px\" data-srcset=\"https:\/\/www.turismocampdeturia.es\/turis\/wp-content\/uploads\/2024\/11\/Sabias-Rot-1920x681.png 1920w, https:\/\/www.turismocampdeturia.es\/turis\/wp-content\/uploads\/2024\/11\/Sabias-Rot-300x106.png 300w, https:\/\/www.turismocampdeturia.es\/turis\/wp-content\/uploads\/2024\/11\/Sabias-Rot-768x272.png 768w, https:\/\/www.turismocampdeturia.es\/turis\/wp-content\/uploads\/2024\/11\/Sabias-Rot-1536x544.png 1536w, https:\/\/www.turismocampdeturia.es\/turis\/wp-content\/uploads\/2024\/11\/Sabias-Rot-2048x726.png 2048w, https:\/\/www.turismocampdeturia.es\/turis\/wp-content\/uploads\/2024\/11\/Sabias-Rot-24x9.png 24w, https:\/\/www.turismocampdeturia.es\/turis\/wp-content\/uploads\/2024\/11\/Sabias-Rot-48x17.png 48w, https:\/\/www.turismocampdeturia.es\/turis\/wp-content\/uploads\/2024\/11\/Sabias-Rot-60x21.png 60w\" data-sizes=\"(max-width: 1920px) 100vw, 1920px\" src=\"data:image\/svg+xml;base64,PHN2ZyB3aWR0aD0iMSIgaGVpZ2h0PSIxIiB4bWxucz0iaHR0cDovL3d3dy53My5vcmcvMjAwMC9zdmciPjwvc3ZnPg==\" \/><\/figure>\n<\/div><\/div>\n<\/div>\n\n\n\n<div class=\"wp-block-media-text is-stacked-on-mobile is-vertically-aligned-top\" style=\"grid-template-columns:15% auto\"><figure class=\"wp-block-media-text__media\"><img decoding=\"async\" width=\"425\" height=\"574\" data-src=\"https:\/\/www.turismocampdeturia.es\/turis\/wp-content\/uploads\/2024\/11\/abuelos-seleccionados-01.png\" alt=\"\" class=\"wp-image-7426 size-full lazyload\" data-srcset=\"https:\/\/www.turismocampdeturia.es\/turis\/wp-content\/uploads\/2024\/11\/abuelos-seleccionados-01.png 425w, https:\/\/www.turismocampdeturia.es\/turis\/wp-content\/uploads\/2024\/11\/abuelos-seleccionados-01-222x300.png 222w, https:\/\/www.turismocampdeturia.es\/turis\/wp-content\/uploads\/2024\/11\/abuelos-seleccionados-01-18x24.png 18w, https:\/\/www.turismocampdeturia.es\/turis\/wp-content\/uploads\/2024\/11\/abuelos-seleccionados-01-36x48.png 36w, https:\/\/www.turismocampdeturia.es\/turis\/wp-content\/uploads\/2024\/11\/abuelos-seleccionados-01-44x60.png 44w\" data-sizes=\"(max-width: 425px) 100vw, 425px\" src=\"data:image\/svg+xml;base64,PHN2ZyB3aWR0aD0iMSIgaGVpZ2h0PSIxIiB4bWxucz0iaHR0cDovL3d3dy53My5vcmcvMjAwMC9zdmciPjwvc3ZnPg==\" style=\"--smush-placeholder-width: 425px; --smush-placeholder-aspect-ratio: 425\/574;\" \/><\/figure><div class=\"wp-block-media-text__content\">\n<p><\/p>\n\n\n\n<div class=\"wp-block-columns is-layout-flex wp-container-core-columns-is-layout-9d6595d7 wp-block-columns-is-layout-flex\">\n<div class=\"wp-block-column is-layout-flow wp-block-column-is-layout-flow\">\n<p style=\"font-size:16px\">&#8230;<strong>uno de los caudillos \u00edberos m\u00e1s destacados estuvo gobernando Edeta<\/strong>?<\/p>\n\n\n\n<p>&#8230;<strong>el Cartagin\u00e9s An\u00edbal Barca<\/strong><strong> con su ej\u00e9rcito y sus elefantes libr\u00f3 en Camp de T\u00faria una de sus batallas<\/strong>?<\/p>\n\n\n\n<p>&#8230;<strong>que un edetano fue el rival de Trajano para el t\u00edtulo de emperador<\/strong>?<\/p>\n\n\n\n<p>&#8230;<strong>en las aguas del manantial de San Vicente se hallan restos de un templo de Ninfas<\/strong>?<\/p>\n\n\n\n<p>&#8230;<strong>un mosaico de los 12 Trabajos de H\u00e9rcules que se encuentra en el museo arqueol\u00f3gico de Madrid, apareci\u00f3 en una villa romana de Ll\u00edria<\/strong>?<\/p>\n\n\n\n<p>&#8230;<strong>Teodomiro, el suscriptor del pacto de sumisi\u00f3n a los \u00e1rabes, residi\u00f3 en el Pla de Nadal de Riba-roja de T\u00faria<\/strong>?<\/p>\n\n\n\n<p>&#8230;<strong>Olocau aparece en el Cantar de Mio Cid?<\/strong><\/p>\n\n\n\n<p>&#8230;<strong>les Orelletes ya se mencionaban en el recetario de cocina andalus\u00ed de Ibn Razin nacido en el 1227<\/strong>?<\/p>\n\n\n\n<p>&#8230;<strong>el castillo del Real fue una de las \u00faltimas fortalezas en rendirse a Jaime I durante la conquista cristiana<\/strong>?<\/p>\n\n\n\n<p>&#8230;<strong>La fuente del Oro de N\u00e1quera debe su nombre al llanto del moro, un morisco que tuvo que abandonar su bien m\u00e1s preciado cuando la expulsi\u00f3n<\/strong>?<\/p>\n\n\n\n<p><strong> &#8230;Al-Qadir, rey de la ciudad Taifa \u201cBalansiya\u201d, llev\u00f3 su tesoro al castillo del Real<\/strong>?<\/p>\n\n\n\n<p>&#8230;<strong>el castillo de Serra sirvi\u00f3 de albergue al rey musulm\u00e1n Yahya Al-Qadir<\/strong>?<\/p>\n\n\n\n<p>&#8230;<strong>existe un pasadizo que va desde la alquer\u00eda de Bofilla al castillo de B\u00e9tera<\/strong>?<\/p>\n\n\n\n<p>&#8230;<strong>en la rambla S\u00e9rcula hay una entrada de cueva a trav\u00e9s de la cual se acced\u00eda al antiguo castillo de Vilamarxant<\/strong>?<\/p>\n\n\n\n<p>&#8230;<strong>Francisco I de Francia permaneci\u00f3 casi veinte d\u00edas en el castillo de Benissan\u00f3<\/strong>?<\/p>\n\n\n\n<p>&#8230;<strong>los pasadizos del castillo de Benissan\u00f3 eran punto de encuentro de unos amantes<\/strong>?<\/p>\n\n\n\n<p>&#8230;<strong>San Vicente Ferrer hizo brotar las aguas del manantial de su nombre en el 1410<\/strong>?<\/p>\n\n\n\n<p>&#8230;<strong>San Vicente Ferrer y San Luis Beltr\u00e1n predicaron en la iglesia de la Sangre de Ll\u00edria<\/strong>?<\/p>\n\n\n\n<p>&#8230;<strong>primera biblia al valenciano la tradujo San Bonifacio Ferrer en la cartuja de Portaceli de Serra<\/strong>?<\/p>\n\n\n\n<p>&#8230; el <strong>nombre de la sierra Calderona viene de una c\u00e9lebre artista de teatro amante de Felipe IV<\/strong>?<\/p>\n\n\n\n<p>&#8230;<strong>desde el Pont dels Lladres asaltaban los bandoleros a los viajeros cuando pasaban con sus carros<\/strong>?<\/p>\n\n\n\n<p>&#8230;<strong>el Virrey de M\u00e9xico F\u00e9lix Mar\u00eda Calleja del Rey residi\u00f3 durante a\u00f1os en la Torre del Virrey, y de ah\u00ed el nombre de esta<\/strong>?<\/p>\n\n\n\n<p>&#8230;<strong>la fuente de la plaza de la Virgen de Valencia es del escultor lliriano Silvestre de Edeta<\/strong>?<\/p>\n\n\n\n<p>&#8230;<strong>les alf\u00e0begues de B\u00e9tera, aparecen en el libro Guiness de los Records por su altura que casi sextuplica el tama\u00f1o normal<\/strong>?<\/p>\n<\/div>\n<\/div>\n<\/div><\/div>\n\n\n\n<p class=\"has-text-align-center\" style=\"font-size:28px\"><strong>Personajes ilustres<\/strong> <strong>que dejaron huella en nuestra comarca<\/strong><\/p>\n\n\n\n<div class=\"wp-block-columns is-layout-flex wp-container-core-columns-is-layout-9d6595d7 wp-block-columns-is-layout-flex\">\n<div class=\"wp-block-column is-layout-flow wp-block-column-is-layout-flow\">\n<figure class=\"wp-block-image size-full is-resized\"><img decoding=\"async\" width=\"592\" height=\"800\" data-src=\"https:\/\/www.turismocampdeturia.es\/turis\/wp-content\/uploads\/2024\/11\/abuelos-seleccionados-03.png\" alt=\"\" class=\"wp-image-7486 lazyload\" style=\"--smush-placeholder-width: 592px; --smush-placeholder-aspect-ratio: 592\/800;width:213px;height:auto\" data-srcset=\"https:\/\/www.turismocampdeturia.es\/turis\/wp-content\/uploads\/2024\/11\/abuelos-seleccionados-03.png 592w, https:\/\/www.turismocampdeturia.es\/turis\/wp-content\/uploads\/2024\/11\/abuelos-seleccionados-03-222x300.png 222w, https:\/\/www.turismocampdeturia.es\/turis\/wp-content\/uploads\/2024\/11\/abuelos-seleccionados-03-18x24.png 18w, https:\/\/www.turismocampdeturia.es\/turis\/wp-content\/uploads\/2024\/11\/abuelos-seleccionados-03-36x48.png 36w, https:\/\/www.turismocampdeturia.es\/turis\/wp-content\/uploads\/2024\/11\/abuelos-seleccionados-03-44x60.png 44w\" data-sizes=\"(max-width: 592px) 100vw, 592px\" src=\"data:image\/svg+xml;base64,PHN2ZyB3aWR0aD0iMSIgaGVpZ2h0PSIxIiB4bWxucz0iaHR0cDovL3d3dy53My5vcmcvMjAwMC9zdmciPjwvc3ZnPg==\" \/><\/figure>\n<\/div>\n\n\n\n<div class=\"wp-block-column is-layout-flow wp-block-column-is-layout-flow\"><div class=\"wp-block-image\">\n<figure class=\"alignright size-full is-resized\"><img decoding=\"async\" width=\"544\" height=\"461\" data-src=\"https:\/\/www.turismocampdeturia.es\/turis\/wp-content\/uploads\/2024\/11\/abuelos-seleccionados-02.png\" alt=\"\" class=\"wp-image-7427 lazyload\" style=\"--smush-placeholder-width: 544px; --smush-placeholder-aspect-ratio: 544\/461;width:300px\" data-srcset=\"https:\/\/www.turismocampdeturia.es\/turis\/wp-content\/uploads\/2024\/11\/abuelos-seleccionados-02.png 544w, https:\/\/www.turismocampdeturia.es\/turis\/wp-content\/uploads\/2024\/11\/abuelos-seleccionados-02-300x254.png 300w, https:\/\/www.turismocampdeturia.es\/turis\/wp-content\/uploads\/2024\/11\/abuelos-seleccionados-02-24x20.png 24w, https:\/\/www.turismocampdeturia.es\/turis\/wp-content\/uploads\/2024\/11\/abuelos-seleccionados-02-48x41.png 48w, https:\/\/www.turismocampdeturia.es\/turis\/wp-content\/uploads\/2024\/11\/abuelos-seleccionados-02-60x51.png 60w\" data-sizes=\"(max-width: 544px) 100vw, 544px\" src=\"data:image\/svg+xml;base64,PHN2ZyB3aWR0aD0iMSIgaGVpZ2h0PSIxIiB4bWxucz0iaHR0cDovL3d3dy53My5vcmcvMjAwMC9zdmciPjwvc3ZnPg==\" \/><\/figure>\n<\/div><\/div>\n<\/div>\n<\/div><\/div>\n\n\n\n<div class=\"wp-block-columns is-layout-flex wp-container-core-columns-is-layout-9d6595d7 wp-block-columns-is-layout-flex\">\n<div class=\"wp-block-column is-layout-flow wp-block-column-is-layout-flow\" style=\"flex-basis:33.33%\">\n<figure class=\"wp-block-image size-full is-resized\"><img decoding=\"async\" width=\"800\" height=\"600\" data-src=\"https:\/\/www.turismocampdeturia.es\/turis\/wp-content\/uploads\/2023\/11\/logomini.png\" alt=\"\" class=\"wp-image-27 lazyload\" style=\"--smush-placeholder-width: 800px; --smush-placeholder-aspect-ratio: 800\/600;width:270px;height:auto\" data-srcset=\"https:\/\/www.turismocampdeturia.es\/turis\/wp-content\/uploads\/2023\/11\/logomini.png 800w, https:\/\/www.turismocampdeturia.es\/turis\/wp-content\/uploads\/2023\/11\/logomini-300x225.png 300w, https:\/\/www.turismocampdeturia.es\/turis\/wp-content\/uploads\/2023\/11\/logomini-768x576.png 768w, https:\/\/www.turismocampdeturia.es\/turis\/wp-content\/uploads\/2023\/11\/logomini-24x18.png 24w, https:\/\/www.turismocampdeturia.es\/turis\/wp-content\/uploads\/2023\/11\/logomini-48x36.png 48w, https:\/\/www.turismocampdeturia.es\/turis\/wp-content\/uploads\/2023\/11\/logomini-60x45.png 60w\" data-sizes=\"(max-width: 800px) 100vw, 800px\" src=\"data:image\/svg+xml;base64,PHN2ZyB3aWR0aD0iMSIgaGVpZ2h0PSIxIiB4bWxucz0iaHR0cDovL3d3dy53My5vcmcvMjAwMC9zdmciPjwvc3ZnPg==\" \/><\/figure>\n<\/div>\n\n\n\n<div class=\"wp-block-column is-vertically-aligned-center is-layout-flow wp-block-column-is-layout-flow\" style=\"flex-basis:66.66%\"><\/div>\n<\/div>\n\n\n\n<p><\/p>\n","protected":false},"excerpt":{"rendered":"","protected":false},"author":1,"featured_media":0,"parent":0,"menu_order":0,"comment_status":"closed","ping_status":"closed","template":"","meta":{"footnotes":""},"class_list":["post-7423","page","type-page","status-publish","hentry"],"_links":{"self":[{"href":"https:\/\/www.turismocampdeturia.es\/turis\/wp-json\/wp\/v2\/pages\/7423","targetHints":{"allow":["GET"]}}],"collection":[{"href":"https:\/\/www.turismocampdeturia.es\/turis\/wp-json\/wp\/v2\/pages"}],"about":[{"href":"https:\/\/www.turismocampdeturia.es\/turis\/wp-json\/wp\/v2\/types\/page"}],"author":[{"embeddable":true,"href":"https:\/\/www.turismocampdeturia.es\/turis\/wp-json\/wp\/v2\/users\/1"}],"replies":[{"embeddable":true,"href":"https:\/\/www.turismocampdeturia.es\/turis\/wp-json\/wp\/v2\/comments?post=7423"}],"version-history":[{"count":17,"href":"https:\/\/www.turismocampdeturia.es\/turis\/wp-json\/wp\/v2\/pages\/7423\/revisions"}],"predecessor-version":[{"id":8092,"href":"https:\/\/www.turismocampdeturia.es\/turis\/wp-json\/wp\/v2\/pages\/7423\/revisions\/8092"}],"wp:attachment":[{"href":"https:\/\/www.turismocampdeturia.es\/turis\/wp-json\/wp\/v2\/media?parent=7423"}],"curies":[{"name":"wp","href":"https:\/\/api.w.org\/{rel}","templated":true}]}}