{"id":7762,"date":"2024-11-28T15:46:45","date_gmt":"2024-11-28T14:46:45","guid":{"rendered":"https:\/\/www.turismocampdeturia.es\/turis\/?page_id=7762"},"modified":"2025-08-22T12:30:29","modified_gmt":"2025-08-22T10:30:29","slug":"masterclass-paella-valenciana-petit-comite","status":"publish","type":"page","link":"https:\/\/www.turismocampdeturia.es\/turis\/experiencias\/masterclass-paella-valenciana-petit-comite\/","title":{"rendered":"03Masterclass de paella valenciana en \u201cPetit Comit\u00e9\u201d"},"content":{"rendered":"\n<figure class=\"wp-block-image alignfull size-full\"><img decoding=\"async\" width=\"1920\" height=\"817\" data-src=\"https:\/\/www.turismocampdeturia.es\/turis\/wp-content\/uploads\/2024\/11\/Exp03H.jpg\" alt=\"\" class=\"wp-image-7476 lazyload\" data-srcset=\"https:\/\/www.turismocampdeturia.es\/turis\/wp-content\/uploads\/2024\/11\/Exp03H.jpg 1920w, https:\/\/www.turismocampdeturia.es\/turis\/wp-content\/uploads\/2024\/11\/Exp03H-300x128.jpg 300w, https:\/\/www.turismocampdeturia.es\/turis\/wp-content\/uploads\/2024\/11\/Exp03H-768x327.jpg 768w, https:\/\/www.turismocampdeturia.es\/turis\/wp-content\/uploads\/2024\/11\/Exp03H-1536x654.jpg 1536w, https:\/\/www.turismocampdeturia.es\/turis\/wp-content\/uploads\/2024\/11\/Exp03H-24x10.jpg 24w, https:\/\/www.turismocampdeturia.es\/turis\/wp-content\/uploads\/2024\/11\/Exp03H-48x20.jpg 48w, https:\/\/www.turismocampdeturia.es\/turis\/wp-content\/uploads\/2024\/11\/Exp03H-60x26.jpg 60w\" data-sizes=\"(max-width: 1920px) 100vw, 1920px\" src=\"data:image\/svg+xml;base64,PHN2ZyB3aWR0aD0iMSIgaGVpZ2h0PSIxIiB4bWxucz0iaHR0cDovL3d3dy53My5vcmcvMjAwMC9zdmciPjwvc3ZnPg==\" style=\"--smush-placeholder-width: 1920px; --smush-placeholder-aspect-ratio: 1920\/817;\" \/><\/figure>\n\n\n\n<div style=\"height:16px\" aria-hidden=\"true\" class=\"wp-block-spacer\"><\/div>\n\n\n\n<h1 class=\"wp-block-heading\" style=\"font-size:46px\"><strong>Masterclass de paella valenciana en \u201cPetit Comit\u00e9\u201d<\/strong><\/h1>\n\n\n\n<p style=\"font-size:30px\"><\/p>\n\n\n\n<div class=\"wp-block-media-text is-stacked-on-mobile is-vertically-aligned-top has-black-color has-text-color has-link-color wp-elements-efdc69b435c4ad6c8e30a521c41afa6a\" style=\"grid-template-columns:45% auto\"><figure class=\"wp-block-media-text__media\"><img decoding=\"async\" width=\"786\" height=\"1024\" data-src=\"https:\/\/www.turismocampdeturia.es\/turis\/wp-content\/uploads\/2024\/11\/Exp03V-786x1024.jpg\" alt=\"\" class=\"wp-image-7473 size-full lazyload\" data-srcset=\"https:\/\/www.turismocampdeturia.es\/turis\/wp-content\/uploads\/2024\/11\/Exp03V-786x1024.jpg 786w, https:\/\/www.turismocampdeturia.es\/turis\/wp-content\/uploads\/2024\/11\/Exp03V-230x300.jpg 230w, https:\/\/www.turismocampdeturia.es\/turis\/wp-content\/uploads\/2024\/11\/Exp03V-768x1000.jpg 768w, https:\/\/www.turismocampdeturia.es\/turis\/wp-content\/uploads\/2024\/11\/Exp03V-18x24.jpg 18w, https:\/\/www.turismocampdeturia.es\/turis\/wp-content\/uploads\/2024\/11\/Exp03V-37x48.jpg 37w, https:\/\/www.turismocampdeturia.es\/turis\/wp-content\/uploads\/2024\/11\/Exp03V-46x60.jpg 46w, https:\/\/www.turismocampdeturia.es\/turis\/wp-content\/uploads\/2024\/11\/Exp03V.jpg 869w\" data-sizes=\"(max-width: 786px) 100vw, 786px\" src=\"data:image\/svg+xml;base64,PHN2ZyB3aWR0aD0iMSIgaGVpZ2h0PSIxIiB4bWxucz0iaHR0cDovL3d3dy53My5vcmcvMjAwMC9zdmciPjwvc3ZnPg==\" style=\"--smush-placeholder-width: 786px; --smush-placeholder-aspect-ratio: 786\/1024;\" \/><\/figure><div class=\"wp-block-media-text__content\">\n<p>Vive la EXPERIENCIA de cocinar tu propia Paella Valenciana Tradicional a le\u00f1a en el Restaurante Levante Benissan\u00f3. Podr\u00e1s aprender junto a tu pareja o acompa\u00f1ante los secretos de la Paella Valenciana con el asesoramiento de tres generaciones dedicadas a este emblem\u00e1tico plato.<\/p>\n\n\n\n<p>M\u00ednima previsi\u00f3n de reserva con 7 d\u00edas de antelaci\u00f3n para la personalizaci\u00f3n del material. De lunes a viernes (no festivos) de 16:00 a 18:00 (posibilidad de flexibilidad en el horario pudiendo iniciar a las 13:00 para poder comer en el mismo restaurante por un suplemento de 50\u20ac (consultar condiciones). Previa reserva sujeta a disponibilidad, consultad con el equipo.<\/p>\n\n\n\n<p>Incluye<br>Para 2 personas:<\/p>\n\n\n\n<p>\u2022 Parte te\u00f3rica. Explicaci\u00f3n de la receta, diferentes tipos de paellas (recipientes)<br>\u2022 Parte pr\u00e1ctica. Cocinado a le\u00f1a de una paella de 4 raciones (que luego se llevan a casa)<br>\u2022 2 bebidas incluidas durante el cocinado<br>\u2022 Delantal personalizado, Diploma, Carn\u00e9, Bolsa Obsequio y m\u00e1s.<\/p>\n\n\n\n<p>Pack secret Levante<\/p>\n\n\n\n<p>\u2022 Paella (recipiente) de 34 cm. (para 2 raciones) (este pack puede ampliarse para 3 o 4 personas con el correspondiente incremento en el precio)<br>\u2022 Posibilidad de flexibilidad en el horario para poder comer en el mismo restaurante<\/p>\n\n\n\n<p>Precio Desde 200\u20ac pax. Grupos de 2 a 4 personas.<\/p>\n<\/div><\/div>\n\n\n\n<div style=\"height:15px\" aria-hidden=\"true\" class=\"wp-block-spacer\"><\/div>\n\n\n\n<div class=\"wp-block-cover alignwide\" style=\"min-height:182px;aspect-ratio:unset;\"><span aria-hidden=\"true\" class=\"wp-block-cover__background has-background-dim-100 has-background-dim\" style=\"background-color:#014441\"><\/span><div class=\"wp-block-cover__inner-container is-layout-constrained wp-block-cover-is-layout-constrained\">\n<div class=\"wp-block-columns is-layout-flex wp-container-core-columns-is-layout-9d6595d7 wp-block-columns-is-layout-flex\">\n<div class=\"wp-block-column is-layout-flow wp-block-column-is-layout-flow\">\n<figure class=\"wp-block-image size-full is-resized\"><a href=\"#galeria\"><img decoding=\"async\" width=\"566\" height=\"264\" data-src=\"https:\/\/www.turismocampdeturia.es\/turis\/wp-content\/uploads\/2023\/11\/botgaleria.png\" alt=\"\" class=\"wp-image-184 lazyload\" style=\"--smush-placeholder-width: 566px; --smush-placeholder-aspect-ratio: 566\/264;width:auto;height:80px\" data-srcset=\"https:\/\/www.turismocampdeturia.es\/turis\/wp-content\/uploads\/2023\/11\/botgaleria.png 566w, https:\/\/www.turismocampdeturia.es\/turis\/wp-content\/uploads\/2023\/11\/botgaleria-300x140.png 300w, https:\/\/www.turismocampdeturia.es\/turis\/wp-content\/uploads\/2023\/11\/botgaleria-24x11.png 24w, https:\/\/www.turismocampdeturia.es\/turis\/wp-content\/uploads\/2023\/11\/botgaleria-48x22.png 48w, https:\/\/www.turismocampdeturia.es\/turis\/wp-content\/uploads\/2023\/11\/botgaleria-60x28.png 60w\" data-sizes=\"(max-width: 566px) 100vw, 566px\" src=\"data:image\/svg+xml;base64,PHN2ZyB3aWR0aD0iMSIgaGVpZ2h0PSIxIiB4bWxucz0iaHR0cDovL3d3dy53My5vcmcvMjAwMC9zdmciPjwvc3ZnPg==\" \/><\/a><\/figure>\n<\/div>\n\n\n\n<div class=\"wp-block-column is-layout-flow wp-block-column-is-layout-flow\">\n<figure class=\"wp-block-image size-full is-resized wp-duotone-purple-yellow\"><a href=\"https:\/\/youtu.be\/H3E5bl86fbg\" target=\"_blank\" rel=\" noreferrer noopener\"><img decoding=\"async\" width=\"275\" height=\"138\" data-src=\"https:\/\/www.turismocampdeturia.es\/turis\/wp-content\/uploads\/2024\/11\/logo-video.png\" alt=\"\" class=\"wp-image-7743 lazyload\" style=\"--smush-placeholder-width: 275px; --smush-placeholder-aspect-ratio: 275\/138;width:auto;height:80px\" data-srcset=\"https:\/\/www.turismocampdeturia.es\/turis\/wp-content\/uploads\/2024\/11\/logo-video.png 275w, https:\/\/www.turismocampdeturia.es\/turis\/wp-content\/uploads\/2024\/11\/logo-video-24x12.png 24w, https:\/\/www.turismocampdeturia.es\/turis\/wp-content\/uploads\/2024\/11\/logo-video-48x24.png 48w, https:\/\/www.turismocampdeturia.es\/turis\/wp-content\/uploads\/2024\/11\/logo-video-60x30.png 60w\" data-sizes=\"(max-width: 275px) 100vw, 275px\" src=\"data:image\/svg+xml;base64,PHN2ZyB3aWR0aD0iMSIgaGVpZ2h0PSIxIiB4bWxucz0iaHR0cDovL3d3dy53My5vcmcvMjAwMC9zdmciPjwvc3ZnPg==\" \/><\/a><\/figure>\n<\/div>\n\n\n\n<div class=\"wp-block-column is-layout-flow wp-block-column-is-layout-flow\">\n<figure class=\"wp-block-image size-full is-resized wp-duotone-purple-yellow\"><a href=\"#horario\"><img decoding=\"async\" width=\"342\" height=\"139\" data-src=\"https:\/\/www.turismocampdeturia.es\/turis\/wp-content\/uploads\/2024\/11\/contacto.png\" alt=\"\" class=\"wp-image-7744 lazyload\" style=\"--smush-placeholder-width: 342px; --smush-placeholder-aspect-ratio: 342\/139;width:auto;height:80px\" data-srcset=\"https:\/\/www.turismocampdeturia.es\/turis\/wp-content\/uploads\/2024\/11\/contacto.png 342w, https:\/\/www.turismocampdeturia.es\/turis\/wp-content\/uploads\/2024\/11\/contacto-300x122.png 300w, https:\/\/www.turismocampdeturia.es\/turis\/wp-content\/uploads\/2024\/11\/contacto-24x10.png 24w, https:\/\/www.turismocampdeturia.es\/turis\/wp-content\/uploads\/2024\/11\/contacto-48x20.png 48w, https:\/\/www.turismocampdeturia.es\/turis\/wp-content\/uploads\/2024\/11\/contacto-60x24.png 60w\" data-sizes=\"(max-width: 342px) 100vw, 342px\" src=\"data:image\/svg+xml;base64,PHN2ZyB3aWR0aD0iMSIgaGVpZ2h0PSIxIiB4bWxucz0iaHR0cDovL3d3dy53My5vcmcvMjAwMC9zdmciPjwvc3ZnPg==\" \/><\/a><\/figure>\n<\/div>\n\n\n\n<div class=\"wp-block-column is-layout-flow wp-block-column-is-layout-flow\">\n<figure class=\"wp-block-image size-full is-resized wp-duotone-magenta-yellow\"><a href=\"https:\/\/www.google.com\/maps\/place\/Restaurante+Levante+Benisan%C3%B3\/@39.6130705,-0.5755076,81m\/data=!3m1!1e3!4m6!3m5!1s0xd605fa65fcde98d:0xd2d4c4567b96465e!8m2!3d39.6127891!4d-0.5754835!16s%2Fg%2F1tfk15l7?entry=ttu&amp;g_ep=EgoyMDI1MDgxOS4wIKXMDSoASAFQAw%3D%3D\" target=\"_blank\" rel=\" noreferrer noopener\"><img decoding=\"async\" width=\"788\" height=\"284\" data-src=\"https:\/\/www.turismocampdeturia.es\/turis\/wp-content\/uploads\/2023\/11\/botcomollegar.png\" alt=\"\" class=\"wp-image-186 lazyload\" style=\"--smush-placeholder-width: 788px; --smush-placeholder-aspect-ratio: 788\/284;width:auto;height:80px\" data-srcset=\"https:\/\/www.turismocampdeturia.es\/turis\/wp-content\/uploads\/2023\/11\/botcomollegar.png 788w, https:\/\/www.turismocampdeturia.es\/turis\/wp-content\/uploads\/2023\/11\/botcomollegar-300x108.png 300w, https:\/\/www.turismocampdeturia.es\/turis\/wp-content\/uploads\/2023\/11\/botcomollegar-768x277.png 768w, https:\/\/www.turismocampdeturia.es\/turis\/wp-content\/uploads\/2023\/11\/botcomollegar-24x9.png 24w, https:\/\/www.turismocampdeturia.es\/turis\/wp-content\/uploads\/2023\/11\/botcomollegar-48x17.png 48w, https:\/\/www.turismocampdeturia.es\/turis\/wp-content\/uploads\/2023\/11\/botcomollegar-60x22.png 60w\" data-sizes=\"(max-width: 788px) 100vw, 788px\" src=\"data:image\/svg+xml;base64,PHN2ZyB3aWR0aD0iMSIgaGVpZ2h0PSIxIiB4bWxucz0iaHR0cDovL3d3dy53My5vcmcvMjAwMC9zdmciPjwvc3ZnPg==\" \/><\/a><\/figure>\n<\/div>\n<\/div>\n<\/div><\/div>\n\n\n\n<div style=\"height:36px\" aria-hidden=\"true\" class=\"wp-block-spacer\"><\/div>\n\n\n\n<h2 class=\"wp-block-heading has-text-color has-link-color wp-elements-72c8462101216fca9367b39b11d8a864\" id=\"galeria\" style=\"color:#014441\">Galer\u00eda<\/h2>\n\n\n\n<figure class=\"wp-block-gallery has-nested-images columns-4 is-cropped wp-block-gallery-1 is-layout-flex wp-block-gallery-is-layout-flex\">\n<figure class=\"wp-block-image size-large\"><a href=\"https:\/\/www.turismocampdeturia.es\/turis\/wp-content\/uploads\/2024\/06\/02Mastercclass.jpg\"><img decoding=\"async\" width=\"796\" height=\"1024\" data-id=\"5628\" data-src=\"https:\/\/www.turismocampdeturia.es\/turis\/wp-content\/uploads\/2024\/06\/02Mastercclass-796x1024.jpg\" alt=\"\" class=\"wp-image-5628 lazyload\" data-srcset=\"https:\/\/www.turismocampdeturia.es\/turis\/wp-content\/uploads\/2024\/06\/02Mastercclass-796x1024.jpg 796w, https:\/\/www.turismocampdeturia.es\/turis\/wp-content\/uploads\/2024\/06\/02Mastercclass-233x300.jpg 233w, https:\/\/www.turismocampdeturia.es\/turis\/wp-content\/uploads\/2024\/06\/02Mastercclass-768x988.jpg 768w, https:\/\/www.turismocampdeturia.es\/turis\/wp-content\/uploads\/2024\/06\/02Mastercclass-19x24.jpg 19w, https:\/\/www.turismocampdeturia.es\/turis\/wp-content\/uploads\/2024\/06\/02Mastercclass-37x48.jpg 37w, https:\/\/www.turismocampdeturia.es\/turis\/wp-content\/uploads\/2024\/06\/02Mastercclass-47x60.jpg 47w, https:\/\/www.turismocampdeturia.es\/turis\/wp-content\/uploads\/2024\/06\/02Mastercclass.jpg 1000w\" data-sizes=\"(max-width: 796px) 100vw, 796px\" src=\"data:image\/svg+xml;base64,PHN2ZyB3aWR0aD0iMSIgaGVpZ2h0PSIxIiB4bWxucz0iaHR0cDovL3d3dy53My5vcmcvMjAwMC9zdmciPjwvc3ZnPg==\" style=\"--smush-placeholder-width: 796px; --smush-placeholder-aspect-ratio: 796\/1024;\" \/><\/a><\/figure>\n\n\n\n<figure class=\"wp-block-image size-full\"><a href=\"https:\/\/www.turismocampdeturia.es\/turis\/wp-content\/uploads\/2024\/09\/Levantebenissano4498.jpeg\"><img decoding=\"async\" width=\"9504\" height=\"6336\" data-id=\"7288\" data-src=\"https:\/\/www.turismocampdeturia.es\/turis\/wp-content\/uploads\/2024\/09\/Levantebenissano4498.jpeg\" alt=\"\" class=\"wp-image-7288 lazyload\" data-srcset=\"https:\/\/www.turismocampdeturia.es\/turis\/wp-content\/uploads\/2024\/09\/Levantebenissano4498.jpeg 9504w, https:\/\/www.turismocampdeturia.es\/turis\/wp-content\/uploads\/2024\/09\/Levantebenissano4498-300x200.jpeg 300w, https:\/\/www.turismocampdeturia.es\/turis\/wp-content\/uploads\/2024\/09\/Levantebenissano4498-768x512.jpeg 768w, https:\/\/www.turismocampdeturia.es\/turis\/wp-content\/uploads\/2024\/09\/Levantebenissano4498-24x16.jpeg 24w, https:\/\/www.turismocampdeturia.es\/turis\/wp-content\/uploads\/2024\/09\/Levantebenissano4498-48x32.jpeg 48w, https:\/\/www.turismocampdeturia.es\/turis\/wp-content\/uploads\/2024\/09\/Levantebenissano4498-60x40.jpeg 60w\" data-sizes=\"(max-width: 9504px) 100vw, 9504px\" src=\"data:image\/svg+xml;base64,PHN2ZyB3aWR0aD0iMSIgaGVpZ2h0PSIxIiB4bWxucz0iaHR0cDovL3d3dy53My5vcmcvMjAwMC9zdmciPjwvc3ZnPg==\" style=\"--smush-placeholder-width: 9504px; --smush-placeholder-aspect-ratio: 9504\/6336;\" \/><\/a><\/figure>\n\n\n\n<figure class=\"wp-block-image size-large\"><a href=\"https:\/\/www.turismocampdeturia.es\/turis\/wp-content\/uploads\/2024\/11\/ExpF021.jpg\"><img decoding=\"async\" width=\"1194\" height=\"1024\" data-id=\"7472\" data-src=\"https:\/\/www.turismocampdeturia.es\/turis\/wp-content\/uploads\/2024\/11\/ExpF021-1194x1024.jpg\" alt=\"\" class=\"wp-image-7472 lazyload\" data-srcset=\"https:\/\/www.turismocampdeturia.es\/turis\/wp-content\/uploads\/2024\/11\/ExpF021-1194x1024.jpg 1194w, https:\/\/www.turismocampdeturia.es\/turis\/wp-content\/uploads\/2024\/11\/ExpF021-300x257.jpg 300w, https:\/\/www.turismocampdeturia.es\/turis\/wp-content\/uploads\/2024\/11\/ExpF021-768x658.jpg 768w, https:\/\/www.turismocampdeturia.es\/turis\/wp-content\/uploads\/2024\/11\/ExpF021-1536x1317.jpg 1536w, https:\/\/www.turismocampdeturia.es\/turis\/wp-content\/uploads\/2024\/11\/ExpF021-24x21.jpg 24w, https:\/\/www.turismocampdeturia.es\/turis\/wp-content\/uploads\/2024\/11\/ExpF021-48x41.jpg 48w, https:\/\/www.turismocampdeturia.es\/turis\/wp-content\/uploads\/2024\/11\/ExpF021-60x51.jpg 60w, https:\/\/www.turismocampdeturia.es\/turis\/wp-content\/uploads\/2024\/11\/ExpF021.jpg 1920w\" data-sizes=\"(max-width: 1194px) 100vw, 1194px\" src=\"data:image\/svg+xml;base64,PHN2ZyB3aWR0aD0iMSIgaGVpZ2h0PSIxIiB4bWxucz0iaHR0cDovL3d3dy53My5vcmcvMjAwMC9zdmciPjwvc3ZnPg==\" style=\"--smush-placeholder-width: 1194px; --smush-placeholder-aspect-ratio: 1194\/1024;\" \/><\/a><\/figure>\n\n\n\n<figure class=\"wp-block-image size-large\"><a href=\"https:\/\/www.turismocampdeturia.es\/turis\/wp-content\/uploads\/2024\/11\/ExpF022.jpg\"><img decoding=\"async\" width=\"762\" height=\"1024\" data-id=\"7471\" data-src=\"https:\/\/www.turismocampdeturia.es\/turis\/wp-content\/uploads\/2024\/11\/ExpF022-762x1024.jpg\" alt=\"\" class=\"wp-image-7471 lazyload\" data-srcset=\"https:\/\/www.turismocampdeturia.es\/turis\/wp-content\/uploads\/2024\/11\/ExpF022-762x1024.jpg 762w, https:\/\/www.turismocampdeturia.es\/turis\/wp-content\/uploads\/2024\/11\/ExpF022-223x300.jpg 223w, https:\/\/www.turismocampdeturia.es\/turis\/wp-content\/uploads\/2024\/11\/ExpF022-768x1032.jpg 768w, https:\/\/www.turismocampdeturia.es\/turis\/wp-content\/uploads\/2024\/11\/ExpF022-1143x1536.jpg 1143w, https:\/\/www.turismocampdeturia.es\/turis\/wp-content\/uploads\/2024\/11\/ExpF022-18x24.jpg 18w, https:\/\/www.turismocampdeturia.es\/turis\/wp-content\/uploads\/2024\/11\/ExpF022-36x48.jpg 36w, https:\/\/www.turismocampdeturia.es\/turis\/wp-content\/uploads\/2024\/11\/ExpF022-45x60.jpg 45w, https:\/\/www.turismocampdeturia.es\/turis\/wp-content\/uploads\/2024\/11\/ExpF022.jpg 1429w\" data-sizes=\"(max-width: 762px) 100vw, 762px\" src=\"data:image\/svg+xml;base64,PHN2ZyB3aWR0aD0iMSIgaGVpZ2h0PSIxIiB4bWxucz0iaHR0cDovL3d3dy53My5vcmcvMjAwMC9zdmciPjwvc3ZnPg==\" style=\"--smush-placeholder-width: 762px; --smush-placeholder-aspect-ratio: 762\/1024;\" \/><\/a><\/figure>\n<\/figure>\n\n\n\n<div style=\"height:57px\" aria-hidden=\"true\" class=\"wp-block-spacer\"><\/div>\n\n\n\n<div class=\"wp-block-cover\" style=\"min-height:272px;aspect-ratio:unset;\"><span aria-hidden=\"true\" class=\"wp-block-cover__background has-background-dim-100 has-background-dim\" style=\"background-color:#014441\"><\/span><div class=\"wp-block-cover__inner-container is-layout-constrained wp-block-cover-is-layout-constrained\">\n<div class=\"wp-block-columns is-layout-flex wp-container-core-columns-is-layout-9d6595d7 wp-block-columns-is-layout-flex\">\n<div class=\"wp-block-column is-layout-flow wp-block-column-is-layout-flow\">\n<h2 class=\"wp-block-heading has-text-align-left\" id=\"horario\">Contacto<\/h2>\n\n\n\n<p>Restaurante Levante<\/p>\n\n\n\n<p class=\"has-white-color has-text-color has-link-color wp-elements-bf3e4a48c10f9b9b66947afbe0fe7b90\"><a href=\"tel:962780721\">962 78 07 21<\/a> &#8211; WhatsApp: <a href=\"tel:650193279\">650193279<\/a><br>\u2022 <a href=\"http:\/\/www.restaurantelevante.com\">www.restaurantelevante.com<\/a><br>\u2022 <a href=\"mailto:benissano@restaurantelevante.com\">benissano@restaurantelevante.com<\/a><\/p>\n<\/div>\n<\/div>\n<\/div><\/div>\n\n\n\n<div style=\"height:53px\" aria-hidden=\"true\" class=\"wp-block-spacer\"><\/div>\n\n\n\n<div style=\"height:35px\" aria-hidden=\"true\" class=\"wp-block-spacer\"><\/div>\n\n\n\n<div class=\"wp-block-columns is-layout-flex wp-container-core-columns-is-layout-9d6595d7 wp-block-columns-is-layout-flex\">\n<div class=\"wp-block-column is-layout-flow wp-block-column-is-layout-flow\">\n<figure class=\"wp-block-image size-full is-resized\"><img decoding=\"async\" width=\"800\" height=\"600\" data-src=\"https:\/\/www.turismocampdeturia.es\/turis\/wp-content\/uploads\/2023\/11\/logomini.png\" alt=\"\" class=\"wp-image-27 lazyload\" style=\"--smush-placeholder-width: 800px; --smush-placeholder-aspect-ratio: 800\/600;width:220px\" data-srcset=\"https:\/\/www.turismocampdeturia.es\/turis\/wp-content\/uploads\/2023\/11\/logomini.png 800w, https:\/\/www.turismocampdeturia.es\/turis\/wp-content\/uploads\/2023\/11\/logomini-300x225.png 300w, https:\/\/www.turismocampdeturia.es\/turis\/wp-content\/uploads\/2023\/11\/logomini-768x576.png 768w, https:\/\/www.turismocampdeturia.es\/turis\/wp-content\/uploads\/2023\/11\/logomini-24x18.png 24w, https:\/\/www.turismocampdeturia.es\/turis\/wp-content\/uploads\/2023\/11\/logomini-48x36.png 48w, https:\/\/www.turismocampdeturia.es\/turis\/wp-content\/uploads\/2023\/11\/logomini-60x45.png 60w\" data-sizes=\"(max-width: 800px) 100vw, 800px\" src=\"data:image\/svg+xml;base64,PHN2ZyB3aWR0aD0iMSIgaGVpZ2h0PSIxIiB4bWxucz0iaHR0cDovL3d3dy53My5vcmcvMjAwMC9zdmciPjwvc3ZnPg==\" \/><\/figure>\n<\/div>\n\n\n\n<div class=\"wp-block-column is-layout-flow wp-block-column-is-layout-flow\"><\/div>\n\n\n\n<div class=\"wp-block-column is-layout-flow wp-block-column-is-layout-flow\"><\/div>\n<\/div>\n","protected":false},"excerpt":{"rendered":"<p>Masterclass de paella valenciana en \u201cPetit Comit\u00e9\u201d Vive la EXPERIENCIA de cocinar tu propia Paella Valenciana Tradicional a le\u00f1a en el Restaurante Levante Benissan\u00f3. Podr\u00e1s aprender junto a tu pareja o acompa\u00f1ante<a class=\"moretag\" href=\"https:\/\/www.turismocampdeturia.es\/turis\/experiencias\/masterclass-paella-valenciana-petit-comite\/\">Leer m\u00e1s&#8230;<\/a><\/p>\n","protected":false},"author":1,"featured_media":0,"parent":5561,"menu_order":0,"comment_status":"closed","ping_status":"closed","template":"","meta":{"footnotes":""},"class_list":["post-7762","page","type-page","status-publish","hentry"],"_links":{"self":[{"href":"https:\/\/www.turismocampdeturia.es\/turis\/wp-json\/wp\/v2\/pages\/7762","targetHints":{"allow":["GET"]}}],"collection":[{"href":"https:\/\/www.turismocampdeturia.es\/turis\/wp-json\/wp\/v2\/pages"}],"about":[{"href":"https:\/\/www.turismocampdeturia.es\/turis\/wp-json\/wp\/v2\/types\/page"}],"author":[{"embeddable":true,"href":"https:\/\/www.turismocampdeturia.es\/turis\/wp-json\/wp\/v2\/users\/1"}],"replies":[{"embeddable":true,"href":"https:\/\/www.turismocampdeturia.es\/turis\/wp-json\/wp\/v2\/comments?post=7762"}],"version-history":[{"count":8,"href":"https:\/\/www.turismocampdeturia.es\/turis\/wp-json\/wp\/v2\/pages\/7762\/revisions"}],"predecessor-version":[{"id":8377,"href":"https:\/\/www.turismocampdeturia.es\/turis\/wp-json\/wp\/v2\/pages\/7762\/revisions\/8377"}],"up":[{"embeddable":true,"href":"https:\/\/www.turismocampdeturia.es\/turis\/wp-json\/wp\/v2\/pages\/5561"}],"wp:attachment":[{"href":"https:\/\/www.turismocampdeturia.es\/turis\/wp-json\/wp\/v2\/media?parent=7762"}],"curies":[{"name":"wp","href":"https:\/\/api.w.org\/{rel}","templated":true}]}}