{"id":7782,"date":"2024-11-28T16:24:27","date_gmt":"2024-11-28T15:24:27","guid":{"rendered":"https:\/\/www.turismocampdeturia.es\/turis\/?page_id=7782"},"modified":"2025-03-15T00:33:16","modified_gmt":"2025-03-14T23:33:16","slug":"escapada","status":"publish","type":"page","link":"https:\/\/www.turismocampdeturia.es\/turis\/experiencias\/escapada\/","title":{"rendered":"09Escapada aventura rural"},"content":{"rendered":"\n<figure class=\"wp-block-image alignfull size-full\"><img decoding=\"async\" width=\"1920\" height=\"817\" data-src=\"https:\/\/www.turismocampdeturia.es\/turis\/wp-content\/uploads\/2024\/11\/Exp09H.jpg\" alt=\"\" class=\"wp-image-7565 lazyload\" data-srcset=\"https:\/\/www.turismocampdeturia.es\/turis\/wp-content\/uploads\/2024\/11\/Exp09H.jpg 1920w, https:\/\/www.turismocampdeturia.es\/turis\/wp-content\/uploads\/2024\/11\/Exp09H-300x128.jpg 300w, https:\/\/www.turismocampdeturia.es\/turis\/wp-content\/uploads\/2024\/11\/Exp09H-768x327.jpg 768w, https:\/\/www.turismocampdeturia.es\/turis\/wp-content\/uploads\/2024\/11\/Exp09H-1536x654.jpg 1536w, https:\/\/www.turismocampdeturia.es\/turis\/wp-content\/uploads\/2024\/11\/Exp09H-24x10.jpg 24w, https:\/\/www.turismocampdeturia.es\/turis\/wp-content\/uploads\/2024\/11\/Exp09H-48x20.jpg 48w, https:\/\/www.turismocampdeturia.es\/turis\/wp-content\/uploads\/2024\/11\/Exp09H-60x26.jpg 60w\" data-sizes=\"(max-width: 1920px) 100vw, 1920px\" src=\"data:image\/svg+xml;base64,PHN2ZyB3aWR0aD0iMSIgaGVpZ2h0PSIxIiB4bWxucz0iaHR0cDovL3d3dy53My5vcmcvMjAwMC9zdmciPjwvc3ZnPg==\" style=\"--smush-placeholder-width: 1920px; --smush-placeholder-aspect-ratio: 1920\/817;\" \/><\/figure>\n\n\n\n<div style=\"height:16px\" aria-hidden=\"true\" class=\"wp-block-spacer\"><\/div>\n\n\n\n<h1 class=\"wp-block-heading\" style=\"font-size:52px\"><strong>Escapada aventura rural<\/strong><\/h1>\n\n\n\n<p style=\"font-size:30px\"><\/p>\n\n\n\n<div class=\"wp-block-media-text is-stacked-on-mobile is-vertically-aligned-top has-black-color has-text-color has-link-color wp-elements-3e7d046d57b1da4a47940339b8edd62d\" style=\"grid-template-columns:45% auto\"><figure class=\"wp-block-media-text__media\"><img decoding=\"async\" width=\"786\" height=\"1024\" data-src=\"https:\/\/www.turismocampdeturia.es\/turis\/wp-content\/uploads\/2024\/11\/Exp09V-786x1024.jpg\" alt=\"\" class=\"wp-image-7566 size-full lazyload\" data-srcset=\"https:\/\/www.turismocampdeturia.es\/turis\/wp-content\/uploads\/2024\/11\/Exp09V-786x1024.jpg 786w, https:\/\/www.turismocampdeturia.es\/turis\/wp-content\/uploads\/2024\/11\/Exp09V-230x300.jpg 230w, https:\/\/www.turismocampdeturia.es\/turis\/wp-content\/uploads\/2024\/11\/Exp09V-768x1000.jpg 768w, https:\/\/www.turismocampdeturia.es\/turis\/wp-content\/uploads\/2024\/11\/Exp09V-18x24.jpg 18w, https:\/\/www.turismocampdeturia.es\/turis\/wp-content\/uploads\/2024\/11\/Exp09V-37x48.jpg 37w, https:\/\/www.turismocampdeturia.es\/turis\/wp-content\/uploads\/2024\/11\/Exp09V-46x60.jpg 46w, https:\/\/www.turismocampdeturia.es\/turis\/wp-content\/uploads\/2024\/11\/Exp09V.jpg 869w\" data-sizes=\"(max-width: 786px) 100vw, 786px\" src=\"data:image\/svg+xml;base64,PHN2ZyB3aWR0aD0iMSIgaGVpZ2h0PSIxIiB4bWxucz0iaHR0cDovL3d3dy53My5vcmcvMjAwMC9zdmciPjwvc3ZnPg==\" style=\"--smush-placeholder-width: 786px; --smush-placeholder-aspect-ratio: 786\/1024;\" \/><\/figure><div class=\"wp-block-media-text__content\">\n<p>Desde Gorgo aventuras ofrecemos un fin de semana en la casa rural El Gorgo con una aventura de r\u00e1pel.<br>S\u00e1bado de senderismo para reconocer la zona donde nos ubicamos, con incre\u00edbles vistas y domingo de canyoning, r\u00e1peles, destrepes y mucha aventura. Saliendo a pie desde G\u00e1tova (Sierra Calderona), recorreremos la monta\u00f1a m\u00e1s emblem\u00e1tica de la localidad, disfrutaremos de la vista m\u00e1s espectacular y desconocida del pueblo, viendo antiguos vestigios de la Guerra Civil y escuchando leyendas e historias del territorio.<br><\/p>\n\n\n\n<p>P\u00fablico al que va dirigido: parejas, amigos y familias con hijos mayores de 12 a\u00f1os<br><br>Fines de semana y festivos durante todo el a\u00f1o<\/p>\n\n\n\n<p>Incluye<br>\u2022 2 noches de alojamiento en casa rural El Gorgo<br>\u2022 Actividad 1: Ruta Senderista (s\u00e1bado)<br>\u2022 Actividad 2: Aventura vertical (domingo)<br>\u2022 Gu\u00eda de monta\u00f1a y barrancos local titulado (Socio AEGM N\u00ba. 1521)<br>\u2022 Equipo espec\u00edfico de grupo o individual (arn\u00e9s, casco, cuerdas, descensor, etc.)<br>\u2022 Fotograf\u00edas de recuerdo<br>\u2022 Seguro de accidentes<\/p>\n\n\n\n<p>Pago anticipado para poder reservar. Devoluci\u00f3n 100% hasta 7 d\u00edas antes, devoluci\u00f3n 50% hasta 1 d\u00eda antes.<\/p>\n\n\n\n<p>Precio desde 360\u20ac para dos personas. Grupos de 2 a 6\u00a0personas.<\/p>\n<\/div><\/div>\n\n\n\n<div style=\"height:15px\" aria-hidden=\"true\" class=\"wp-block-spacer\"><\/div>\n\n\n\n<div class=\"wp-block-cover alignwide\" style=\"min-height:182px;aspect-ratio:unset;\"><span aria-hidden=\"true\" class=\"wp-block-cover__background has-background-dim-100 has-background-dim\" style=\"background-color:#014441\"><\/span><div class=\"wp-block-cover__inner-container is-layout-constrained wp-block-cover-is-layout-constrained\">\n<div class=\"wp-block-columns is-layout-flex wp-container-core-columns-is-layout-9d6595d7 wp-block-columns-is-layout-flex\">\n<div class=\"wp-block-column is-layout-flow wp-block-column-is-layout-flow\">\n<figure class=\"wp-block-image size-full is-resized\"><img decoding=\"async\" width=\"566\" height=\"264\" data-src=\"https:\/\/www.turismocampdeturia.es\/turis\/wp-content\/uploads\/2023\/11\/botgaleria.png\" alt=\"\" class=\"wp-image-184 lazyload\" style=\"--smush-placeholder-width: 566px; --smush-placeholder-aspect-ratio: 566\/264;width:auto;height:80px\" data-srcset=\"https:\/\/www.turismocampdeturia.es\/turis\/wp-content\/uploads\/2023\/11\/botgaleria.png 566w, https:\/\/www.turismocampdeturia.es\/turis\/wp-content\/uploads\/2023\/11\/botgaleria-300x140.png 300w, https:\/\/www.turismocampdeturia.es\/turis\/wp-content\/uploads\/2023\/11\/botgaleria-24x11.png 24w, https:\/\/www.turismocampdeturia.es\/turis\/wp-content\/uploads\/2023\/11\/botgaleria-48x22.png 48w, https:\/\/www.turismocampdeturia.es\/turis\/wp-content\/uploads\/2023\/11\/botgaleria-60x28.png 60w\" data-sizes=\"(max-width: 566px) 100vw, 566px\" src=\"data:image\/svg+xml;base64,PHN2ZyB3aWR0aD0iMSIgaGVpZ2h0PSIxIiB4bWxucz0iaHR0cDovL3d3dy53My5vcmcvMjAwMC9zdmciPjwvc3ZnPg==\" \/><\/figure>\n<\/div>\n\n\n\n<div class=\"wp-block-column is-layout-flow wp-block-column-is-layout-flow\">\n<figure class=\"wp-block-image size-full is-resized wp-duotone-dark-grayscale\"><img decoding=\"async\" width=\"275\" height=\"138\" data-src=\"https:\/\/www.turismocampdeturia.es\/turis\/wp-content\/uploads\/2024\/11\/logo-video.png\" alt=\"\" class=\"wp-image-7743 lazyload\" style=\"--smush-placeholder-width: 275px; --smush-placeholder-aspect-ratio: 275\/138;width:auto;height:80px\" data-srcset=\"https:\/\/www.turismocampdeturia.es\/turis\/wp-content\/uploads\/2024\/11\/logo-video.png 275w, https:\/\/www.turismocampdeturia.es\/turis\/wp-content\/uploads\/2024\/11\/logo-video-24x12.png 24w, https:\/\/www.turismocampdeturia.es\/turis\/wp-content\/uploads\/2024\/11\/logo-video-48x24.png 48w, https:\/\/www.turismocampdeturia.es\/turis\/wp-content\/uploads\/2024\/11\/logo-video-60x30.png 60w\" data-sizes=\"(max-width: 275px) 100vw, 275px\" src=\"data:image\/svg+xml;base64,PHN2ZyB3aWR0aD0iMSIgaGVpZ2h0PSIxIiB4bWxucz0iaHR0cDovL3d3dy53My5vcmcvMjAwMC9zdmciPjwvc3ZnPg==\" \/><\/figure>\n<\/div>\n\n\n\n<div class=\"wp-block-column is-layout-flow wp-block-column-is-layout-flow\">\n<figure class=\"wp-block-image size-full is-resized\"><a href=\"#horario\"><img decoding=\"async\" width=\"342\" height=\"139\" data-src=\"https:\/\/www.turismocampdeturia.es\/turis\/wp-content\/uploads\/2024\/11\/contacto.png\" alt=\"\" class=\"wp-image-7744 lazyload\" style=\"--smush-placeholder-width: 342px; --smush-placeholder-aspect-ratio: 342\/139;width:auto;height:80px\" data-srcset=\"https:\/\/www.turismocampdeturia.es\/turis\/wp-content\/uploads\/2024\/11\/contacto.png 342w, https:\/\/www.turismocampdeturia.es\/turis\/wp-content\/uploads\/2024\/11\/contacto-300x122.png 300w, https:\/\/www.turismocampdeturia.es\/turis\/wp-content\/uploads\/2024\/11\/contacto-24x10.png 24w, https:\/\/www.turismocampdeturia.es\/turis\/wp-content\/uploads\/2024\/11\/contacto-48x20.png 48w, https:\/\/www.turismocampdeturia.es\/turis\/wp-content\/uploads\/2024\/11\/contacto-60x24.png 60w\" data-sizes=\"(max-width: 342px) 100vw, 342px\" src=\"data:image\/svg+xml;base64,PHN2ZyB3aWR0aD0iMSIgaGVpZ2h0PSIxIiB4bWxucz0iaHR0cDovL3d3dy53My5vcmcvMjAwMC9zdmciPjwvc3ZnPg==\" \/><\/a><\/figure>\n<\/div>\n\n\n\n<div class=\"wp-block-column is-layout-flow wp-block-column-is-layout-flow\">\n<figure class=\"wp-block-image size-full is-resized wp-duotone-dark-grayscale\"><a href=\"#mapa\"><img decoding=\"async\" width=\"788\" height=\"284\" data-src=\"https:\/\/www.turismocampdeturia.es\/turis\/wp-content\/uploads\/2023\/11\/botcomollegar.png\" alt=\"\" class=\"wp-image-186 lazyload\" style=\"--smush-placeholder-width: 788px; --smush-placeholder-aspect-ratio: 788\/284;width:auto;height:80px\" data-srcset=\"https:\/\/www.turismocampdeturia.es\/turis\/wp-content\/uploads\/2023\/11\/botcomollegar.png 788w, https:\/\/www.turismocampdeturia.es\/turis\/wp-content\/uploads\/2023\/11\/botcomollegar-300x108.png 300w, https:\/\/www.turismocampdeturia.es\/turis\/wp-content\/uploads\/2023\/11\/botcomollegar-768x277.png 768w, https:\/\/www.turismocampdeturia.es\/turis\/wp-content\/uploads\/2023\/11\/botcomollegar-24x9.png 24w, https:\/\/www.turismocampdeturia.es\/turis\/wp-content\/uploads\/2023\/11\/botcomollegar-48x17.png 48w, https:\/\/www.turismocampdeturia.es\/turis\/wp-content\/uploads\/2023\/11\/botcomollegar-60x22.png 60w\" data-sizes=\"(max-width: 788px) 100vw, 788px\" src=\"data:image\/svg+xml;base64,PHN2ZyB3aWR0aD0iMSIgaGVpZ2h0PSIxIiB4bWxucz0iaHR0cDovL3d3dy53My5vcmcvMjAwMC9zdmciPjwvc3ZnPg==\" \/><\/a><\/figure>\n<\/div>\n<\/div>\n<\/div><\/div>\n\n\n\n<div style=\"height:36px\" aria-hidden=\"true\" class=\"wp-block-spacer\"><\/div>\n\n\n\n<figure class=\"wp-block-gallery has-nested-images columns-4 is-cropped wp-block-gallery-1 is-layout-flex wp-block-gallery-is-layout-flex\">\n<figure class=\"wp-block-image size-large\"><a href=\"https:\/\/www.turismocampdeturia.es\/turis\/wp-content\/uploads\/2024\/11\/ExpF092.jpg\"><img decoding=\"async\" width=\"683\" height=\"1024\" data-id=\"7553\" data-src=\"https:\/\/www.turismocampdeturia.es\/turis\/wp-content\/uploads\/2024\/11\/ExpF092-683x1024.jpg\" alt=\"\" class=\"wp-image-7553 lazyload\" data-srcset=\"https:\/\/www.turismocampdeturia.es\/turis\/wp-content\/uploads\/2024\/11\/ExpF092-683x1024.jpg 683w, https:\/\/www.turismocampdeturia.es\/turis\/wp-content\/uploads\/2024\/11\/ExpF092-200x300.jpg 200w, https:\/\/www.turismocampdeturia.es\/turis\/wp-content\/uploads\/2024\/11\/ExpF092-768x1152.jpg 768w, https:\/\/www.turismocampdeturia.es\/turis\/wp-content\/uploads\/2024\/11\/ExpF092-1024x1536.jpg 1024w, https:\/\/www.turismocampdeturia.es\/turis\/wp-content\/uploads\/2024\/11\/ExpF092-16x24.jpg 16w, https:\/\/www.turismocampdeturia.es\/turis\/wp-content\/uploads\/2024\/11\/ExpF092-32x48.jpg 32w, https:\/\/www.turismocampdeturia.es\/turis\/wp-content\/uploads\/2024\/11\/ExpF092-40x60.jpg 40w, https:\/\/www.turismocampdeturia.es\/turis\/wp-content\/uploads\/2024\/11\/ExpF092.jpg 1280w\" data-sizes=\"(max-width: 683px) 100vw, 683px\" src=\"data:image\/svg+xml;base64,PHN2ZyB3aWR0aD0iMSIgaGVpZ2h0PSIxIiB4bWxucz0iaHR0cDovL3d3dy53My5vcmcvMjAwMC9zdmciPjwvc3ZnPg==\" style=\"--smush-placeholder-width: 683px; --smush-placeholder-aspect-ratio: 683\/1024;\" \/><\/a><\/figure>\n\n\n\n<figure class=\"wp-block-image size-large\"><a href=\"https:\/\/www.turismocampdeturia.es\/turis\/wp-content\/uploads\/2024\/11\/ExpF091.jpg\"><img decoding=\"async\" width=\"553\" height=\"1024\" data-id=\"7552\" data-src=\"https:\/\/www.turismocampdeturia.es\/turis\/wp-content\/uploads\/2024\/11\/ExpF091-553x1024.jpg\" alt=\"\" class=\"wp-image-7552 lazyload\" data-srcset=\"https:\/\/www.turismocampdeturia.es\/turis\/wp-content\/uploads\/2024\/11\/ExpF091-553x1024.jpg 553w, https:\/\/www.turismocampdeturia.es\/turis\/wp-content\/uploads\/2024\/11\/ExpF091-162x300.jpg 162w, https:\/\/www.turismocampdeturia.es\/turis\/wp-content\/uploads\/2024\/11\/ExpF091-768x1422.jpg 768w, https:\/\/www.turismocampdeturia.es\/turis\/wp-content\/uploads\/2024\/11\/ExpF091-830x1536.jpg 830w, https:\/\/www.turismocampdeturia.es\/turis\/wp-content\/uploads\/2024\/11\/ExpF091-13x24.jpg 13w, https:\/\/www.turismocampdeturia.es\/turis\/wp-content\/uploads\/2024\/11\/ExpF091-26x48.jpg 26w, https:\/\/www.turismocampdeturia.es\/turis\/wp-content\/uploads\/2024\/11\/ExpF091-32x60.jpg 32w, https:\/\/www.turismocampdeturia.es\/turis\/wp-content\/uploads\/2024\/11\/ExpF091.jpg 1037w\" data-sizes=\"(max-width: 553px) 100vw, 553px\" src=\"data:image\/svg+xml;base64,PHN2ZyB3aWR0aD0iMSIgaGVpZ2h0PSIxIiB4bWxucz0iaHR0cDovL3d3dy53My5vcmcvMjAwMC9zdmciPjwvc3ZnPg==\" style=\"--smush-placeholder-width: 553px; --smush-placeholder-aspect-ratio: 553\/1024;\" \/><\/a><\/figure>\n\n\n\n<figure class=\"wp-block-image size-large\"><a href=\"https:\/\/www.turismocampdeturia.es\/turis\/wp-content\/uploads\/2024\/11\/ExpF093.jpg\"><img decoding=\"async\" width=\"1568\" height=\"1024\" data-id=\"7551\" data-src=\"https:\/\/www.turismocampdeturia.es\/turis\/wp-content\/uploads\/2024\/11\/ExpF093-1568x1024.jpg\" alt=\"\" class=\"wp-image-7551 lazyload\" data-srcset=\"https:\/\/www.turismocampdeturia.es\/turis\/wp-content\/uploads\/2024\/11\/ExpF093-1568x1024.jpg 1568w, https:\/\/www.turismocampdeturia.es\/turis\/wp-content\/uploads\/2024\/11\/ExpF093-300x196.jpg 300w, https:\/\/www.turismocampdeturia.es\/turis\/wp-content\/uploads\/2024\/11\/ExpF093-768x502.jpg 768w, https:\/\/www.turismocampdeturia.es\/turis\/wp-content\/uploads\/2024\/11\/ExpF093-1536x1003.jpg 1536w, https:\/\/www.turismocampdeturia.es\/turis\/wp-content\/uploads\/2024\/11\/ExpF093-24x16.jpg 24w, https:\/\/www.turismocampdeturia.es\/turis\/wp-content\/uploads\/2024\/11\/ExpF093-48x31.jpg 48w, https:\/\/www.turismocampdeturia.es\/turis\/wp-content\/uploads\/2024\/11\/ExpF093-60x39.jpg 60w, https:\/\/www.turismocampdeturia.es\/turis\/wp-content\/uploads\/2024\/11\/ExpF093.jpg 1920w\" data-sizes=\"(max-width: 1568px) 100vw, 1568px\" src=\"data:image\/svg+xml;base64,PHN2ZyB3aWR0aD0iMSIgaGVpZ2h0PSIxIiB4bWxucz0iaHR0cDovL3d3dy53My5vcmcvMjAwMC9zdmciPjwvc3ZnPg==\" style=\"--smush-placeholder-width: 1568px; --smush-placeholder-aspect-ratio: 1568\/1024;\" \/><\/a><\/figure>\n<\/figure>\n\n\n\n<div style=\"height:57px\" aria-hidden=\"true\" class=\"wp-block-spacer\"><\/div>\n\n\n\n<div class=\"wp-block-cover\" style=\"min-height:272px;aspect-ratio:unset;\"><span aria-hidden=\"true\" class=\"wp-block-cover__background has-background-dim-100 has-background-dim\" style=\"background-color:#014441\"><\/span><div class=\"wp-block-cover__inner-container is-layout-constrained wp-block-cover-is-layout-constrained\">\n<div class=\"wp-block-columns is-layout-flex wp-container-core-columns-is-layout-9d6595d7 wp-block-columns-is-layout-flex\">\n<div class=\"wp-block-column is-layout-flow wp-block-column-is-layout-flow\">\n<h2 class=\"wp-block-heading has-text-align-left\" id=\"horario\">Contacto<\/h2>\n\n\n\n<p>Gorgo Aventuras &#8211; Casa Rural El Gorgo<\/p>\n\n\n\n<p class=\"has-text-align-left has-white-color has-text-color has-link-color wp-elements-0e334a23999c294a6fb34c10ce7aa0af\"><a href=\"tel:678422016\">678 42 20 16<\/a><\/p>\n\n\n\n<p class=\"has-white-color has-text-color has-link-color wp-elements-4d130ad904f62f613aef55c2ee2b1943\"><a href=\"http:\/\/www.gorgoaventuras.com\">www.gorgoaventuras.com<\/a><br><a href=\"mailto:javier@gorgoaventuras.com\">javier@gorgoaventuras.com<\/a><\/p>\n<\/div>\n<\/div>\n<\/div><\/div>\n\n\n\n<div style=\"height:53px\" aria-hidden=\"true\" class=\"wp-block-spacer\"><\/div>\n\n\n\n<div style=\"height:35px\" aria-hidden=\"true\" class=\"wp-block-spacer\"><\/div>\n\n\n\n<div class=\"wp-block-columns is-layout-flex wp-container-core-columns-is-layout-9d6595d7 wp-block-columns-is-layout-flex\">\n<div class=\"wp-block-column is-layout-flow wp-block-column-is-layout-flow\">\n<figure class=\"wp-block-image size-full is-resized\"><img decoding=\"async\" width=\"800\" height=\"600\" data-src=\"https:\/\/www.turismocampdeturia.es\/turis\/wp-content\/uploads\/2023\/11\/logomini.png\" alt=\"\" class=\"wp-image-27 lazyload\" style=\"--smush-placeholder-width: 800px; --smush-placeholder-aspect-ratio: 800\/600;width:220px\" data-srcset=\"https:\/\/www.turismocampdeturia.es\/turis\/wp-content\/uploads\/2023\/11\/logomini.png 800w, https:\/\/www.turismocampdeturia.es\/turis\/wp-content\/uploads\/2023\/11\/logomini-300x225.png 300w, https:\/\/www.turismocampdeturia.es\/turis\/wp-content\/uploads\/2023\/11\/logomini-768x576.png 768w, https:\/\/www.turismocampdeturia.es\/turis\/wp-content\/uploads\/2023\/11\/logomini-24x18.png 24w, https:\/\/www.turismocampdeturia.es\/turis\/wp-content\/uploads\/2023\/11\/logomini-48x36.png 48w, https:\/\/www.turismocampdeturia.es\/turis\/wp-content\/uploads\/2023\/11\/logomini-60x45.png 60w\" data-sizes=\"(max-width: 800px) 100vw, 800px\" src=\"data:image\/svg+xml;base64,PHN2ZyB3aWR0aD0iMSIgaGVpZ2h0PSIxIiB4bWxucz0iaHR0cDovL3d3dy53My5vcmcvMjAwMC9zdmciPjwvc3ZnPg==\" \/><\/figure>\n<\/div>\n\n\n\n<div class=\"wp-block-column is-layout-flow wp-block-column-is-layout-flow\"><\/div>\n\n\n\n<div class=\"wp-block-column is-layout-flow wp-block-column-is-layout-flow\"><\/div>\n<\/div>\n","protected":false},"excerpt":{"rendered":"<p>Escapada aventura rural Desde Gorgo aventuras ofrecemos un fin de semana en la casa rural El Gorgo con una aventura de r\u00e1pel.S\u00e1bado de senderismo para reconocer la zona donde nos ubicamos, con<a class=\"moretag\" href=\"https:\/\/www.turismocampdeturia.es\/turis\/experiencias\/escapada\/\">Leer m\u00e1s&#8230;<\/a><\/p>\n","protected":false},"author":1,"featured_media":0,"parent":5561,"menu_order":0,"comment_status":"closed","ping_status":"closed","template":"","meta":{"footnotes":""},"class_list":["post-7782","page","type-page","status-publish","hentry"],"_links":{"self":[{"href":"https:\/\/www.turismocampdeturia.es\/turis\/wp-json\/wp\/v2\/pages\/7782","targetHints":{"allow":["GET"]}}],"collection":[{"href":"https:\/\/www.turismocampdeturia.es\/turis\/wp-json\/wp\/v2\/pages"}],"about":[{"href":"https:\/\/www.turismocampdeturia.es\/turis\/wp-json\/wp\/v2\/types\/page"}],"author":[{"embeddable":true,"href":"https:\/\/www.turismocampdeturia.es\/turis\/wp-json\/wp\/v2\/users\/1"}],"replies":[{"embeddable":true,"href":"https:\/\/www.turismocampdeturia.es\/turis\/wp-json\/wp\/v2\/comments?post=7782"}],"version-history":[{"count":3,"href":"https:\/\/www.turismocampdeturia.es\/turis\/wp-json\/wp\/v2\/pages\/7782\/revisions"}],"predecessor-version":[{"id":8240,"href":"https:\/\/www.turismocampdeturia.es\/turis\/wp-json\/wp\/v2\/pages\/7782\/revisions\/8240"}],"up":[{"embeddable":true,"href":"https:\/\/www.turismocampdeturia.es\/turis\/wp-json\/wp\/v2\/pages\/5561"}],"wp:attachment":[{"href":"https:\/\/www.turismocampdeturia.es\/turis\/wp-json\/wp\/v2\/media?parent=7782"}],"curies":[{"name":"wp","href":"https:\/\/api.w.org\/{rel}","templated":true}]}}