{"id":8006,"date":"2024-12-04T14:58:48","date_gmt":"2024-12-04T13:58:48","guid":{"rendered":"https:\/\/www.turismocampdeturia.es\/turis\/?page_id=8006"},"modified":"2024-12-05T01:26:15","modified_gmt":"2024-12-05T00:26:15","slug":"barranquismo-birdwatching","status":"publish","type":"page","link":"https:\/\/www.turismocampdeturia.es\/turis\/experiencias\/barranquismo-birdwatching\/","title":{"rendered":"74Barranquismo y birdwatching"},"content":{"rendered":"\n<figure class=\"wp-block-image alignfull size-full\"><img decoding=\"async\" width=\"1920\" height=\"817\" data-src=\"https:\/\/www.turismocampdeturia.es\/turis\/wp-content\/uploads\/2024\/12\/Exp74H.jpg\" alt=\"\" class=\"wp-image-7931 lazyload\" data-srcset=\"https:\/\/www.turismocampdeturia.es\/turis\/wp-content\/uploads\/2024\/12\/Exp74H.jpg 1920w, https:\/\/www.turismocampdeturia.es\/turis\/wp-content\/uploads\/2024\/12\/Exp74H-300x128.jpg 300w, https:\/\/www.turismocampdeturia.es\/turis\/wp-content\/uploads\/2024\/12\/Exp74H-768x327.jpg 768w, https:\/\/www.turismocampdeturia.es\/turis\/wp-content\/uploads\/2024\/12\/Exp74H-1536x654.jpg 1536w, https:\/\/www.turismocampdeturia.es\/turis\/wp-content\/uploads\/2024\/12\/Exp74H-24x10.jpg 24w, https:\/\/www.turismocampdeturia.es\/turis\/wp-content\/uploads\/2024\/12\/Exp74H-48x20.jpg 48w, https:\/\/www.turismocampdeturia.es\/turis\/wp-content\/uploads\/2024\/12\/Exp74H-60x26.jpg 60w\" data-sizes=\"(max-width: 1920px) 100vw, 1920px\" src=\"data:image\/svg+xml;base64,PHN2ZyB3aWR0aD0iMSIgaGVpZ2h0PSIxIiB4bWxucz0iaHR0cDovL3d3dy53My5vcmcvMjAwMC9zdmciPjwvc3ZnPg==\" style=\"--smush-placeholder-width: 1920px; --smush-placeholder-aspect-ratio: 1920\/817;\" \/><\/figure>\n\n\n\n<div style=\"height:16px\" aria-hidden=\"true\" class=\"wp-block-spacer\"><\/div>\n\n\n\n<h1 class=\"wp-block-heading\" style=\"font-size:50px\"><strong>Barranquismo y birdwatching<\/strong><\/h1>\n\n\n\n<p style=\"font-size:30px\">Aprendiendo sobre la fauna y flora de Camp de T\u00faria.<\/p>\n\n\n\n<div class=\"wp-block-media-text is-stacked-on-mobile is-vertically-aligned-top has-black-color has-text-color has-link-color wp-elements-05764fd01ecea8bc26a16356a63cd8af\" style=\"grid-template-columns:45% auto\"><figure class=\"wp-block-media-text__media\"><img decoding=\"async\" width=\"786\" height=\"1024\" data-src=\"https:\/\/www.turismocampdeturia.es\/turis\/wp-content\/uploads\/2024\/12\/Exp74V-786x1024.jpg\" alt=\"\" class=\"wp-image-7929 size-full lazyload\" data-srcset=\"https:\/\/www.turismocampdeturia.es\/turis\/wp-content\/uploads\/2024\/12\/Exp74V-786x1024.jpg 786w, https:\/\/www.turismocampdeturia.es\/turis\/wp-content\/uploads\/2024\/12\/Exp74V-230x300.jpg 230w, https:\/\/www.turismocampdeturia.es\/turis\/wp-content\/uploads\/2024\/12\/Exp74V-768x1000.jpg 768w, https:\/\/www.turismocampdeturia.es\/turis\/wp-content\/uploads\/2024\/12\/Exp74V-18x24.jpg 18w, https:\/\/www.turismocampdeturia.es\/turis\/wp-content\/uploads\/2024\/12\/Exp74V-37x48.jpg 37w, https:\/\/www.turismocampdeturia.es\/turis\/wp-content\/uploads\/2024\/12\/Exp74V-46x60.jpg 46w, https:\/\/www.turismocampdeturia.es\/turis\/wp-content\/uploads\/2024\/12\/Exp74V.jpg 869w\" data-sizes=\"(max-width: 786px) 100vw, 786px\" src=\"data:image\/svg+xml;base64,PHN2ZyB3aWR0aD0iMSIgaGVpZ2h0PSIxIiB4bWxucz0iaHR0cDovL3d3dy53My5vcmcvMjAwMC9zdmciPjwvc3ZnPg==\" style=\"--smush-placeholder-width: 786px; --smush-placeholder-aspect-ratio: 786\/1024;\" \/><\/figure><div class=\"wp-block-media-text__content\">\n<p>De la mano de Gorgo Aventuras y Visit Natura os traemos una experiencia perfecta para los amantes de la naturaleza y las aves. Una escapada en la que podr\u00e9is realizar una visita guiada por la calderona, realizar una ruta de barranquismo y posteriormente disfrutar de una ruta interpretativa dirigida a los amantes del Birding a lo largo del Parque Natural del Turia- no se podr\u00e1 realizar en este parque debido a la DANA &#8211; b\u00fasqueda de itinerario alternativo.<br>Una escapada ideal para parejas y\/o grupos de amigos amantes de la flora y la fauna.<\/p>\n\n\n\n<p>Incluye<br>\u2022 2 noches de alojamiento en la casa rural El Gorgo.<br>\u2022 Actividad 1: Ruta Senderista (s\u00e1bado).<br>\u2022 Actividad 2: Aventura vertical (domingo).<br>\u2022 Gu\u00eda de monta\u00f1a y barrancos local titulado (Socio AEGM N\u00ba. 1521).<br>\u2022 Equipo espec\u00edfico de grupo o individual (arn\u00e9s, casco, cuerdas, descensor,<br>etc.)<br>\u2022 Fotograf\u00edas de recuerdo.<br>\u2022 Seguro de accidentes.<\/p>\n\n\n\n<p>La pr\u00e1ctica de las actividades estar\u00e1 sujeta a las condiciones meteorol\u00f3gicas. Para condiciones de reserva espec\u00edficas contactad con las empresas proveedoras.<\/p>\n\n\n\n<ul class=\"wp-block-list\">\n<li>Las visitas guiadas estar\u00e1n sujetas al tama\u00f1o del grupo.<\/li>\n<\/ul>\n\n\n\n<p><\/p>\n\n\n\n<p>Precio desde 208\u20ac pax (precio considerado para una experiencia de 2 pax)<\/p>\n<\/div><\/div>\n\n\n\n<div style=\"height:15px\" aria-hidden=\"true\" class=\"wp-block-spacer\"><\/div>\n\n\n\n<div class=\"wp-block-cover alignwide\" style=\"min-height:182px;aspect-ratio:unset;\"><span aria-hidden=\"true\" class=\"wp-block-cover__background has-background-dim-100 has-background-dim\" style=\"background-color:#014441\"><\/span><div class=\"wp-block-cover__inner-container is-layout-constrained wp-block-cover-is-layout-constrained\">\n<div class=\"wp-block-columns is-layout-flex wp-container-core-columns-is-layout-9d6595d7 wp-block-columns-is-layout-flex\">\n<div class=\"wp-block-column is-layout-flow wp-block-column-is-layout-flow\">\n<figure class=\"wp-block-image size-full is-resized\"><img decoding=\"async\" width=\"566\" height=\"264\" data-src=\"https:\/\/www.turismocampdeturia.es\/turis\/wp-content\/uploads\/2023\/11\/botgaleria.png\" alt=\"\" class=\"wp-image-184 lazyload\" style=\"--smush-placeholder-width: 566px; --smush-placeholder-aspect-ratio: 566\/264;width:auto;height:80px\" data-srcset=\"https:\/\/www.turismocampdeturia.es\/turis\/wp-content\/uploads\/2023\/11\/botgaleria.png 566w, https:\/\/www.turismocampdeturia.es\/turis\/wp-content\/uploads\/2023\/11\/botgaleria-300x140.png 300w, https:\/\/www.turismocampdeturia.es\/turis\/wp-content\/uploads\/2023\/11\/botgaleria-24x11.png 24w, https:\/\/www.turismocampdeturia.es\/turis\/wp-content\/uploads\/2023\/11\/botgaleria-48x22.png 48w, https:\/\/www.turismocampdeturia.es\/turis\/wp-content\/uploads\/2023\/11\/botgaleria-60x28.png 60w\" data-sizes=\"(max-width: 566px) 100vw, 566px\" src=\"data:image\/svg+xml;base64,PHN2ZyB3aWR0aD0iMSIgaGVpZ2h0PSIxIiB4bWxucz0iaHR0cDovL3d3dy53My5vcmcvMjAwMC9zdmciPjwvc3ZnPg==\" \/><\/figure>\n<\/div>\n\n\n\n<div class=\"wp-block-column is-layout-flow wp-block-column-is-layout-flow\">\n<figure class=\"wp-block-image size-full is-resized wp-duotone-dark-grayscale\"><img decoding=\"async\" width=\"275\" height=\"138\" data-src=\"https:\/\/www.turismocampdeturia.es\/turis\/wp-content\/uploads\/2024\/11\/logo-video.png\" alt=\"\" class=\"wp-image-7743 lazyload\" style=\"--smush-placeholder-width: 275px; --smush-placeholder-aspect-ratio: 275\/138;width:auto;height:80px\" data-srcset=\"https:\/\/www.turismocampdeturia.es\/turis\/wp-content\/uploads\/2024\/11\/logo-video.png 275w, https:\/\/www.turismocampdeturia.es\/turis\/wp-content\/uploads\/2024\/11\/logo-video-24x12.png 24w, https:\/\/www.turismocampdeturia.es\/turis\/wp-content\/uploads\/2024\/11\/logo-video-48x24.png 48w, https:\/\/www.turismocampdeturia.es\/turis\/wp-content\/uploads\/2024\/11\/logo-video-60x30.png 60w\" data-sizes=\"(max-width: 275px) 100vw, 275px\" src=\"data:image\/svg+xml;base64,PHN2ZyB3aWR0aD0iMSIgaGVpZ2h0PSIxIiB4bWxucz0iaHR0cDovL3d3dy53My5vcmcvMjAwMC9zdmciPjwvc3ZnPg==\" \/><\/figure>\n<\/div>\n\n\n\n<div class=\"wp-block-column is-layout-flow wp-block-column-is-layout-flow\">\n<figure class=\"wp-block-image size-full is-resized\"><a href=\"#horario\"><img decoding=\"async\" width=\"342\" height=\"139\" data-src=\"https:\/\/www.turismocampdeturia.es\/turis\/wp-content\/uploads\/2024\/11\/contacto.png\" alt=\"\" class=\"wp-image-7744 lazyload\" style=\"--smush-placeholder-width: 342px; --smush-placeholder-aspect-ratio: 342\/139;width:auto;height:80px\" data-srcset=\"https:\/\/www.turismocampdeturia.es\/turis\/wp-content\/uploads\/2024\/11\/contacto.png 342w, https:\/\/www.turismocampdeturia.es\/turis\/wp-content\/uploads\/2024\/11\/contacto-300x122.png 300w, https:\/\/www.turismocampdeturia.es\/turis\/wp-content\/uploads\/2024\/11\/contacto-24x10.png 24w, https:\/\/www.turismocampdeturia.es\/turis\/wp-content\/uploads\/2024\/11\/contacto-48x20.png 48w, https:\/\/www.turismocampdeturia.es\/turis\/wp-content\/uploads\/2024\/11\/contacto-60x24.png 60w\" data-sizes=\"(max-width: 342px) 100vw, 342px\" src=\"data:image\/svg+xml;base64,PHN2ZyB3aWR0aD0iMSIgaGVpZ2h0PSIxIiB4bWxucz0iaHR0cDovL3d3dy53My5vcmcvMjAwMC9zdmciPjwvc3ZnPg==\" \/><\/a><\/figure>\n<\/div>\n\n\n\n<div class=\"wp-block-column is-layout-flow wp-block-column-is-layout-flow\">\n<figure class=\"wp-block-image size-full is-resized wp-duotone-dark-grayscale\"><a href=\"#mapa\"><img decoding=\"async\" width=\"788\" height=\"284\" data-src=\"https:\/\/www.turismocampdeturia.es\/turis\/wp-content\/uploads\/2023\/11\/botcomollegar.png\" alt=\"\" class=\"wp-image-186 lazyload\" style=\"--smush-placeholder-width: 788px; --smush-placeholder-aspect-ratio: 788\/284;width:auto;height:80px\" data-srcset=\"https:\/\/www.turismocampdeturia.es\/turis\/wp-content\/uploads\/2023\/11\/botcomollegar.png 788w, https:\/\/www.turismocampdeturia.es\/turis\/wp-content\/uploads\/2023\/11\/botcomollegar-300x108.png 300w, https:\/\/www.turismocampdeturia.es\/turis\/wp-content\/uploads\/2023\/11\/botcomollegar-768x277.png 768w, https:\/\/www.turismocampdeturia.es\/turis\/wp-content\/uploads\/2023\/11\/botcomollegar-24x9.png 24w, https:\/\/www.turismocampdeturia.es\/turis\/wp-content\/uploads\/2023\/11\/botcomollegar-48x17.png 48w, https:\/\/www.turismocampdeturia.es\/turis\/wp-content\/uploads\/2023\/11\/botcomollegar-60x22.png 60w\" data-sizes=\"(max-width: 788px) 100vw, 788px\" src=\"data:image\/svg+xml;base64,PHN2ZyB3aWR0aD0iMSIgaGVpZ2h0PSIxIiB4bWxucz0iaHR0cDovL3d3dy53My5vcmcvMjAwMC9zdmciPjwvc3ZnPg==\" \/><\/a><\/figure>\n<\/div>\n<\/div>\n<\/div><\/div>\n\n\n\n<div style=\"height:36px\" aria-hidden=\"true\" class=\"wp-block-spacer\"><\/div>\n\n\n\n<figure class=\"wp-block-gallery has-nested-images columns-6 is-cropped wp-block-gallery-1 is-layout-flex wp-block-gallery-is-layout-flex\">\n<figure class=\"wp-block-image size-large\"><a href=\"https:\/\/www.turismocampdeturia.es\/turis\/wp-content\/uploads\/2024\/12\/ExpF746.jpg\"><img decoding=\"async\" width=\"683\" height=\"1024\" data-id=\"7937\" data-src=\"https:\/\/www.turismocampdeturia.es\/turis\/wp-content\/uploads\/2024\/12\/ExpF746-683x1024.jpg\" alt=\"\" class=\"wp-image-7937 lazyload\" data-srcset=\"https:\/\/www.turismocampdeturia.es\/turis\/wp-content\/uploads\/2024\/12\/ExpF746-683x1024.jpg 683w, https:\/\/www.turismocampdeturia.es\/turis\/wp-content\/uploads\/2024\/12\/ExpF746-200x300.jpg 200w, https:\/\/www.turismocampdeturia.es\/turis\/wp-content\/uploads\/2024\/12\/ExpF746-768x1152.jpg 768w, https:\/\/www.turismocampdeturia.es\/turis\/wp-content\/uploads\/2024\/12\/ExpF746-1024x1536.jpg 1024w, https:\/\/www.turismocampdeturia.es\/turis\/wp-content\/uploads\/2024\/12\/ExpF746-16x24.jpg 16w, https:\/\/www.turismocampdeturia.es\/turis\/wp-content\/uploads\/2024\/12\/ExpF746-32x48.jpg 32w, https:\/\/www.turismocampdeturia.es\/turis\/wp-content\/uploads\/2024\/12\/ExpF746-40x60.jpg 40w, https:\/\/www.turismocampdeturia.es\/turis\/wp-content\/uploads\/2024\/12\/ExpF746.jpg 1280w\" data-sizes=\"(max-width: 683px) 100vw, 683px\" src=\"data:image\/svg+xml;base64,PHN2ZyB3aWR0aD0iMSIgaGVpZ2h0PSIxIiB4bWxucz0iaHR0cDovL3d3dy53My5vcmcvMjAwMC9zdmciPjwvc3ZnPg==\" style=\"--smush-placeholder-width: 683px; --smush-placeholder-aspect-ratio: 683\/1024;\" \/><\/a><\/figure>\n\n\n\n<figure class=\"wp-block-image size-large\"><a href=\"https:\/\/www.turismocampdeturia.es\/turis\/wp-content\/uploads\/2024\/12\/ExpF744.jpg\"><img decoding=\"async\" width=\"1536\" height=\"1024\" data-id=\"7936\" data-src=\"https:\/\/www.turismocampdeturia.es\/turis\/wp-content\/uploads\/2024\/12\/ExpF744-1536x1024.jpg\" alt=\"\" class=\"wp-image-7936 lazyload\" data-srcset=\"https:\/\/www.turismocampdeturia.es\/turis\/wp-content\/uploads\/2024\/12\/ExpF744-1536x1024.jpg 1536w, https:\/\/www.turismocampdeturia.es\/turis\/wp-content\/uploads\/2024\/12\/ExpF744-300x200.jpg 300w, https:\/\/www.turismocampdeturia.es\/turis\/wp-content\/uploads\/2024\/12\/ExpF744-768x512.jpg 768w, https:\/\/www.turismocampdeturia.es\/turis\/wp-content\/uploads\/2024\/12\/ExpF744-24x16.jpg 24w, https:\/\/www.turismocampdeturia.es\/turis\/wp-content\/uploads\/2024\/12\/ExpF744-48x32.jpg 48w, https:\/\/www.turismocampdeturia.es\/turis\/wp-content\/uploads\/2024\/12\/ExpF744-60x40.jpg 60w, https:\/\/www.turismocampdeturia.es\/turis\/wp-content\/uploads\/2024\/12\/ExpF744.jpg 1920w\" data-sizes=\"(max-width: 1536px) 100vw, 1536px\" src=\"data:image\/svg+xml;base64,PHN2ZyB3aWR0aD0iMSIgaGVpZ2h0PSIxIiB4bWxucz0iaHR0cDovL3d3dy53My5vcmcvMjAwMC9zdmciPjwvc3ZnPg==\" style=\"--smush-placeholder-width: 1536px; --smush-placeholder-aspect-ratio: 1536\/1024;\" \/><\/a><\/figure>\n\n\n\n<figure class=\"wp-block-image size-large\"><a href=\"https:\/\/www.turismocampdeturia.es\/turis\/wp-content\/uploads\/2024\/12\/ExpF743.jpg\"><img decoding=\"async\" width=\"1530\" height=\"1024\" data-id=\"7935\" data-src=\"https:\/\/www.turismocampdeturia.es\/turis\/wp-content\/uploads\/2024\/12\/ExpF743-1530x1024.jpg\" alt=\"\" class=\"wp-image-7935 lazyload\" data-srcset=\"https:\/\/www.turismocampdeturia.es\/turis\/wp-content\/uploads\/2024\/12\/ExpF743-1530x1024.jpg 1530w, https:\/\/www.turismocampdeturia.es\/turis\/wp-content\/uploads\/2024\/12\/ExpF743-300x201.jpg 300w, https:\/\/www.turismocampdeturia.es\/turis\/wp-content\/uploads\/2024\/12\/ExpF743-768x514.jpg 768w, https:\/\/www.turismocampdeturia.es\/turis\/wp-content\/uploads\/2024\/12\/ExpF743-1536x1028.jpg 1536w, https:\/\/www.turismocampdeturia.es\/turis\/wp-content\/uploads\/2024\/12\/ExpF743-24x16.jpg 24w, https:\/\/www.turismocampdeturia.es\/turis\/wp-content\/uploads\/2024\/12\/ExpF743-48x32.jpg 48w, https:\/\/www.turismocampdeturia.es\/turis\/wp-content\/uploads\/2024\/12\/ExpF743-60x40.jpg 60w, https:\/\/www.turismocampdeturia.es\/turis\/wp-content\/uploads\/2024\/12\/ExpF743.jpg 1920w\" data-sizes=\"(max-width: 1530px) 100vw, 1530px\" src=\"data:image\/svg+xml;base64,PHN2ZyB3aWR0aD0iMSIgaGVpZ2h0PSIxIiB4bWxucz0iaHR0cDovL3d3dy53My5vcmcvMjAwMC9zdmciPjwvc3ZnPg==\" style=\"--smush-placeholder-width: 1530px; --smush-placeholder-aspect-ratio: 1530\/1024;\" \/><\/a><\/figure>\n\n\n\n<figure class=\"wp-block-image size-large\"><a href=\"https:\/\/www.turismocampdeturia.es\/turis\/wp-content\/uploads\/2024\/12\/ExpF742.jpg\"><img decoding=\"async\" width=\"683\" height=\"1024\" data-id=\"7934\" data-src=\"https:\/\/www.turismocampdeturia.es\/turis\/wp-content\/uploads\/2024\/12\/ExpF742-683x1024.jpg\" alt=\"\" class=\"wp-image-7934 lazyload\" data-srcset=\"https:\/\/www.turismocampdeturia.es\/turis\/wp-content\/uploads\/2024\/12\/ExpF742-683x1024.jpg 683w, https:\/\/www.turismocampdeturia.es\/turis\/wp-content\/uploads\/2024\/12\/ExpF742-200x300.jpg 200w, https:\/\/www.turismocampdeturia.es\/turis\/wp-content\/uploads\/2024\/12\/ExpF742-768x1152.jpg 768w, https:\/\/www.turismocampdeturia.es\/turis\/wp-content\/uploads\/2024\/12\/ExpF742-1024x1536.jpg 1024w, https:\/\/www.turismocampdeturia.es\/turis\/wp-content\/uploads\/2024\/12\/ExpF742-16x24.jpg 16w, https:\/\/www.turismocampdeturia.es\/turis\/wp-content\/uploads\/2024\/12\/ExpF742-32x48.jpg 32w, https:\/\/www.turismocampdeturia.es\/turis\/wp-content\/uploads\/2024\/12\/ExpF742-40x60.jpg 40w, https:\/\/www.turismocampdeturia.es\/turis\/wp-content\/uploads\/2024\/12\/ExpF742.jpg 1280w\" data-sizes=\"(max-width: 683px) 100vw, 683px\" src=\"data:image\/svg+xml;base64,PHN2ZyB3aWR0aD0iMSIgaGVpZ2h0PSIxIiB4bWxucz0iaHR0cDovL3d3dy53My5vcmcvMjAwMC9zdmciPjwvc3ZnPg==\" style=\"--smush-placeholder-width: 683px; --smush-placeholder-aspect-ratio: 683\/1024;\" \/><\/a><\/figure>\n\n\n\n<figure class=\"wp-block-image size-large\"><a href=\"https:\/\/www.turismocampdeturia.es\/turis\/wp-content\/uploads\/2024\/12\/ExpF741.jpg\"><img decoding=\"async\" width=\"553\" height=\"1024\" data-id=\"7933\" data-src=\"https:\/\/www.turismocampdeturia.es\/turis\/wp-content\/uploads\/2024\/12\/ExpF741-553x1024.jpg\" alt=\"\" class=\"wp-image-7933 lazyload\" data-srcset=\"https:\/\/www.turismocampdeturia.es\/turis\/wp-content\/uploads\/2024\/12\/ExpF741-553x1024.jpg 553w, https:\/\/www.turismocampdeturia.es\/turis\/wp-content\/uploads\/2024\/12\/ExpF741-162x300.jpg 162w, https:\/\/www.turismocampdeturia.es\/turis\/wp-content\/uploads\/2024\/12\/ExpF741-768x1422.jpg 768w, https:\/\/www.turismocampdeturia.es\/turis\/wp-content\/uploads\/2024\/12\/ExpF741-830x1536.jpg 830w, https:\/\/www.turismocampdeturia.es\/turis\/wp-content\/uploads\/2024\/12\/ExpF741-13x24.jpg 13w, https:\/\/www.turismocampdeturia.es\/turis\/wp-content\/uploads\/2024\/12\/ExpF741-26x48.jpg 26w, https:\/\/www.turismocampdeturia.es\/turis\/wp-content\/uploads\/2024\/12\/ExpF741-32x60.jpg 32w, https:\/\/www.turismocampdeturia.es\/turis\/wp-content\/uploads\/2024\/12\/ExpF741.jpg 1037w\" data-sizes=\"(max-width: 553px) 100vw, 553px\" src=\"data:image\/svg+xml;base64,PHN2ZyB3aWR0aD0iMSIgaGVpZ2h0PSIxIiB4bWxucz0iaHR0cDovL3d3dy53My5vcmcvMjAwMC9zdmciPjwvc3ZnPg==\" style=\"--smush-placeholder-width: 553px; --smush-placeholder-aspect-ratio: 553\/1024;\" \/><\/a><\/figure>\n\n\n\n<figure class=\"wp-block-image size-large\"><a href=\"https:\/\/www.turismocampdeturia.es\/turis\/wp-content\/uploads\/2024\/12\/ExpF747.jpg\"><img decoding=\"async\" width=\"755\" height=\"1024\" data-id=\"7932\" data-src=\"https:\/\/www.turismocampdeturia.es\/turis\/wp-content\/uploads\/2024\/12\/ExpF747-755x1024.jpg\" alt=\"\" class=\"wp-image-7932 lazyload\" data-srcset=\"https:\/\/www.turismocampdeturia.es\/turis\/wp-content\/uploads\/2024\/12\/ExpF747-755x1024.jpg 755w, https:\/\/www.turismocampdeturia.es\/turis\/wp-content\/uploads\/2024\/12\/ExpF747-221x300.jpg 221w, https:\/\/www.turismocampdeturia.es\/turis\/wp-content\/uploads\/2024\/12\/ExpF747-768x1041.jpg 768w, https:\/\/www.turismocampdeturia.es\/turis\/wp-content\/uploads\/2024\/12\/ExpF747-1133x1536.jpg 1133w, https:\/\/www.turismocampdeturia.es\/turis\/wp-content\/uploads\/2024\/12\/ExpF747-18x24.jpg 18w, https:\/\/www.turismocampdeturia.es\/turis\/wp-content\/uploads\/2024\/12\/ExpF747-35x48.jpg 35w, https:\/\/www.turismocampdeturia.es\/turis\/wp-content\/uploads\/2024\/12\/ExpF747-44x60.jpg 44w, https:\/\/www.turismocampdeturia.es\/turis\/wp-content\/uploads\/2024\/12\/ExpF747.jpg 1416w\" data-sizes=\"(max-width: 755px) 100vw, 755px\" src=\"data:image\/svg+xml;base64,PHN2ZyB3aWR0aD0iMSIgaGVpZ2h0PSIxIiB4bWxucz0iaHR0cDovL3d3dy53My5vcmcvMjAwMC9zdmciPjwvc3ZnPg==\" style=\"--smush-placeholder-width: 755px; --smush-placeholder-aspect-ratio: 755\/1024;\" \/><\/a><\/figure>\n<\/figure>\n\n\n\n<div style=\"height:57px\" aria-hidden=\"true\" class=\"wp-block-spacer\"><\/div>\n\n\n\n<div class=\"wp-block-cover\" style=\"min-height:272px;aspect-ratio:unset;\"><span aria-hidden=\"true\" class=\"wp-block-cover__background has-background-dim-100 has-background-dim\" style=\"background-color:#014441\"><\/span><div class=\"wp-block-cover__inner-container is-layout-constrained wp-block-cover-is-layout-constrained\">\n<div class=\"wp-block-columns is-layout-flex wp-container-core-columns-is-layout-9d6595d7 wp-block-columns-is-layout-flex\">\n<div class=\"wp-block-column is-layout-flow wp-block-column-is-layout-flow\">\n<h2 class=\"wp-block-heading has-text-align-left\" id=\"horario\">Contacto<\/h2>\n\n\n\n<p class=\"has-white-color has-text-color has-link-color wp-elements-f918b39f55b47366a6a31c21d57e2071\">Gorgo Aventuras. <a href=\"tel:678422016\">678 42 20 16<\/a><br>Casa rural el Gorgo. <a href=\"tel:678422016\">678 42 20 16<\/a><br>Visit Natura. <a href=\"tel:635784031\">635 78 40 31<\/a><\/p>\n<\/div>\n<\/div>\n<\/div><\/div>\n\n\n\n<div style=\"height:53px\" aria-hidden=\"true\" class=\"wp-block-spacer\"><\/div>\n\n\n\n<div style=\"height:35px\" aria-hidden=\"true\" class=\"wp-block-spacer\"><\/div>\n\n\n\n<div class=\"wp-block-columns is-layout-flex wp-container-core-columns-is-layout-9d6595d7 wp-block-columns-is-layout-flex\">\n<div class=\"wp-block-column is-layout-flow wp-block-column-is-layout-flow\">\n<figure class=\"wp-block-image size-full is-resized\"><img decoding=\"async\" width=\"800\" height=\"600\" data-src=\"https:\/\/www.turismocampdeturia.es\/turis\/wp-content\/uploads\/2023\/11\/logomini.png\" alt=\"\" class=\"wp-image-27 lazyload\" style=\"--smush-placeholder-width: 800px; --smush-placeholder-aspect-ratio: 800\/600;width:220px\" data-srcset=\"https:\/\/www.turismocampdeturia.es\/turis\/wp-content\/uploads\/2023\/11\/logomini.png 800w, https:\/\/www.turismocampdeturia.es\/turis\/wp-content\/uploads\/2023\/11\/logomini-300x225.png 300w, https:\/\/www.turismocampdeturia.es\/turis\/wp-content\/uploads\/2023\/11\/logomini-768x576.png 768w, https:\/\/www.turismocampdeturia.es\/turis\/wp-content\/uploads\/2023\/11\/logomini-24x18.png 24w, https:\/\/www.turismocampdeturia.es\/turis\/wp-content\/uploads\/2023\/11\/logomini-48x36.png 48w, https:\/\/www.turismocampdeturia.es\/turis\/wp-content\/uploads\/2023\/11\/logomini-60x45.png 60w\" data-sizes=\"(max-width: 800px) 100vw, 800px\" src=\"data:image\/svg+xml;base64,PHN2ZyB3aWR0aD0iMSIgaGVpZ2h0PSIxIiB4bWxucz0iaHR0cDovL3d3dy53My5vcmcvMjAwMC9zdmciPjwvc3ZnPg==\" \/><\/figure>\n<\/div>\n\n\n\n<div class=\"wp-block-column is-layout-flow wp-block-column-is-layout-flow\"><\/div>\n\n\n\n<div class=\"wp-block-column is-layout-flow wp-block-column-is-layout-flow\"><\/div>\n<\/div>\n","protected":false},"excerpt":{"rendered":"<p>Barranquismo y birdwatching Aprendiendo sobre la fauna y flora de Camp de T\u00faria.<\/p>\n","protected":false},"author":1,"featured_media":0,"parent":5561,"menu_order":0,"comment_status":"closed","ping_status":"closed","template":"","meta":{"footnotes":""},"class_list":["post-8006","page","type-page","status-publish","hentry"],"_links":{"self":[{"href":"https:\/\/www.turismocampdeturia.es\/turis\/wp-json\/wp\/v2\/pages\/8006","targetHints":{"allow":["GET"]}}],"collection":[{"href":"https:\/\/www.turismocampdeturia.es\/turis\/wp-json\/wp\/v2\/pages"}],"about":[{"href":"https:\/\/www.turismocampdeturia.es\/turis\/wp-json\/wp\/v2\/types\/page"}],"author":[{"embeddable":true,"href":"https:\/\/www.turismocampdeturia.es\/turis\/wp-json\/wp\/v2\/users\/1"}],"replies":[{"embeddable":true,"href":"https:\/\/www.turismocampdeturia.es\/turis\/wp-json\/wp\/v2\/comments?post=8006"}],"version-history":[{"count":2,"href":"https:\/\/www.turismocampdeturia.es\/turis\/wp-json\/wp\/v2\/pages\/8006\/revisions"}],"predecessor-version":[{"id":8008,"href":"https:\/\/www.turismocampdeturia.es\/turis\/wp-json\/wp\/v2\/pages\/8006\/revisions\/8008"}],"up":[{"embeddable":true,"href":"https:\/\/www.turismocampdeturia.es\/turis\/wp-json\/wp\/v2\/pages\/5561"}],"wp:attachment":[{"href":"https:\/\/www.turismocampdeturia.es\/turis\/wp-json\/wp\/v2\/media?parent=8006"}],"curies":[{"name":"wp","href":"https:\/\/api.w.org\/{rel}","templated":true}]}}