{"id":8193,"date":"2025-03-14T23:21:57","date_gmt":"2025-03-14T22:21:57","guid":{"rendered":"https:\/\/www.turismocampdeturia.es\/turis\/?page_id=8193"},"modified":"2025-09-02T14:00:57","modified_gmt":"2025-09-02T12:00:57","slug":"captura-magia-lunar","status":"publish","type":"page","link":"https:\/\/www.turismocampdeturia.es\/turis\/experiencias\/captura-magia-lunar\/","title":{"rendered":"Captura la Magia Lunar"},"content":{"rendered":"\n<figure class=\"wp-block-image alignfull size-full\"><img decoding=\"async\" width=\"1920\" height=\"817\" data-src=\"https:\/\/www.turismocampdeturia.es\/turis\/wp-content\/uploads\/2025\/03\/Exp87H.jpg\" alt=\"\" class=\"wp-image-8271 lazyload\" data-srcset=\"https:\/\/www.turismocampdeturia.es\/turis\/wp-content\/uploads\/2025\/03\/Exp87H.jpg 1920w, https:\/\/www.turismocampdeturia.es\/turis\/wp-content\/uploads\/2025\/03\/Exp87H-300x128.jpg 300w, https:\/\/www.turismocampdeturia.es\/turis\/wp-content\/uploads\/2025\/03\/Exp87H-768x327.jpg 768w, https:\/\/www.turismocampdeturia.es\/turis\/wp-content\/uploads\/2025\/03\/Exp87H-1536x654.jpg 1536w, https:\/\/www.turismocampdeturia.es\/turis\/wp-content\/uploads\/2025\/03\/Exp87H-24x10.jpg 24w, https:\/\/www.turismocampdeturia.es\/turis\/wp-content\/uploads\/2025\/03\/Exp87H-48x20.jpg 48w, https:\/\/www.turismocampdeturia.es\/turis\/wp-content\/uploads\/2025\/03\/Exp87H-60x26.jpg 60w\" data-sizes=\"(max-width: 1920px) 100vw, 1920px\" src=\"data:image\/svg+xml;base64,PHN2ZyB3aWR0aD0iMSIgaGVpZ2h0PSIxIiB4bWxucz0iaHR0cDovL3d3dy53My5vcmcvMjAwMC9zdmciPjwvc3ZnPg==\" style=\"--smush-placeholder-width: 1920px; --smush-placeholder-aspect-ratio: 1920\/817;\" \/><\/figure>\n\n\n\n<div style=\"height:16px\" aria-hidden=\"true\" class=\"wp-block-spacer\"><\/div>\n\n\n\n<h1 class=\"wp-block-heading\" style=\"font-size:55px\"><strong>Captura la Magia Lunar<\/strong><\/h1>\n\n\n\n<p style=\"font-size:30px\">Fotograf\u00eda la Luna con tu m\u00f3vil y ll\u00e9vatela de recuerdo.<\/p>\n\n\n\n<div class=\"wp-block-media-text is-stacked-on-mobile is-vertically-aligned-top has-black-color has-text-color has-link-color wp-elements-df9795b16cee2a51569a688a3b5bd271\" style=\"grid-template-columns:45% auto\"><figure class=\"wp-block-media-text__media\"><img decoding=\"async\" width=\"786\" height=\"1024\" data-src=\"https:\/\/www.turismocampdeturia.es\/turis\/wp-content\/uploads\/2025\/03\/Exp87V-786x1024.jpg\" alt=\"\" class=\"wp-image-8272 size-full lazyload\" data-srcset=\"https:\/\/www.turismocampdeturia.es\/turis\/wp-content\/uploads\/2025\/03\/Exp87V-786x1024.jpg 786w, https:\/\/www.turismocampdeturia.es\/turis\/wp-content\/uploads\/2025\/03\/Exp87V-230x300.jpg 230w, https:\/\/www.turismocampdeturia.es\/turis\/wp-content\/uploads\/2025\/03\/Exp87V-768x1000.jpg 768w, https:\/\/www.turismocampdeturia.es\/turis\/wp-content\/uploads\/2025\/03\/Exp87V-18x24.jpg 18w, https:\/\/www.turismocampdeturia.es\/turis\/wp-content\/uploads\/2025\/03\/Exp87V-37x48.jpg 37w, https:\/\/www.turismocampdeturia.es\/turis\/wp-content\/uploads\/2025\/03\/Exp87V-46x60.jpg 46w, https:\/\/www.turismocampdeturia.es\/turis\/wp-content\/uploads\/2025\/03\/Exp87V.jpg 869w\" data-sizes=\"(max-width: 786px) 100vw, 786px\" src=\"data:image\/svg+xml;base64,PHN2ZyB3aWR0aD0iMSIgaGVpZ2h0PSIxIiB4bWxucz0iaHR0cDovL3d3dy53My5vcmcvMjAwMC9zdmciPjwvc3ZnPg==\" style=\"--smush-placeholder-width: 786px; --smush-placeholder-aspect-ratio: 786\/1024;\" \/><\/figure><div class=\"wp-block-media-text__content\">\n<p>Te invitamos a descubrir y observar la Luna en todo su esplendor. En este taller pr\u00e1ctico podr\u00e1s capturar la belleza de nuestro sat\u00e9lite natural con tu tel\u00e9fono m\u00f3vil. Aprender\u00e1s la t\u00e9cnica para obtener una impresionante fotograf\u00eda que podr\u00e1s llevarte como recuerdo de esta experiencia \u00fanica.<br>No importa si eres un experto o un principiante, con nuestra ayuda todos podr\u00e9is obtener una impresionante foto de la Luna con solo un click de vuestro smartphone.<br>Ven y descubre los secretos de nuestro sat\u00e9lite natural mientras disfrutas de una velada astron\u00f3mica llena de asombro y creatividad. \u00a1No te lo pierdas!<\/p>\n\n\n\n<p>Todo el a\u00f1o (siempre que haya Luna)<\/p>\n\n\n\n<p>Incluye<br>\u2022 Charla introductoria<br>\u2022 Instalaci\u00f3n de los telescopios.<br>\u2022 Observaci\u00f3n astron\u00f3mica de la Luna y fotograf\u00eda de la misma con los tel\u00e9fonos m\u00f3viles de los asistentes.<br>\u2022 Seguro de responsabilidad civil<\/p>\n\n\n\n<p>-3 horas de duraci\u00f3n la actividad completa incluyendo la charla.<br>-Entrada gratuita a ni\u00f1os menores de 5 a\u00f1os<br>-Actividad dirigida a todos los p\u00fablicos desde los 5 a\u00f1os.<\/p>\n\n\n\n<p>Forma de pago mediante sistemas on-line de ticketing y venta de entradas (entradium\u2026). Posibilidad de reservar hasta completar aforo. Para condiciones espec\u00edficas (retrasos, contingencias\u2026), consultar directamente con la empresa. Desde N\u00e9bula Astrol\u00fadico entendemos que nuestras actividades de observaci\u00f3n astron\u00f3mica es\u00adt\u00e1n estrechamente supeditadas a la variabilidad meteorol\u00f3gica. 24 horas antes del comienzo oficial de la actividad se decidir\u00e1 el TRASLADO a otra fecha o la CANCELACI\u00d3N de la misma anun\u00adci\u00e1ndolo por los mismos medios utilizados por el p\u00fablico para inscribirse en el evento en cuesti\u00f3n.<br>La cancelaci\u00f3n por fuerza mayor u otras causas ajenas a N\u00e9bula Astrol\u00fadico S.L. el mismo d\u00eda del evento no conllevar\u00e1 ning\u00fan re\u00adembolso.<br>Para m\u00e1s informaci\u00f3n, consultar el siguiente enlace: https:\/\/acortar.link\/e6X5uF<\/p>\n\n\n\n<p>15 \u20ac \/ pax. Grupos de 35&nbsp;a 100&nbsp;personas.<\/p>\n\n\n\n<p><\/p>\n<\/div><\/div>\n\n\n\n<div style=\"height:15px\" aria-hidden=\"true\" class=\"wp-block-spacer\"><\/div>\n\n\n\n<div class=\"wp-block-cover alignwide\" style=\"min-height:182px;aspect-ratio:unset;\"><span aria-hidden=\"true\" class=\"wp-block-cover__background has-background-dim-100 has-background-dim\" style=\"background-color:#014441\"><\/span><div class=\"wp-block-cover__inner-container is-layout-constrained wp-block-cover-is-layout-constrained\">\n<div class=\"wp-block-columns is-layout-flex wp-container-core-columns-is-layout-9d6595d7 wp-block-columns-is-layout-flex\">\n<div class=\"wp-block-column is-layout-flow wp-block-column-is-layout-flow\">\n<figure class=\"wp-block-image size-full is-resized\"><img decoding=\"async\" width=\"566\" height=\"264\" data-src=\"https:\/\/www.turismocampdeturia.es\/turis\/wp-content\/uploads\/2023\/11\/botgaleria.png\" alt=\"\" class=\"wp-image-184 lazyload\" style=\"--smush-placeholder-width: 566px; --smush-placeholder-aspect-ratio: 566\/264;width:auto;height:80px\" data-srcset=\"https:\/\/www.turismocampdeturia.es\/turis\/wp-content\/uploads\/2023\/11\/botgaleria.png 566w, https:\/\/www.turismocampdeturia.es\/turis\/wp-content\/uploads\/2023\/11\/botgaleria-300x140.png 300w, https:\/\/www.turismocampdeturia.es\/turis\/wp-content\/uploads\/2023\/11\/botgaleria-24x11.png 24w, https:\/\/www.turismocampdeturia.es\/turis\/wp-content\/uploads\/2023\/11\/botgaleria-48x22.png 48w, https:\/\/www.turismocampdeturia.es\/turis\/wp-content\/uploads\/2023\/11\/botgaleria-60x28.png 60w\" data-sizes=\"(max-width: 566px) 100vw, 566px\" src=\"data:image\/svg+xml;base64,PHN2ZyB3aWR0aD0iMSIgaGVpZ2h0PSIxIiB4bWxucz0iaHR0cDovL3d3dy53My5vcmcvMjAwMC9zdmciPjwvc3ZnPg==\" \/><\/figure>\n<\/div>\n\n\n\n<div class=\"wp-block-column is-layout-flow wp-block-column-is-layout-flow\">\n<figure class=\"wp-block-image size-full is-resized wp-duotone-dark-grayscale\"><img decoding=\"async\" width=\"275\" height=\"138\" data-src=\"https:\/\/www.turismocampdeturia.es\/turis\/wp-content\/uploads\/2024\/11\/logo-video.png\" alt=\"\" class=\"wp-image-7743 lazyload\" style=\"--smush-placeholder-width: 275px; --smush-placeholder-aspect-ratio: 275\/138;width:auto;height:80px\" data-srcset=\"https:\/\/www.turismocampdeturia.es\/turis\/wp-content\/uploads\/2024\/11\/logo-video.png 275w, https:\/\/www.turismocampdeturia.es\/turis\/wp-content\/uploads\/2024\/11\/logo-video-24x12.png 24w, https:\/\/www.turismocampdeturia.es\/turis\/wp-content\/uploads\/2024\/11\/logo-video-48x24.png 48w, https:\/\/www.turismocampdeturia.es\/turis\/wp-content\/uploads\/2024\/11\/logo-video-60x30.png 60w\" data-sizes=\"(max-width: 275px) 100vw, 275px\" src=\"data:image\/svg+xml;base64,PHN2ZyB3aWR0aD0iMSIgaGVpZ2h0PSIxIiB4bWxucz0iaHR0cDovL3d3dy53My5vcmcvMjAwMC9zdmciPjwvc3ZnPg==\" \/><\/figure>\n<\/div>\n\n\n\n<div class=\"wp-block-column is-layout-flow wp-block-column-is-layout-flow\">\n<figure class=\"wp-block-image size-full is-resized\"><a href=\"#horario\"><img decoding=\"async\" width=\"342\" height=\"139\" data-src=\"https:\/\/www.turismocampdeturia.es\/turis\/wp-content\/uploads\/2024\/11\/contacto.png\" alt=\"\" class=\"wp-image-7744 lazyload\" style=\"--smush-placeholder-width: 342px; --smush-placeholder-aspect-ratio: 342\/139;width:auto;height:80px\" data-srcset=\"https:\/\/www.turismocampdeturia.es\/turis\/wp-content\/uploads\/2024\/11\/contacto.png 342w, https:\/\/www.turismocampdeturia.es\/turis\/wp-content\/uploads\/2024\/11\/contacto-300x122.png 300w, https:\/\/www.turismocampdeturia.es\/turis\/wp-content\/uploads\/2024\/11\/contacto-24x10.png 24w, https:\/\/www.turismocampdeturia.es\/turis\/wp-content\/uploads\/2024\/11\/contacto-48x20.png 48w, https:\/\/www.turismocampdeturia.es\/turis\/wp-content\/uploads\/2024\/11\/contacto-60x24.png 60w\" data-sizes=\"(max-width: 342px) 100vw, 342px\" src=\"data:image\/svg+xml;base64,PHN2ZyB3aWR0aD0iMSIgaGVpZ2h0PSIxIiB4bWxucz0iaHR0cDovL3d3dy53My5vcmcvMjAwMC9zdmciPjwvc3ZnPg==\" \/><\/a><\/figure>\n<\/div>\n\n\n\n<div class=\"wp-block-column is-layout-flow wp-block-column-is-layout-flow\">\n<figure class=\"wp-block-image size-full is-resized wp-duotone-dark-grayscale\"><a href=\"#mapa\"><img decoding=\"async\" width=\"788\" height=\"284\" data-src=\"https:\/\/www.turismocampdeturia.es\/turis\/wp-content\/uploads\/2023\/11\/botcomollegar.png\" alt=\"\" class=\"wp-image-186 lazyload\" style=\"--smush-placeholder-width: 788px; --smush-placeholder-aspect-ratio: 788\/284;width:auto;height:80px\" data-srcset=\"https:\/\/www.turismocampdeturia.es\/turis\/wp-content\/uploads\/2023\/11\/botcomollegar.png 788w, https:\/\/www.turismocampdeturia.es\/turis\/wp-content\/uploads\/2023\/11\/botcomollegar-300x108.png 300w, https:\/\/www.turismocampdeturia.es\/turis\/wp-content\/uploads\/2023\/11\/botcomollegar-768x277.png 768w, https:\/\/www.turismocampdeturia.es\/turis\/wp-content\/uploads\/2023\/11\/botcomollegar-24x9.png 24w, https:\/\/www.turismocampdeturia.es\/turis\/wp-content\/uploads\/2023\/11\/botcomollegar-48x17.png 48w, https:\/\/www.turismocampdeturia.es\/turis\/wp-content\/uploads\/2023\/11\/botcomollegar-60x22.png 60w\" data-sizes=\"(max-width: 788px) 100vw, 788px\" src=\"data:image\/svg+xml;base64,PHN2ZyB3aWR0aD0iMSIgaGVpZ2h0PSIxIiB4bWxucz0iaHR0cDovL3d3dy53My5vcmcvMjAwMC9zdmciPjwvc3ZnPg==\" \/><\/a><\/figure>\n<\/div>\n<\/div>\n<\/div><\/div>\n\n\n\n<div style=\"height:36px\" aria-hidden=\"true\" class=\"wp-block-spacer\"><\/div>\n\n\n\n<div style=\"height:57px\" aria-hidden=\"true\" class=\"wp-block-spacer\"><\/div>\n\n\n\n<div class=\"wp-block-cover\" style=\"min-height:272px;aspect-ratio:unset;\"><span aria-hidden=\"true\" class=\"wp-block-cover__background has-background-dim-100 has-background-dim\" style=\"background-color:#014441\"><\/span><div class=\"wp-block-cover__inner-container is-layout-constrained wp-block-cover-is-layout-constrained\">\n<div class=\"wp-block-columns is-layout-flex wp-container-core-columns-is-layout-9d6595d7 wp-block-columns-is-layout-flex\">\n<div class=\"wp-block-column is-layout-flow wp-block-column-is-layout-flow\">\n<h2 class=\"wp-block-heading has-text-align-left\" id=\"horario\">Contacto<\/h2>\n\n\n\n<p class=\"has-text-align-left has-white-color has-text-color has-link-color wp-elements-be77a2785acd66f68414b697fa2a630d\"><br>N\u00e9bula Astrol\u00fadico<br><a href=\"tel:600656787\">600 65 67 87<\/a><br><a href=\"http:\/\/www.nebulaastroludico.es\">www.nebulaastroludico.es<\/a><br><a href=\"mailto:info@nebula-astroludico.es\">info@nebula-astroludico.es<\/a><\/p>\n<\/div>\n<\/div>\n<\/div><\/div>\n\n\n\n<div style=\"height:53px\" aria-hidden=\"true\" class=\"wp-block-spacer\"><\/div>\n\n\n\n<div style=\"height:35px\" aria-hidden=\"true\" class=\"wp-block-spacer\"><\/div>\n\n\n\n<div class=\"wp-block-columns is-layout-flex wp-container-core-columns-is-layout-9d6595d7 wp-block-columns-is-layout-flex\">\n<div class=\"wp-block-column is-layout-flow wp-block-column-is-layout-flow\">\n<figure class=\"wp-block-image size-full is-resized\"><img decoding=\"async\" width=\"800\" height=\"600\" data-src=\"https:\/\/www.turismocampdeturia.es\/turis\/wp-content\/uploads\/2023\/11\/logomini.png\" alt=\"\" class=\"wp-image-27 lazyload\" style=\"--smush-placeholder-width: 800px; --smush-placeholder-aspect-ratio: 800\/600;width:220px\" data-srcset=\"https:\/\/www.turismocampdeturia.es\/turis\/wp-content\/uploads\/2023\/11\/logomini.png 800w, https:\/\/www.turismocampdeturia.es\/turis\/wp-content\/uploads\/2023\/11\/logomini-300x225.png 300w, https:\/\/www.turismocampdeturia.es\/turis\/wp-content\/uploads\/2023\/11\/logomini-768x576.png 768w, https:\/\/www.turismocampdeturia.es\/turis\/wp-content\/uploads\/2023\/11\/logomini-24x18.png 24w, https:\/\/www.turismocampdeturia.es\/turis\/wp-content\/uploads\/2023\/11\/logomini-48x36.png 48w, https:\/\/www.turismocampdeturia.es\/turis\/wp-content\/uploads\/2023\/11\/logomini-60x45.png 60w\" data-sizes=\"(max-width: 800px) 100vw, 800px\" src=\"data:image\/svg+xml;base64,PHN2ZyB3aWR0aD0iMSIgaGVpZ2h0PSIxIiB4bWxucz0iaHR0cDovL3d3dy53My5vcmcvMjAwMC9zdmciPjwvc3ZnPg==\" \/><\/figure>\n<\/div>\n\n\n\n<div class=\"wp-block-column is-layout-flow wp-block-column-is-layout-flow\"><\/div>\n\n\n\n<div class=\"wp-block-column is-layout-flow wp-block-column-is-layout-flow\"><\/div>\n<\/div>\n","protected":false},"excerpt":{"rendered":"<p>Captura la Magia Lunar Fotograf\u00eda la Luna con tu m\u00f3vil y ll\u00e9vatela de recuerdo. Te invitamos a descubrir y observar la Luna en todo su esplendor. En este taller pr\u00e1ctico podr\u00e1s capturar<a class=\"moretag\" href=\"https:\/\/www.turismocampdeturia.es\/turis\/experiencias\/captura-magia-lunar\/\">Leer m\u00e1s&#8230;<\/a><\/p>\n","protected":false},"author":1,"featured_media":0,"parent":5561,"menu_order":0,"comment_status":"closed","ping_status":"closed","template":"","meta":{"footnotes":""},"class_list":["post-8193","page","type-page","status-publish","hentry"],"_links":{"self":[{"href":"https:\/\/www.turismocampdeturia.es\/turis\/wp-json\/wp\/v2\/pages\/8193","targetHints":{"allow":["GET"]}}],"collection":[{"href":"https:\/\/www.turismocampdeturia.es\/turis\/wp-json\/wp\/v2\/pages"}],"about":[{"href":"https:\/\/www.turismocampdeturia.es\/turis\/wp-json\/wp\/v2\/types\/page"}],"author":[{"embeddable":true,"href":"https:\/\/www.turismocampdeturia.es\/turis\/wp-json\/wp\/v2\/users\/1"}],"replies":[{"embeddable":true,"href":"https:\/\/www.turismocampdeturia.es\/turis\/wp-json\/wp\/v2\/comments?post=8193"}],"version-history":[{"count":4,"href":"https:\/\/www.turismocampdeturia.es\/turis\/wp-json\/wp\/v2\/pages\/8193\/revisions"}],"predecessor-version":[{"id":8420,"href":"https:\/\/www.turismocampdeturia.es\/turis\/wp-json\/wp\/v2\/pages\/8193\/revisions\/8420"}],"up":[{"embeddable":true,"href":"https:\/\/www.turismocampdeturia.es\/turis\/wp-json\/wp\/v2\/pages\/5561"}],"wp:attachment":[{"href":"https:\/\/www.turismocampdeturia.es\/turis\/wp-json\/wp\/v2\/media?parent=8193"}],"curies":[{"name":"wp","href":"https:\/\/api.w.org\/{rel}","templated":true}]}}